{"id":2639,"date":"2026-01-20T18:39:28","date_gmt":"2026-01-20T18:39:28","guid":{"rendered":"https:\/\/sakaimaquinariasltda.cl\/?post_type=product&#038;p=2639"},"modified":"2026-02-18T19:10:06","modified_gmt":"2026-02-18T19:10:06","slug":"tractor-yanmar-f-175","status":"publish","type":"product","link":"https:\/\/sakaimaquinariasltda.cl\/index.php\/producto\/tractor-yanmar-f-175\/","title":{"rendered":"VENDIDO TRACTOR YANMAR F-175"},"content":{"rendered":"<p>HACEMOS ENVIOS A TODO CHILE;PER\u00da, BOLIVIA Y PARAGUAY.<br \/>\nCONTACTENOS AL:<\/p>\n<p>+569 6213 4782<\/p>\n<p>+569 3228 6609<\/p>\n<p>+569 9385 9507<\/p>\n<p>Y EN NUESTRAS REDES SOCIALES:<\/p>\n<p>FACEBOOK- INSTAGRAM \u2013 TIKTOK<\/p>\n<p>COMO: SAKAI MAQUINARIAS LTDA<\/p>\n<p>Correo electr\u00f3nico: sakaimaquinarias@gmail.com<\/p>\n","protected":false},"excerpt":{"rendered":"<ul class=\"KsbFXc U6u95\" data-processed=\"true\">\n<li data-hveid=\"CAMQAA\" data-processed=\"true\"><span class=\"T286Pc\" data-sfc-cp=\"\" data-processed=\"true\"><strong class=\"Yjhzub\" data-processed=\"true\">Motor:<\/strong>\u00a0Yanmar de 3 cilindros, refrigeraci\u00f3n l\u00edquida.<\/span><\/li>\n<li data-hveid=\"CAMQAQ\" data-processed=\"true\"><span class=\"T286Pc\" data-sfc-cp=\"\" data-processed=\"true\"><strong class=\"Yjhzub\" data-processed=\"true\">Potencia:<\/strong>\u00a0Alrededor de 22-24 CV (caballos de fuerza).<\/span><\/li>\n<li data-hveid=\"CAMQAg\" data-processed=\"true\"><span class=\"T286Pc\" data-sfc-cp=\"\" data-processed=\"true\"><strong class=\"Yjhzub\" data-processed=\"true\">Tracci\u00f3n:<\/strong>\u00a04&#215;4 (doble tracci\u00f3n).<\/span><\/li>\n<li data-hveid=\"CAMQAw\" data-processed=\"true\"><span class=\"T286Pc\" data-sfc-cp=\"\" data-processed=\"true\"><strong class=\"Yjhzub\" data-processed=\"true\">Transmisi\u00f3n:<\/strong>\u00a0Mec\u00e1nica, con varias opciones de marchas (ej. 6-12 velocidades).<\/span><\/li>\n<li data-hveid=\"CAMQBA\" data-processed=\"true\"><span class=\"T286Pc\" data-sfc-cp=\"\" data-processed=\"true\"><strong class=\"Yjhzub\" data-processed=\"true\">Toma de Fuerza (PTO):<\/strong>\u00a020 HP (15 kW).<\/span><\/li>\n<li data-hveid=\"CAMQBQ\" data-processed=\"true\"><span class=\"T286Pc\" data-sfc-cp=\"\" data-processed=\"true\"><strong class=\"Yjhzub\" data-processed=\"true\">Uso Principal:<\/strong>\u00a0Mantenimiento de fincas, explotaciones frutales, parcelas peque\u00f1as.<\/span><\/li>\n<li data-hveid=\"CAMQBg\" data-processed=\"true\"><span class=\"T286Pc\" data-sfc-cp=\"\" data-processed=\"true\"><strong class=\"Yjhzub\" data-processed=\"true\">Caracter\u00edsticas Adicionales:<\/strong>\u00a0Acelerador manual, brazos universales, a menudo incluye rotavator.<\/span><span class=\"uJ19be notranslate\" data-wiz-uids=\"M1OdUd_18\" data-processed=\"true\"><span class=\"vKEkVd\" data-animation-atomic=\"\" data-wiz-attrbind=\"class=M1OdUd_17\/TKHnVd\" data-processed=\"true\">\u00a0<button class=\"rBl3me\" tabindex=\"0\" data-amic=\"true\" data-icl-uuid=\"6b826eea-6caf-4af9-a117-e2ff065509c9\" aria-label=\"Ver v\u00ednculos relacionados\" data-wiz-attrbind=\"disabled=M1OdUd_17\/C5gNJc;aria-label=M1OdUd_17\/bOjMyf;class=M1OdUd_17\/UpSNec\" data-ved=\"2ahUKEwiKuo_74ZqSAxVzqZUCHRsHKE8Qye0OegQIAxAH\" data-processed=\"true\"><\/button><\/span><\/span><\/li>\n<\/ul>\n<div class=\"Y3BBE\" data-sfc-cp=\"\" data-hveid=\"CAQQAA\" data-processed=\"true\"><strong class=\"Yjhzub\" data-processed=\"true\">Caracter\u00edsticas Destacadas:<\/strong><button class=\"rBl3me\" tabindex=\"0\" data-amic=\"true\" data-icl-uuid=\"67c93fac-bcfc-412a-a274-4ef731f987d4\" aria-label=\"Ver v\u00ednculos relacionados\" data-wiz-attrbind=\"disabled=M1OdUd_1g\/C5gNJc;aria-label=M1OdUd_1g\/bOjMyf;class=M1OdUd_1g\/UpSNec\" data-ved=\"2ahUKEwiKuo_74ZqSAxVzqZUCHRsHKE8Qye0OegQIBBAB\" data-processed=\"true\"><\/button><\/div>\n<ul class=\"KsbFXc U6u95\" data-processed=\"true\">\n<li data-hveid=\"CAUQAA\" data-processed=\"true\"><span class=\"T286Pc\" data-sfc-cp=\"\" data-processed=\"true\"><strong class=\"Yjhzub\" data-processed=\"true\">Compacto y Potente:<\/strong>\u00a0Ofrece una buena relaci\u00f3n potencia-tama\u00f1o para trabajos exigentes en \u00e1reas reducidas.<\/span><\/li>\n<li data-hveid=\"CAUQAQ\" data-processed=\"true\"><span class=\"T286Pc\" data-sfc-cp=\"\" data-processed=\"true\"><strong class=\"Yjhzub\" data-processed=\"true\">Maniobrable:<\/strong>\u00a0Ideal para maniobrar entre cultivos o \u00e1rboles.<\/span><\/li>\n<\/ul>\n","protected":false},"featured_media":2514,"template":"","meta":[],"product_brand":[],"product_cat":[16],"product_tag":[],"class_list":{"0":"post-2639","1":"product","2":"type-product","3":"status-publish","4":"has-post-thumbnail","6":"product_cat-tractores","8":"first","9":"instock","10":"shipping-taxable","11":"product-type-simple"},"yoast_head":"<!-- This site is optimized with the Yoast SEO plugin v25.1 - https:\/\/yoast.com\/wordpress\/plugins\/seo\/ -->\n<title>VENDIDO TRACTOR YANMAR F-175 - Import. Export. Sakai Maquinarias Ltda<\/title>\n<meta name=\"robots\" content=\"index, follow, max-snippet:-1, max-image-preview:large, max-video-preview:-1\" \/>\n<link rel=\"canonical\" href=\"https:\/\/sakaimaquinariasltda.cl\/index.php\/producto\/tractor-yanmar-f-175\/\" \/>\n<meta property=\"og:locale\" content=\"es_ES\" \/>\n<meta property=\"og:type\" content=\"article\" \/>\n<meta property=\"og:title\" content=\"VENDIDO TRACTOR YANMAR F-175 - Import. Export. Sakai Maquinarias Ltda\" \/>\n<meta property=\"og:description\" content=\"Motor:\u00a0Yanmar de 3 cilindros, refrigeraci\u00f3n l\u00edquida.  Potencia:\u00a0Alrededor de 22-24 CV (caballos de fuerza).  Tracci\u00f3n:\u00a04x4 (doble tracci\u00f3n).  Transmisi\u00f3n:\u00a0Mec\u00e1nica, con varias opciones de marchas (ej. 6-12 velocidades).  Toma de Fuerza (PTO):\u00a020 HP (15 kW).  Uso Principal:\u00a0Mantenimiento de fincas, explotaciones frutales, parcelas peque\u00f1as.  Caracter\u00edsticas Adicionales:\u00a0Acelerador manual, brazos universales, a menudo incluye rotavator.\u00a0  Caracter\u00edsticas Destacadas:   Compacto y Potente:\u00a0Ofrece una buena relaci\u00f3n potencia-tama\u00f1o para trabajos exigentes en \u00e1reas reducidas.  Maniobrable:\u00a0Ideal para maniobrar entre cultivos o \u00e1rboles.\" \/>\n<meta property=\"og:url\" content=\"https:\/\/sakaimaquinariasltda.cl\/index.php\/producto\/tractor-yanmar-f-175\/\" \/>\n<meta property=\"og:site_name\" content=\"Import. Export. Sakai Maquinarias Ltda\" \/>\n<meta property=\"article:modified_time\" content=\"2026-02-18T19:10:06+00:00\" \/>\n<meta property=\"og:image\" content=\"https:\/\/sakaimaquinariasltda.cl\/wp-content\/uploads\/2026\/01\/WhatsApp-Image-2026-01-20-at-11.26.45-AM.jpeg\" \/>\n\t<meta property=\"og:image:width\" content=\"1280\" \/>\n\t<meta property=\"og:image:height\" content=\"960\" \/>\n\t<meta property=\"og:image:type\" content=\"image\/jpeg\" \/>\n<meta name=\"twitter:card\" content=\"summary_large_image\" \/>\n<meta name=\"twitter:label1\" content=\"Tiempo de lectura\" \/>\n\t<meta name=\"twitter:data1\" content=\"1 minuto\" \/>\n<script type=\"application\/ld+json\" class=\"yoast-schema-graph\">{\"@context\":\"https:\/\/schema.org\",\"@graph\":[{\"@type\":\"WebPage\",\"@id\":\"https:\/\/sakaimaquinariasltda.cl\/index.php\/producto\/tractor-yanmar-f-175\/\",\"url\":\"https:\/\/sakaimaquinariasltda.cl\/index.php\/producto\/tractor-yanmar-f-175\/\",\"name\":\"VENDIDO TRACTOR YANMAR F-175 - Import. Export. Sakai Maquinarias Ltda\",\"isPartOf\":{\"@id\":\"https:\/\/sakaimaquinariasltda.cl\/#website\"},\"primaryImageOfPage\":{\"@id\":\"https:\/\/sakaimaquinariasltda.cl\/index.php\/producto\/tractor-yanmar-f-175\/#primaryimage\"},\"image\":{\"@id\":\"https:\/\/sakaimaquinariasltda.cl\/index.php\/producto\/tractor-yanmar-f-175\/#primaryimage\"},\"thumbnailUrl\":\"https:\/\/sakaimaquinariasltda.cl\/wp-content\/uploads\/2026\/01\/WhatsApp-Image-2026-01-20-at-11.26.45-AM.jpeg\",\"datePublished\":\"2026-01-20T18:39:28+00:00\",\"dateModified\":\"2026-02-18T19:10:06+00:00\",\"breadcrumb\":{\"@id\":\"https:\/\/sakaimaquinariasltda.cl\/index.php\/producto\/tractor-yanmar-f-175\/#breadcrumb\"},\"inLanguage\":\"es\",\"potentialAction\":[{\"@type\":\"ReadAction\",\"target\":[\"https:\/\/sakaimaquinariasltda.cl\/index.php\/producto\/tractor-yanmar-f-175\/\"]}]},{\"@type\":\"ImageObject\",\"inLanguage\":\"es\",\"@id\":\"https:\/\/sakaimaquinariasltda.cl\/index.php\/producto\/tractor-yanmar-f-175\/#primaryimage\",\"url\":\"https:\/\/sakaimaquinariasltda.cl\/wp-content\/uploads\/2026\/01\/WhatsApp-Image-2026-01-20-at-11.26.45-AM.jpeg\",\"contentUrl\":\"https:\/\/sakaimaquinariasltda.cl\/wp-content\/uploads\/2026\/01\/WhatsApp-Image-2026-01-20-at-11.26.45-AM.jpeg\",\"width\":1280,\"height\":960},{\"@type\":\"BreadcrumbList\",\"@id\":\"https:\/\/sakaimaquinariasltda.cl\/index.php\/producto\/tractor-yanmar-f-175\/#breadcrumb\",\"itemListElement\":[{\"@type\":\"ListItem\",\"position\":1,\"name\":\"Portada\",\"item\":\"https:\/\/sakaimaquinariasltda.cl\/\"},{\"@type\":\"ListItem\",\"position\":2,\"name\":\"Tienda\",\"item\":\"https:\/\/sakaimaquinariasltda.cl\/index.php\/tienda\/\"},{\"@type\":\"ListItem\",\"position\":3,\"name\":\"VENDIDO TRACTOR YANMAR F-175\"}]},{\"@type\":\"WebSite\",\"@id\":\"https:\/\/sakaimaquinariasltda.cl\/#website\",\"url\":\"https:\/\/sakaimaquinariasltda.cl\/\",\"name\":\"Import. Export. Sakai Maquinarias Ltda\",\"description\":\"Empresa dedicada 100% a la importaci\u00f3n de tractores japoneses\",\"publisher\":{\"@id\":\"https:\/\/sakaimaquinariasltda.cl\/#organization\"},\"alternateName\":\"sakai\",\"potentialAction\":[{\"@type\":\"SearchAction\",\"target\":{\"@type\":\"EntryPoint\",\"urlTemplate\":\"https:\/\/sakaimaquinariasltda.cl\/?s={search_term_string}\"},\"query-input\":{\"@type\":\"PropertyValueSpecification\",\"valueRequired\":true,\"valueName\":\"search_term_string\"}}],\"inLanguage\":\"es\"},{\"@type\":\"Organization\",\"@id\":\"https:\/\/sakaimaquinariasltda.cl\/#organization\",\"name\":\"Import. Export. Sakai Maquinarias Ltda\",\"url\":\"https:\/\/sakaimaquinariasltda.cl\/\",\"logo\":{\"@type\":\"ImageObject\",\"inLanguage\":\"es\",\"@id\":\"https:\/\/sakaimaquinariasltda.cl\/#\/schema\/logo\/image\/\",\"url\":\"https:\/\/sakaimaquinariasltda.cl\/wp-content\/uploads\/2023\/02\/cropped-Pollone-1-1.jpg\",\"contentUrl\":\"https:\/\/sakaimaquinariasltda.cl\/wp-content\/uploads\/2023\/02\/cropped-Pollone-1-1.jpg\",\"width\":880,\"height\":210,\"caption\":\"Import. Export. Sakai Maquinarias Ltda\"},\"image\":{\"@id\":\"https:\/\/sakaimaquinariasltda.cl\/#\/schema\/logo\/image\/\"}}]}<\/script>\n<!-- \/ Yoast SEO plugin. -->","yoast_head_json":{"title":"VENDIDO TRACTOR YANMAR F-175 - Import. Export. Sakai Maquinarias Ltda","robots":{"index":"index","follow":"follow","max-snippet":"max-snippet:-1","max-image-preview":"max-image-preview:large","max-video-preview":"max-video-preview:-1"},"canonical":"https:\/\/sakaimaquinariasltda.cl\/index.php\/producto\/tractor-yanmar-f-175\/","og_locale":"es_ES","og_type":"article","og_title":"VENDIDO TRACTOR YANMAR F-175 - Import. Export. Sakai Maquinarias Ltda","og_description":"Motor:\u00a0Yanmar de 3 cilindros, refrigeraci\u00f3n l\u00edquida.  Potencia:\u00a0Alrededor de 22-24 CV (caballos de fuerza).  Tracci\u00f3n:\u00a04x4 (doble tracci\u00f3n).  Transmisi\u00f3n:\u00a0Mec\u00e1nica, con varias opciones de marchas (ej. 6-12 velocidades).  Toma de Fuerza (PTO):\u00a020 HP (15 kW).  Uso Principal:\u00a0Mantenimiento de fincas, explotaciones frutales, parcelas peque\u00f1as.  Caracter\u00edsticas Adicionales:\u00a0Acelerador manual, brazos universales, a menudo incluye rotavator.\u00a0  Caracter\u00edsticas Destacadas:   Compacto y Potente:\u00a0Ofrece una buena relaci\u00f3n potencia-tama\u00f1o para trabajos exigentes en \u00e1reas reducidas.  Maniobrable:\u00a0Ideal para maniobrar entre cultivos o \u00e1rboles.","og_url":"https:\/\/sakaimaquinariasltda.cl\/index.php\/producto\/tractor-yanmar-f-175\/","og_site_name":"Import. Export. Sakai Maquinarias Ltda","article_modified_time":"2026-02-18T19:10:06+00:00","og_image":[{"width":1280,"height":960,"url":"https:\/\/sakaimaquinariasltda.cl\/wp-content\/uploads\/2026\/01\/WhatsApp-Image-2026-01-20-at-11.26.45-AM.jpeg","type":"image\/jpeg"}],"twitter_card":"summary_large_image","twitter_misc":{"Tiempo de lectura":"1 minuto"},"schema":{"@context":"https:\/\/schema.org","@graph":[{"@type":"WebPage","@id":"https:\/\/sakaimaquinariasltda.cl\/index.php\/producto\/tractor-yanmar-f-175\/","url":"https:\/\/sakaimaquinariasltda.cl\/index.php\/producto\/tractor-yanmar-f-175\/","name":"VENDIDO TRACTOR YANMAR F-175 - Import. Export. Sakai Maquinarias Ltda","isPartOf":{"@id":"https:\/\/sakaimaquinariasltda.cl\/#website"},"primaryImageOfPage":{"@id":"https:\/\/sakaimaquinariasltda.cl\/index.php\/producto\/tractor-yanmar-f-175\/#primaryimage"},"image":{"@id":"https:\/\/sakaimaquinariasltda.cl\/index.php\/producto\/tractor-yanmar-f-175\/#primaryimage"},"thumbnailUrl":"https:\/\/sakaimaquinariasltda.cl\/wp-content\/uploads\/2026\/01\/WhatsApp-Image-2026-01-20-at-11.26.45-AM.jpeg","datePublished":"2026-01-20T18:39:28+00:00","dateModified":"2026-02-18T19:10:06+00:00","breadcrumb":{"@id":"https:\/\/sakaimaquinariasltda.cl\/index.php\/producto\/tractor-yanmar-f-175\/#breadcrumb"},"inLanguage":"es","potentialAction":[{"@type":"ReadAction","target":["https:\/\/sakaimaquinariasltda.cl\/index.php\/producto\/tractor-yanmar-f-175\/"]}]},{"@type":"ImageObject","inLanguage":"es","@id":"https:\/\/sakaimaquinariasltda.cl\/index.php\/producto\/tractor-yanmar-f-175\/#primaryimage","url":"https:\/\/sakaimaquinariasltda.cl\/wp-content\/uploads\/2026\/01\/WhatsApp-Image-2026-01-20-at-11.26.45-AM.jpeg","contentUrl":"https:\/\/sakaimaquinariasltda.cl\/wp-content\/uploads\/2026\/01\/WhatsApp-Image-2026-01-20-at-11.26.45-AM.jpeg","width":1280,"height":960},{"@type":"BreadcrumbList","@id":"https:\/\/sakaimaquinariasltda.cl\/index.php\/producto\/tractor-yanmar-f-175\/#breadcrumb","itemListElement":[{"@type":"ListItem","position":1,"name":"Portada","item":"https:\/\/sakaimaquinariasltda.cl\/"},{"@type":"ListItem","position":2,"name":"Tienda","item":"https:\/\/sakaimaquinariasltda.cl\/index.php\/tienda\/"},{"@type":"ListItem","position":3,"name":"VENDIDO TRACTOR YANMAR F-175"}]},{"@type":"WebSite","@id":"https:\/\/sakaimaquinariasltda.cl\/#website","url":"https:\/\/sakaimaquinariasltda.cl\/","name":"Import. Export. Sakai Maquinarias Ltda","description":"Empresa dedicada 100% a la importaci\u00f3n de tractores japoneses","publisher":{"@id":"https:\/\/sakaimaquinariasltda.cl\/#organization"},"alternateName":"sakai","potentialAction":[{"@type":"SearchAction","target":{"@type":"EntryPoint","urlTemplate":"https:\/\/sakaimaquinariasltda.cl\/?s={search_term_string}"},"query-input":{"@type":"PropertyValueSpecification","valueRequired":true,"valueName":"search_term_string"}}],"inLanguage":"es"},{"@type":"Organization","@id":"https:\/\/sakaimaquinariasltda.cl\/#organization","name":"Import. Export. Sakai Maquinarias Ltda","url":"https:\/\/sakaimaquinariasltda.cl\/","logo":{"@type":"ImageObject","inLanguage":"es","@id":"https:\/\/sakaimaquinariasltda.cl\/#\/schema\/logo\/image\/","url":"https:\/\/sakaimaquinariasltda.cl\/wp-content\/uploads\/2023\/02\/cropped-Pollone-1-1.jpg","contentUrl":"https:\/\/sakaimaquinariasltda.cl\/wp-content\/uploads\/2023\/02\/cropped-Pollone-1-1.jpg","width":880,"height":210,"caption":"Import. Export. Sakai Maquinarias Ltda"},"image":{"@id":"https:\/\/sakaimaquinariasltda.cl\/#\/schema\/logo\/image\/"}}]}},"_links":{"self":[{"href":"https:\/\/sakaimaquinariasltda.cl\/index.php\/wp-json\/wp\/v2\/product\/2639","targetHints":{"allow":["GET"]}}],"collection":[{"href":"https:\/\/sakaimaquinariasltda.cl\/index.php\/wp-json\/wp\/v2\/product"}],"about":[{"href":"https:\/\/sakaimaquinariasltda.cl\/index.php\/wp-json\/wp\/v2\/types\/product"}],"wp:featuredmedia":[{"embeddable":true,"href":"https:\/\/sakaimaquinariasltda.cl\/index.php\/wp-json\/wp\/v2\/media\/2514"}],"wp:attachment":[{"href":"https:\/\/sakaimaquinariasltda.cl\/index.php\/wp-json\/wp\/v2\/media?parent=2639"}],"wp:term":[{"taxonomy":"product_brand","embeddable":true,"href":"https:\/\/sakaimaquinariasltda.cl\/index.php\/wp-json\/wp\/v2\/product_brand?post=2639"},{"taxonomy":"product_cat","embeddable":true,"href":"https:\/\/sakaimaquinariasltda.cl\/index.php\/wp-json\/wp\/v2\/product_cat?post=2639"},{"taxonomy":"product_tag","embeddable":true,"href":"https:\/\/sakaimaquinariasltda.cl\/index.php\/wp-json\/wp\/v2\/product_tag?post=2639"}],"curies":[{"name":"wp","href":"https:\/\/api.w.org\/{rel}","templated":true}]}}