{"id":2636,"date":"2026-01-20T18:22:49","date_gmt":"2026-01-20T18:22:49","guid":{"rendered":"https:\/\/sakaimaquinariasltda.cl\/?post_type=product&#038;p=2636"},"modified":"2026-01-20T18:31:40","modified_gmt":"2026-01-20T18:31:40","slug":"tractor-mitsubishi-mt-155","status":"publish","type":"product","link":"https:\/\/sakaimaquinariasltda.cl\/index.php\/producto\/tractor-mitsubishi-mt-155\/","title":{"rendered":"TRACTOR MITSUBISHI MT-155"},"content":{"rendered":"<p>HACEMOS ENVIOS A TODO CHILE;PER\u00da, BOLIVIA Y PARAGUAY.<br \/>\nCONTACTENOS AL:<\/p>\n<p>+569 6213 4782<\/p>\n<p>+569 3228 6609<\/p>\n<p>+569 9385 9507<\/p>\n<p>Y EN NUESTRAS REDES SOCIALES:<\/p>\n<p>FACEBOOK- INSTAGRAM \u2013 TIKTOK<\/p>\n<p>COMO: SAKAI MAQUINARIAS LTDA<\/p>\n<p>Correo electr\u00f3nico: sakaimaquinarias@gmail.com<\/p>\n","protected":false},"excerpt":{"rendered":"<ul class=\"KsbFXc U6u95\" data-processed=\"true\">\n<li data-hveid=\"CAQQAA\" data-processed=\"true\"><span class=\"T286Pc\" data-sfc-cp=\"\" data-processed=\"true\"><strong class=\"Yjhzub\" data-processed=\"true\">Motor:<\/strong>\u00a0Di\u00e9sel, 3 cilindros, refrigerado por l\u00edquido.<\/span><\/li>\n<li data-hveid=\"CAQQAQ\" data-processed=\"true\"><span class=\"T286Pc\" data-sfc-cp=\"\" data-processed=\"true\"><strong class=\"Yjhzub\" data-processed=\"true\">Potencia:<\/strong>\u00a0Aproximadamente 15 HP (caballos de fuerza).<\/span><\/li>\n<li data-hveid=\"CAQQAg\" data-processed=\"true\"><span class=\"T286Pc\" data-sfc-cp=\"\" data-processed=\"true\"><strong class=\"Yjhzub\" data-processed=\"true\">Potencia TDF:<\/strong>\u00a0Alrededor de 30 CV (caballos de fuerza).<\/span><\/li>\n<li data-hveid=\"CAQQAw\" data-processed=\"true\"><span class=\"T286Pc\" data-sfc-cp=\"\" data-processed=\"true\"><strong class=\"Yjhzub\" data-processed=\"true\">R\u00e9gimen Nominal:<\/strong>\u00a0Cerca de 2500 RPM.<\/span><span class=\"uJ19be notranslate\" data-wiz-uids=\"rpUYHd_11\" data-processed=\"true\"><span class=\"vKEkVd\" data-animation-atomic=\"\" data-wiz-attrbind=\"class=rpUYHd_10\/TKHnVd\" data-processed=\"true\">\u00a0<button class=\"rBl3me\" tabindex=\"0\" data-amic=\"true\" data-icl-uuid=\"b06d4a97-be4c-44a8-b991-f64408f6de6a\" aria-label=\"Ver v\u00ednculos relacionados\" data-wiz-attrbind=\"disabled=rpUYHd_10\/C5gNJc;aria-label=rpUYHd_10\/bOjMyf;class=rpUYHd_10\/UpSNec\" data-ved=\"2ahUKEwir_sic3pqSAxUPlZUCHSM2LDsQye0OegQIBBAE\" data-processed=\"true\"><\/button><\/span><\/span><\/li>\n<\/ul>\n<div class=\"Y3BBE\" data-sfc-cp=\"\" data-hveid=\"CAUQAA\" data-processed=\"true\"><strong class=\"Yjhzub\" data-processed=\"true\">Transmisi\u00f3n y Tracci\u00f3n:<\/strong><button class=\"rBl3me\" tabindex=\"0\" data-amic=\"true\" data-icl-uuid=\"46ce9040-6376-42dd-bdc6-aae4843f66b6\" aria-label=\"Ver v\u00ednculos relacionados\" data-wiz-attrbind=\"disabled=rpUYHd_18\/C5gNJc;aria-label=rpUYHd_18\/bOjMyf;class=rpUYHd_18\/UpSNec\" data-ved=\"2ahUKEwir_sic3pqSAxUPlZUCHSM2LDsQye0OegQIBRAB\" data-processed=\"true\"><\/button><\/div>\n<ul class=\"KsbFXc U6u95\" data-processed=\"true\">\n<li data-hveid=\"CAYQAA\" data-processed=\"true\"><span class=\"T286Pc\" data-sfc-cp=\"\" data-processed=\"true\"><strong class=\"Yjhzub\" data-processed=\"true\">Tracci\u00f3n:<\/strong>\u00a0Generalmente 4&#215;4 (doble tracci\u00f3n).<\/span><\/li>\n<li data-hveid=\"CAYQAQ\" data-processed=\"true\"><span class=\"T286Pc\" data-sfc-cp=\"\" data-processed=\"true\"><strong class=\"Yjhzub\" data-processed=\"true\">Transmisi\u00f3n:<\/strong>\u00a0Mec\u00e1nica.<\/span><span class=\"uJ19be notranslate\" data-wiz-uids=\"rpUYHd_1i\" data-processed=\"true\"><span class=\"vKEkVd\" data-animation-atomic=\"\" data-wiz-attrbind=\"class=rpUYHd_1h\/TKHnVd\" data-processed=\"true\">\u00a0<button class=\"rBl3me\" tabindex=\"0\" data-amic=\"true\" data-icl-uuid=\"5f21f5a4-46ac-4a67-bfaf-4716d8a7a097\" aria-label=\"Ver v\u00ednculos relacionados\" data-wiz-attrbind=\"disabled=rpUYHd_1h\/C5gNJc;aria-label=rpUYHd_1h\/bOjMyf;class=rpUYHd_1h\/UpSNec\" data-ved=\"2ahUKEwir_sic3pqSAxUPlZUCHSM2LDsQye0OegQIBhAC\" data-processed=\"true\"><\/button><\/span><\/span><\/li>\n<\/ul>\n<div class=\"Y3BBE\" data-sfc-cp=\"\" data-hveid=\"CAcQAA\" data-processed=\"true\"><strong class=\"Yjhzub\" data-processed=\"true\">Dimensiones y Peso:<\/strong><button class=\"rBl3me\" tabindex=\"0\" data-amic=\"true\" data-icl-uuid=\"a3d583e9-112f-489a-a00b-1d8c0ff56fca\" aria-label=\"Ver v\u00ednculos relacionados\" data-wiz-attrbind=\"disabled=rpUYHd_1m\/C5gNJc;aria-label=rpUYHd_1m\/bOjMyf;class=rpUYHd_1m\/UpSNec\" data-ved=\"2ahUKEwir_sic3pqSAxUPlZUCHSM2LDsQye0OegQIBxAB\" data-processed=\"true\"><\/button><\/div>\n<ul class=\"KsbFXc U6u95\" data-processed=\"true\">\n<li data-hveid=\"CAgQAA\" data-processed=\"true\"><span class=\"T286Pc\" data-sfc-cp=\"\" data-processed=\"true\"><strong class=\"Yjhzub\" data-processed=\"true\">Peso:<\/strong>\u00a0Aproximadamente 885 kg (similar a otros modelos cercanos como el MT 185).<\/span><\/li>\n<li data-hveid=\"CAgQAQ\" data-processed=\"true\"><span class=\"T286Pc\" data-sfc-cp=\"\" data-processed=\"true\"><strong class=\"Yjhzub\" data-processed=\"true\">Dimensiones:<\/strong>\u00a0Compacto, dise\u00f1ado para maniobrar en espacios reducidos.<\/span><span class=\"uJ19be notranslate\" data-wiz-uids=\"rpUYHd_1w\" data-processed=\"true\"><span class=\"vKEkVd\" data-animation-atomic=\"\" data-wiz-attrbind=\"class=rpUYHd_1v\/TKHnVd\" data-processed=\"true\">\u00a0<\/span><\/span><\/li>\n<\/ul>\n","protected":false},"featured_media":2510,"template":"","meta":[],"product_brand":[],"product_cat":[16],"product_tag":[],"class_list":{"0":"post-2636","1":"product","2":"type-product","3":"status-publish","4":"has-post-thumbnail","6":"product_cat-tractores","8":"first","9":"instock","10":"shipping-taxable","11":"product-type-simple"},"yoast_head":"<!-- This site is optimized with the Yoast SEO plugin v25.1 - https:\/\/yoast.com\/wordpress\/plugins\/seo\/ -->\n<title>TRACTOR MITSUBISHI MT-155 - Import. Export. Sakai Maquinarias Ltda<\/title>\n<meta name=\"robots\" content=\"index, follow, max-snippet:-1, max-image-preview:large, max-video-preview:-1\" \/>\n<link rel=\"canonical\" href=\"https:\/\/sakaimaquinariasltda.cl\/index.php\/producto\/tractor-mitsubishi-mt-155\/\" \/>\n<meta property=\"og:locale\" content=\"es_ES\" \/>\n<meta property=\"og:type\" content=\"article\" \/>\n<meta property=\"og:title\" content=\"TRACTOR MITSUBISHI MT-155 - Import. Export. Sakai Maquinarias Ltda\" \/>\n<meta property=\"og:description\" content=\"Motor:\u00a0Di\u00e9sel, 3 cilindros, refrigerado por l\u00edquido.  Potencia:\u00a0Aproximadamente 15 HP (caballos de fuerza).  Potencia TDF:\u00a0Alrededor de 30 CV (caballos de fuerza).  R\u00e9gimen Nominal:\u00a0Cerca de 2500 RPM.\u00a0  Transmisi\u00f3n y Tracci\u00f3n:   Tracci\u00f3n:\u00a0Generalmente 4x4 (doble tracci\u00f3n).  Transmisi\u00f3n:\u00a0Mec\u00e1nica.\u00a0  Dimensiones y Peso:   Peso:\u00a0Aproximadamente 885 kg (similar a otros modelos cercanos como el MT 185).  Dimensiones:\u00a0Compacto, dise\u00f1ado para maniobrar en espacios reducidos.\u00a0\" \/>\n<meta property=\"og:url\" content=\"https:\/\/sakaimaquinariasltda.cl\/index.php\/producto\/tractor-mitsubishi-mt-155\/\" \/>\n<meta property=\"og:site_name\" content=\"Import. Export. Sakai Maquinarias Ltda\" \/>\n<meta property=\"article:modified_time\" content=\"2026-01-20T18:31:40+00:00\" \/>\n<meta property=\"og:image\" content=\"https:\/\/sakaimaquinariasltda.cl\/wp-content\/uploads\/2026\/01\/WhatsApp-Image-2026-01-20-at-11.26.47-AM.jpeg\" \/>\n\t<meta property=\"og:image:width\" content=\"1280\" \/>\n\t<meta property=\"og:image:height\" content=\"960\" \/>\n\t<meta property=\"og:image:type\" content=\"image\/jpeg\" \/>\n<meta name=\"twitter:card\" content=\"summary_large_image\" \/>\n<meta name=\"twitter:label1\" content=\"Tiempo de lectura\" \/>\n\t<meta name=\"twitter:data1\" content=\"1 minuto\" \/>\n<script type=\"application\/ld+json\" class=\"yoast-schema-graph\">{\"@context\":\"https:\/\/schema.org\",\"@graph\":[{\"@type\":\"WebPage\",\"@id\":\"https:\/\/sakaimaquinariasltda.cl\/index.php\/producto\/tractor-mitsubishi-mt-155\/\",\"url\":\"https:\/\/sakaimaquinariasltda.cl\/index.php\/producto\/tractor-mitsubishi-mt-155\/\",\"name\":\"TRACTOR MITSUBISHI MT-155 - Import. Export. Sakai Maquinarias Ltda\",\"isPartOf\":{\"@id\":\"https:\/\/sakaimaquinariasltda.cl\/#website\"},\"primaryImageOfPage\":{\"@id\":\"https:\/\/sakaimaquinariasltda.cl\/index.php\/producto\/tractor-mitsubishi-mt-155\/#primaryimage\"},\"image\":{\"@id\":\"https:\/\/sakaimaquinariasltda.cl\/index.php\/producto\/tractor-mitsubishi-mt-155\/#primaryimage\"},\"thumbnailUrl\":\"https:\/\/sakaimaquinariasltda.cl\/wp-content\/uploads\/2026\/01\/WhatsApp-Image-2026-01-20-at-11.26.47-AM.jpeg\",\"datePublished\":\"2026-01-20T18:22:49+00:00\",\"dateModified\":\"2026-01-20T18:31:40+00:00\",\"breadcrumb\":{\"@id\":\"https:\/\/sakaimaquinariasltda.cl\/index.php\/producto\/tractor-mitsubishi-mt-155\/#breadcrumb\"},\"inLanguage\":\"es\",\"potentialAction\":[{\"@type\":\"ReadAction\",\"target\":[\"https:\/\/sakaimaquinariasltda.cl\/index.php\/producto\/tractor-mitsubishi-mt-155\/\"]}]},{\"@type\":\"ImageObject\",\"inLanguage\":\"es\",\"@id\":\"https:\/\/sakaimaquinariasltda.cl\/index.php\/producto\/tractor-mitsubishi-mt-155\/#primaryimage\",\"url\":\"https:\/\/sakaimaquinariasltda.cl\/wp-content\/uploads\/2026\/01\/WhatsApp-Image-2026-01-20-at-11.26.47-AM.jpeg\",\"contentUrl\":\"https:\/\/sakaimaquinariasltda.cl\/wp-content\/uploads\/2026\/01\/WhatsApp-Image-2026-01-20-at-11.26.47-AM.jpeg\",\"width\":1280,\"height\":960},{\"@type\":\"BreadcrumbList\",\"@id\":\"https:\/\/sakaimaquinariasltda.cl\/index.php\/producto\/tractor-mitsubishi-mt-155\/#breadcrumb\",\"itemListElement\":[{\"@type\":\"ListItem\",\"position\":1,\"name\":\"Portada\",\"item\":\"https:\/\/sakaimaquinariasltda.cl\/\"},{\"@type\":\"ListItem\",\"position\":2,\"name\":\"Tienda\",\"item\":\"https:\/\/sakaimaquinariasltda.cl\/index.php\/tienda\/\"},{\"@type\":\"ListItem\",\"position\":3,\"name\":\"TRACTOR MITSUBISHI MT-155\"}]},{\"@type\":\"WebSite\",\"@id\":\"https:\/\/sakaimaquinariasltda.cl\/#website\",\"url\":\"https:\/\/sakaimaquinariasltda.cl\/\",\"name\":\"Import. Export. Sakai Maquinarias Ltda\",\"description\":\"Empresa dedicada 100% a la importaci\u00f3n de tractores japoneses\",\"publisher\":{\"@id\":\"https:\/\/sakaimaquinariasltda.cl\/#organization\"},\"alternateName\":\"sakai\",\"potentialAction\":[{\"@type\":\"SearchAction\",\"target\":{\"@type\":\"EntryPoint\",\"urlTemplate\":\"https:\/\/sakaimaquinariasltda.cl\/?s={search_term_string}\"},\"query-input\":{\"@type\":\"PropertyValueSpecification\",\"valueRequired\":true,\"valueName\":\"search_term_string\"}}],\"inLanguage\":\"es\"},{\"@type\":\"Organization\",\"@id\":\"https:\/\/sakaimaquinariasltda.cl\/#organization\",\"name\":\"Import. Export. Sakai Maquinarias Ltda\",\"url\":\"https:\/\/sakaimaquinariasltda.cl\/\",\"logo\":{\"@type\":\"ImageObject\",\"inLanguage\":\"es\",\"@id\":\"https:\/\/sakaimaquinariasltda.cl\/#\/schema\/logo\/image\/\",\"url\":\"https:\/\/sakaimaquinariasltda.cl\/wp-content\/uploads\/2023\/02\/cropped-Pollone-1-1.jpg\",\"contentUrl\":\"https:\/\/sakaimaquinariasltda.cl\/wp-content\/uploads\/2023\/02\/cropped-Pollone-1-1.jpg\",\"width\":880,\"height\":210,\"caption\":\"Import. Export. Sakai Maquinarias Ltda\"},\"image\":{\"@id\":\"https:\/\/sakaimaquinariasltda.cl\/#\/schema\/logo\/image\/\"}}]}<\/script>\n<!-- \/ Yoast SEO plugin. -->","yoast_head_json":{"title":"TRACTOR MITSUBISHI MT-155 - Import. Export. Sakai Maquinarias Ltda","robots":{"index":"index","follow":"follow","max-snippet":"max-snippet:-1","max-image-preview":"max-image-preview:large","max-video-preview":"max-video-preview:-1"},"canonical":"https:\/\/sakaimaquinariasltda.cl\/index.php\/producto\/tractor-mitsubishi-mt-155\/","og_locale":"es_ES","og_type":"article","og_title":"TRACTOR MITSUBISHI MT-155 - Import. Export. Sakai Maquinarias Ltda","og_description":"Motor:\u00a0Di\u00e9sel, 3 cilindros, refrigerado por l\u00edquido.  Potencia:\u00a0Aproximadamente 15 HP (caballos de fuerza).  Potencia TDF:\u00a0Alrededor de 30 CV (caballos de fuerza).  R\u00e9gimen Nominal:\u00a0Cerca de 2500 RPM.\u00a0  Transmisi\u00f3n y Tracci\u00f3n:   Tracci\u00f3n:\u00a0Generalmente 4x4 (doble tracci\u00f3n).  Transmisi\u00f3n:\u00a0Mec\u00e1nica.\u00a0  Dimensiones y Peso:   Peso:\u00a0Aproximadamente 885 kg (similar a otros modelos cercanos como el MT 185).  Dimensiones:\u00a0Compacto, dise\u00f1ado para maniobrar en espacios reducidos.\u00a0","og_url":"https:\/\/sakaimaquinariasltda.cl\/index.php\/producto\/tractor-mitsubishi-mt-155\/","og_site_name":"Import. Export. Sakai Maquinarias Ltda","article_modified_time":"2026-01-20T18:31:40+00:00","og_image":[{"width":1280,"height":960,"url":"https:\/\/sakaimaquinariasltda.cl\/wp-content\/uploads\/2026\/01\/WhatsApp-Image-2026-01-20-at-11.26.47-AM.jpeg","type":"image\/jpeg"}],"twitter_card":"summary_large_image","twitter_misc":{"Tiempo de lectura":"1 minuto"},"schema":{"@context":"https:\/\/schema.org","@graph":[{"@type":"WebPage","@id":"https:\/\/sakaimaquinariasltda.cl\/index.php\/producto\/tractor-mitsubishi-mt-155\/","url":"https:\/\/sakaimaquinariasltda.cl\/index.php\/producto\/tractor-mitsubishi-mt-155\/","name":"TRACTOR MITSUBISHI MT-155 - Import. Export. Sakai Maquinarias Ltda","isPartOf":{"@id":"https:\/\/sakaimaquinariasltda.cl\/#website"},"primaryImageOfPage":{"@id":"https:\/\/sakaimaquinariasltda.cl\/index.php\/producto\/tractor-mitsubishi-mt-155\/#primaryimage"},"image":{"@id":"https:\/\/sakaimaquinariasltda.cl\/index.php\/producto\/tractor-mitsubishi-mt-155\/#primaryimage"},"thumbnailUrl":"https:\/\/sakaimaquinariasltda.cl\/wp-content\/uploads\/2026\/01\/WhatsApp-Image-2026-01-20-at-11.26.47-AM.jpeg","datePublished":"2026-01-20T18:22:49+00:00","dateModified":"2026-01-20T18:31:40+00:00","breadcrumb":{"@id":"https:\/\/sakaimaquinariasltda.cl\/index.php\/producto\/tractor-mitsubishi-mt-155\/#breadcrumb"},"inLanguage":"es","potentialAction":[{"@type":"ReadAction","target":["https:\/\/sakaimaquinariasltda.cl\/index.php\/producto\/tractor-mitsubishi-mt-155\/"]}]},{"@type":"ImageObject","inLanguage":"es","@id":"https:\/\/sakaimaquinariasltda.cl\/index.php\/producto\/tractor-mitsubishi-mt-155\/#primaryimage","url":"https:\/\/sakaimaquinariasltda.cl\/wp-content\/uploads\/2026\/01\/WhatsApp-Image-2026-01-20-at-11.26.47-AM.jpeg","contentUrl":"https:\/\/sakaimaquinariasltda.cl\/wp-content\/uploads\/2026\/01\/WhatsApp-Image-2026-01-20-at-11.26.47-AM.jpeg","width":1280,"height":960},{"@type":"BreadcrumbList","@id":"https:\/\/sakaimaquinariasltda.cl\/index.php\/producto\/tractor-mitsubishi-mt-155\/#breadcrumb","itemListElement":[{"@type":"ListItem","position":1,"name":"Portada","item":"https:\/\/sakaimaquinariasltda.cl\/"},{"@type":"ListItem","position":2,"name":"Tienda","item":"https:\/\/sakaimaquinariasltda.cl\/index.php\/tienda\/"},{"@type":"ListItem","position":3,"name":"TRACTOR MITSUBISHI MT-155"}]},{"@type":"WebSite","@id":"https:\/\/sakaimaquinariasltda.cl\/#website","url":"https:\/\/sakaimaquinariasltda.cl\/","name":"Import. Export. Sakai Maquinarias Ltda","description":"Empresa dedicada 100% a la importaci\u00f3n de tractores japoneses","publisher":{"@id":"https:\/\/sakaimaquinariasltda.cl\/#organization"},"alternateName":"sakai","potentialAction":[{"@type":"SearchAction","target":{"@type":"EntryPoint","urlTemplate":"https:\/\/sakaimaquinariasltda.cl\/?s={search_term_string}"},"query-input":{"@type":"PropertyValueSpecification","valueRequired":true,"valueName":"search_term_string"}}],"inLanguage":"es"},{"@type":"Organization","@id":"https:\/\/sakaimaquinariasltda.cl\/#organization","name":"Import. Export. Sakai Maquinarias Ltda","url":"https:\/\/sakaimaquinariasltda.cl\/","logo":{"@type":"ImageObject","inLanguage":"es","@id":"https:\/\/sakaimaquinariasltda.cl\/#\/schema\/logo\/image\/","url":"https:\/\/sakaimaquinariasltda.cl\/wp-content\/uploads\/2023\/02\/cropped-Pollone-1-1.jpg","contentUrl":"https:\/\/sakaimaquinariasltda.cl\/wp-content\/uploads\/2023\/02\/cropped-Pollone-1-1.jpg","width":880,"height":210,"caption":"Import. Export. Sakai Maquinarias Ltda"},"image":{"@id":"https:\/\/sakaimaquinariasltda.cl\/#\/schema\/logo\/image\/"}}]}},"_links":{"self":[{"href":"https:\/\/sakaimaquinariasltda.cl\/index.php\/wp-json\/wp\/v2\/product\/2636","targetHints":{"allow":["GET"]}}],"collection":[{"href":"https:\/\/sakaimaquinariasltda.cl\/index.php\/wp-json\/wp\/v2\/product"}],"about":[{"href":"https:\/\/sakaimaquinariasltda.cl\/index.php\/wp-json\/wp\/v2\/types\/product"}],"wp:featuredmedia":[{"embeddable":true,"href":"https:\/\/sakaimaquinariasltda.cl\/index.php\/wp-json\/wp\/v2\/media\/2510"}],"wp:attachment":[{"href":"https:\/\/sakaimaquinariasltda.cl\/index.php\/wp-json\/wp\/v2\/media?parent=2636"}],"wp:term":[{"taxonomy":"product_brand","embeddable":true,"href":"https:\/\/sakaimaquinariasltda.cl\/index.php\/wp-json\/wp\/v2\/product_brand?post=2636"},{"taxonomy":"product_cat","embeddable":true,"href":"https:\/\/sakaimaquinariasltda.cl\/index.php\/wp-json\/wp\/v2\/product_cat?post=2636"},{"taxonomy":"product_tag","embeddable":true,"href":"https:\/\/sakaimaquinariasltda.cl\/index.php\/wp-json\/wp\/v2\/product_tag?post=2636"}],"curies":[{"name":"wp","href":"https:\/\/api.w.org\/{rel}","templated":true}]}}