{"id":2367,"date":"2025-11-21T21:02:13","date_gmt":"2025-11-21T21:02:13","guid":{"rendered":"https:\/\/sakaimaquinariasltda.cl\/?post_type=product&#038;p=2367"},"modified":"2025-11-21T21:02:13","modified_gmt":"2025-11-21T21:02:13","slug":"tractor-mitsubishi-mtr-250","status":"publish","type":"product","link":"https:\/\/sakaimaquinariasltda.cl\/index.php\/producto\/tractor-mitsubishi-mtr-250\/","title":{"rendered":"TRACTOR MITSUBISHI MTR-250"},"content":{"rendered":"<p>HACEMOS ENVIOS A TODO CHILE;PER\u00da, BOLIVIA Y PARAGUAY.<br \/>\nCONTACTENOS AL:<\/p>\n<p>+569 6213 4782<\/p>\n<p>+569 3228 6609<\/p>\n<p>+569 9385 9507<\/p>\n<p>Y EN NUESTRAS REDES SOCIALES:<\/p>\n<p>FACEBOOK- INSTAGRAM \u2013 TIKTOK<\/p>\n<p>COMO: SAKAI MAQUINARIAS LTDA<\/p>\n<p>Correo electr\u00f3nico: sakaimaquinarias@gmail.com<\/p>\n","protected":false},"excerpt":{"rendered":"<div class=\"WaaZC\">\n<div class=\"RJPOee EIJn2\">\n<ul data-hveid=\"CBwQAQ\" data-ved=\"2ahUKEwjoqLyFu_ePAxWbGLkGHUQSOYMQm_YKegQIHBAB\">\n<li><span data-huuid=\"2380335116788970713\"><strong>Potencia:<\/strong>\u00a0<\/span><span data-huuid=\"2380335116788969632\">25 CV<\/span><\/li>\n<li><span data-huuid=\"2380335116788971566\"><strong>Motor:<\/strong>\u00a0<\/span><span data-huuid=\"2380335116788970485\">Di\u00e9sel de 4 cilindros y 1.500 cc<\/span><\/li>\n<li><span data-huuid=\"2380335116788972419\"><strong>Tracci\u00f3n:<\/strong>\u00a0<\/span><span data-huuid=\"2380335116788971338\">4\u00d74 seleccionable (se puede usar solo la tracci\u00f3n trasera)<\/span><\/li>\n<li><span data-huuid=\"2380335116788973272\"><strong>Transmisi\u00f3n:<\/strong>\u00a0<\/span><span data-huuid=\"2380335116788972191\">16 velocidades de avance y 16 de retroceso<\/span><\/li>\n<li><span data-huuid=\"2380335116788970029\"><strong>Dise\u00f1o:<\/strong>\u00a0<\/span><span data-huuid=\"2380335116788973044\">Compacto y eficiente<\/span><\/li>\n<\/ul>\n<\/div>\n<\/div>\n<div class=\"WaaZC\">\n<div class=\"RJPOee EIJn2\">\n<div class=\"rPeykc uP58nb\" data-hveid=\"CCAQAQ\" data-ved=\"2ahUKEwjoqLyFu_ePAxWbGLkGHUQSOYMQo_EKegQIIBAB\"><span data-huuid=\"10006494884054837327\"><span role=\"heading\" aria-level=\"2\">Caracter\u00edsticas y usos<\/span><\/span><\/div>\n<\/div>\n<\/div>\n<div class=\"WaaZC\">\n<div class=\"RJPOee EIJn2\">\n<ul data-hveid=\"CCEQAQ\" data-ved=\"2ahUKEwjoqLyFu_ePAxWbGLkGHUQSOYMQm_YKegQIIRAB\">\n<li>\n<div class=\"zMgcWd dSKvsb\" data-il=\"\">\n<div data-crb-p=\"\">\n<div class=\"xFTqob\">\n<div class=\"Gur8Ad\"><span data-huuid=\"10006494884054838714\"><strong>Versatilidad:<\/strong>\u00a0<\/span><\/div>\n<div class=\"vM0jzc\"><span data-huuid=\"10006494884054837811\">La tracci\u00f3n 4\u00d74 seleccionable permite adaptar el tractor a diferentes tareas agr\u00edcolas.<span class=\"pjBG2e\" data-cid=\"f3fb0eca-b2e9-4816-ae95-a0395c2973e5\"><span class=\"UV3uM\">\u00a0<\/span><\/span><\/span>&nbsp;<\/p>\n<div class=\"NPrrbc\" data-cid=\"f3fb0eca-b2e9-4816-ae95-a0395c2973e5\" data-uuids=\"10006494884054838714,10006494884054837811\">\n<div class=\"BMebGe btku5b LwdV0e FR7ZSc qVhvac OJeuxf\" tabindex=\"0\" role=\"button\" aria-label=\"Ver v\u00ednculos relacionados\" data-hveid=\"CCgQAQ\" data-ved=\"2ahUKEwjoqLyFu_ePAxWbGLkGHUQSOYMQ3fYKegQIKBAB\">\n<div class=\"niO4u\">\n<div class=\"kHtcsd\"><\/div>\n<\/div>\n<\/div>\n<\/div>\n<\/div>\n<\/div>\n<\/div>\n<\/div>\n<\/li>\n<li>\n<div class=\"zMgcWd dSKvsb\" data-il=\"\">\n<div data-crb-p=\"\">\n<div class=\"xFTqob\">\n<div class=\"Gur8Ad\"><span data-huuid=\"10006494884054836005\"><strong>Ideal para:<\/strong>\u00a0<\/span><\/div>\n<div class=\"vM0jzc\"><span data-huuid=\"10006494884054839198\">Labores agr\u00edcolas de peque\u00f1a y mediana escala, as\u00ed como para cultivos de huerto.<span class=\"pjBG2e\" data-cid=\"8b1a8f57-fcc1-4215-908b-36415c8a0db4\"><span class=\"UV3uM\">\u00a0<\/span><\/span><\/span><\/div>\n<\/div>\n<\/div>\n<\/div>\n<\/li>\n<\/ul>\n<\/div>\n<\/div>\n","protected":false},"featured_media":2351,"template":"","meta":[],"product_brand":[],"product_cat":[16],"product_tag":[],"class_list":{"0":"post-2367","1":"product","2":"type-product","3":"status-publish","4":"has-post-thumbnail","6":"product_cat-tractores","8":"first","9":"instock","10":"shipping-taxable","11":"product-type-simple"},"yoast_head":"<!-- This site is optimized with the Yoast SEO plugin v25.1 - https:\/\/yoast.com\/wordpress\/plugins\/seo\/ -->\n<title>TRACTOR MITSUBISHI MTR-250 - Import. Export. Sakai Maquinarias Ltda<\/title>\n<meta name=\"robots\" content=\"index, follow, max-snippet:-1, max-image-preview:large, max-video-preview:-1\" \/>\n<link rel=\"canonical\" href=\"https:\/\/sakaimaquinariasltda.cl\/index.php\/producto\/tractor-mitsubishi-mtr-250\/\" \/>\n<meta property=\"og:locale\" content=\"es_ES\" \/>\n<meta property=\"og:type\" content=\"article\" \/>\n<meta property=\"og:title\" content=\"TRACTOR MITSUBISHI MTR-250 - Import. Export. Sakai Maquinarias Ltda\" \/>\n<meta property=\"og:description\" content=\"Potencia:\u00a025 CV  Motor:\u00a0Di\u00e9sel de 4 cilindros y 1.500 cc  Tracci\u00f3n:\u00a04\u00d74 seleccionable (se puede usar solo la tracci\u00f3n trasera)  Transmisi\u00f3n:\u00a016 velocidades de avance y 16 de retroceso  Dise\u00f1o:\u00a0Compacto y eficiente      Caracter\u00edsticas y usos           Versatilidad:\u00a0 La tracci\u00f3n 4\u00d74 seleccionable permite adaptar el tractor a diferentes tareas agr\u00edcolas.\u00a0&nbsp;                 Ideal para:\u00a0 Labores agr\u00edcolas de peque\u00f1a y mediana escala, as\u00ed como para cultivos de huerto.\u00a0\" \/>\n<meta property=\"og:url\" content=\"https:\/\/sakaimaquinariasltda.cl\/index.php\/producto\/tractor-mitsubishi-mtr-250\/\" \/>\n<meta property=\"og:site_name\" content=\"Import. Export. Sakai Maquinarias Ltda\" \/>\n<meta property=\"og:image\" content=\"https:\/\/sakaimaquinariasltda.cl\/wp-content\/uploads\/2025\/11\/WhatsApp-Image-2025-11-21-at-5.18.33-PM-1.jpeg\" \/>\n\t<meta property=\"og:image:width\" content=\"1280\" \/>\n\t<meta property=\"og:image:height\" content=\"960\" \/>\n\t<meta property=\"og:image:type\" content=\"image\/jpeg\" \/>\n<meta name=\"twitter:card\" content=\"summary_large_image\" \/>\n<meta name=\"twitter:label1\" content=\"Tiempo de lectura\" \/>\n\t<meta name=\"twitter:data1\" content=\"1 minuto\" \/>\n<script type=\"application\/ld+json\" class=\"yoast-schema-graph\">{\"@context\":\"https:\/\/schema.org\",\"@graph\":[{\"@type\":\"WebPage\",\"@id\":\"https:\/\/sakaimaquinariasltda.cl\/index.php\/producto\/tractor-mitsubishi-mtr-250\/\",\"url\":\"https:\/\/sakaimaquinariasltda.cl\/index.php\/producto\/tractor-mitsubishi-mtr-250\/\",\"name\":\"TRACTOR MITSUBISHI MTR-250 - Import. Export. Sakai Maquinarias Ltda\",\"isPartOf\":{\"@id\":\"https:\/\/sakaimaquinariasltda.cl\/#website\"},\"primaryImageOfPage\":{\"@id\":\"https:\/\/sakaimaquinariasltda.cl\/index.php\/producto\/tractor-mitsubishi-mtr-250\/#primaryimage\"},\"image\":{\"@id\":\"https:\/\/sakaimaquinariasltda.cl\/index.php\/producto\/tractor-mitsubishi-mtr-250\/#primaryimage\"},\"thumbnailUrl\":\"https:\/\/sakaimaquinariasltda.cl\/wp-content\/uploads\/2025\/11\/WhatsApp-Image-2025-11-21-at-5.18.33-PM-1.jpeg\",\"datePublished\":\"2025-11-21T21:02:13+00:00\",\"breadcrumb\":{\"@id\":\"https:\/\/sakaimaquinariasltda.cl\/index.php\/producto\/tractor-mitsubishi-mtr-250\/#breadcrumb\"},\"inLanguage\":\"es\",\"potentialAction\":[{\"@type\":\"ReadAction\",\"target\":[\"https:\/\/sakaimaquinariasltda.cl\/index.php\/producto\/tractor-mitsubishi-mtr-250\/\"]}]},{\"@type\":\"ImageObject\",\"inLanguage\":\"es\",\"@id\":\"https:\/\/sakaimaquinariasltda.cl\/index.php\/producto\/tractor-mitsubishi-mtr-250\/#primaryimage\",\"url\":\"https:\/\/sakaimaquinariasltda.cl\/wp-content\/uploads\/2025\/11\/WhatsApp-Image-2025-11-21-at-5.18.33-PM-1.jpeg\",\"contentUrl\":\"https:\/\/sakaimaquinariasltda.cl\/wp-content\/uploads\/2025\/11\/WhatsApp-Image-2025-11-21-at-5.18.33-PM-1.jpeg\",\"width\":1280,\"height\":960},{\"@type\":\"BreadcrumbList\",\"@id\":\"https:\/\/sakaimaquinariasltda.cl\/index.php\/producto\/tractor-mitsubishi-mtr-250\/#breadcrumb\",\"itemListElement\":[{\"@type\":\"ListItem\",\"position\":1,\"name\":\"Portada\",\"item\":\"https:\/\/sakaimaquinariasltda.cl\/\"},{\"@type\":\"ListItem\",\"position\":2,\"name\":\"Tienda\",\"item\":\"https:\/\/sakaimaquinariasltda.cl\/index.php\/tienda\/\"},{\"@type\":\"ListItem\",\"position\":3,\"name\":\"TRACTOR MITSUBISHI MTR-250\"}]},{\"@type\":\"WebSite\",\"@id\":\"https:\/\/sakaimaquinariasltda.cl\/#website\",\"url\":\"https:\/\/sakaimaquinariasltda.cl\/\",\"name\":\"Import. Export. Sakai Maquinarias Ltda\",\"description\":\"Empresa dedicada 100% a la importaci\u00f3n de tractores japoneses\",\"publisher\":{\"@id\":\"https:\/\/sakaimaquinariasltda.cl\/#organization\"},\"alternateName\":\"sakai\",\"potentialAction\":[{\"@type\":\"SearchAction\",\"target\":{\"@type\":\"EntryPoint\",\"urlTemplate\":\"https:\/\/sakaimaquinariasltda.cl\/?s={search_term_string}\"},\"query-input\":{\"@type\":\"PropertyValueSpecification\",\"valueRequired\":true,\"valueName\":\"search_term_string\"}}],\"inLanguage\":\"es\"},{\"@type\":\"Organization\",\"@id\":\"https:\/\/sakaimaquinariasltda.cl\/#organization\",\"name\":\"Import. Export. Sakai Maquinarias Ltda\",\"url\":\"https:\/\/sakaimaquinariasltda.cl\/\",\"logo\":{\"@type\":\"ImageObject\",\"inLanguage\":\"es\",\"@id\":\"https:\/\/sakaimaquinariasltda.cl\/#\/schema\/logo\/image\/\",\"url\":\"https:\/\/sakaimaquinariasltda.cl\/wp-content\/uploads\/2023\/02\/cropped-Pollone-1-1.jpg\",\"contentUrl\":\"https:\/\/sakaimaquinariasltda.cl\/wp-content\/uploads\/2023\/02\/cropped-Pollone-1-1.jpg\",\"width\":880,\"height\":210,\"caption\":\"Import. Export. Sakai Maquinarias Ltda\"},\"image\":{\"@id\":\"https:\/\/sakaimaquinariasltda.cl\/#\/schema\/logo\/image\/\"}}]}<\/script>\n<!-- \/ Yoast SEO plugin. -->","yoast_head_json":{"title":"TRACTOR MITSUBISHI MTR-250 - Import. Export. Sakai Maquinarias Ltda","robots":{"index":"index","follow":"follow","max-snippet":"max-snippet:-1","max-image-preview":"max-image-preview:large","max-video-preview":"max-video-preview:-1"},"canonical":"https:\/\/sakaimaquinariasltda.cl\/index.php\/producto\/tractor-mitsubishi-mtr-250\/","og_locale":"es_ES","og_type":"article","og_title":"TRACTOR MITSUBISHI MTR-250 - Import. Export. Sakai Maquinarias Ltda","og_description":"Potencia:\u00a025 CV  Motor:\u00a0Di\u00e9sel de 4 cilindros y 1.500 cc  Tracci\u00f3n:\u00a04\u00d74 seleccionable (se puede usar solo la tracci\u00f3n trasera)  Transmisi\u00f3n:\u00a016 velocidades de avance y 16 de retroceso  Dise\u00f1o:\u00a0Compacto y eficiente      Caracter\u00edsticas y usos           Versatilidad:\u00a0 La tracci\u00f3n 4\u00d74 seleccionable permite adaptar el tractor a diferentes tareas agr\u00edcolas.\u00a0&nbsp;                 Ideal para:\u00a0 Labores agr\u00edcolas de peque\u00f1a y mediana escala, as\u00ed como para cultivos de huerto.\u00a0","og_url":"https:\/\/sakaimaquinariasltda.cl\/index.php\/producto\/tractor-mitsubishi-mtr-250\/","og_site_name":"Import. Export. Sakai Maquinarias Ltda","og_image":[{"width":1280,"height":960,"url":"https:\/\/sakaimaquinariasltda.cl\/wp-content\/uploads\/2025\/11\/WhatsApp-Image-2025-11-21-at-5.18.33-PM-1.jpeg","type":"image\/jpeg"}],"twitter_card":"summary_large_image","twitter_misc":{"Tiempo de lectura":"1 minuto"},"schema":{"@context":"https:\/\/schema.org","@graph":[{"@type":"WebPage","@id":"https:\/\/sakaimaquinariasltda.cl\/index.php\/producto\/tractor-mitsubishi-mtr-250\/","url":"https:\/\/sakaimaquinariasltda.cl\/index.php\/producto\/tractor-mitsubishi-mtr-250\/","name":"TRACTOR MITSUBISHI MTR-250 - Import. Export. Sakai Maquinarias Ltda","isPartOf":{"@id":"https:\/\/sakaimaquinariasltda.cl\/#website"},"primaryImageOfPage":{"@id":"https:\/\/sakaimaquinariasltda.cl\/index.php\/producto\/tractor-mitsubishi-mtr-250\/#primaryimage"},"image":{"@id":"https:\/\/sakaimaquinariasltda.cl\/index.php\/producto\/tractor-mitsubishi-mtr-250\/#primaryimage"},"thumbnailUrl":"https:\/\/sakaimaquinariasltda.cl\/wp-content\/uploads\/2025\/11\/WhatsApp-Image-2025-11-21-at-5.18.33-PM-1.jpeg","datePublished":"2025-11-21T21:02:13+00:00","breadcrumb":{"@id":"https:\/\/sakaimaquinariasltda.cl\/index.php\/producto\/tractor-mitsubishi-mtr-250\/#breadcrumb"},"inLanguage":"es","potentialAction":[{"@type":"ReadAction","target":["https:\/\/sakaimaquinariasltda.cl\/index.php\/producto\/tractor-mitsubishi-mtr-250\/"]}]},{"@type":"ImageObject","inLanguage":"es","@id":"https:\/\/sakaimaquinariasltda.cl\/index.php\/producto\/tractor-mitsubishi-mtr-250\/#primaryimage","url":"https:\/\/sakaimaquinariasltda.cl\/wp-content\/uploads\/2025\/11\/WhatsApp-Image-2025-11-21-at-5.18.33-PM-1.jpeg","contentUrl":"https:\/\/sakaimaquinariasltda.cl\/wp-content\/uploads\/2025\/11\/WhatsApp-Image-2025-11-21-at-5.18.33-PM-1.jpeg","width":1280,"height":960},{"@type":"BreadcrumbList","@id":"https:\/\/sakaimaquinariasltda.cl\/index.php\/producto\/tractor-mitsubishi-mtr-250\/#breadcrumb","itemListElement":[{"@type":"ListItem","position":1,"name":"Portada","item":"https:\/\/sakaimaquinariasltda.cl\/"},{"@type":"ListItem","position":2,"name":"Tienda","item":"https:\/\/sakaimaquinariasltda.cl\/index.php\/tienda\/"},{"@type":"ListItem","position":3,"name":"TRACTOR MITSUBISHI MTR-250"}]},{"@type":"WebSite","@id":"https:\/\/sakaimaquinariasltda.cl\/#website","url":"https:\/\/sakaimaquinariasltda.cl\/","name":"Import. Export. Sakai Maquinarias Ltda","description":"Empresa dedicada 100% a la importaci\u00f3n de tractores japoneses","publisher":{"@id":"https:\/\/sakaimaquinariasltda.cl\/#organization"},"alternateName":"sakai","potentialAction":[{"@type":"SearchAction","target":{"@type":"EntryPoint","urlTemplate":"https:\/\/sakaimaquinariasltda.cl\/?s={search_term_string}"},"query-input":{"@type":"PropertyValueSpecification","valueRequired":true,"valueName":"search_term_string"}}],"inLanguage":"es"},{"@type":"Organization","@id":"https:\/\/sakaimaquinariasltda.cl\/#organization","name":"Import. Export. Sakai Maquinarias Ltda","url":"https:\/\/sakaimaquinariasltda.cl\/","logo":{"@type":"ImageObject","inLanguage":"es","@id":"https:\/\/sakaimaquinariasltda.cl\/#\/schema\/logo\/image\/","url":"https:\/\/sakaimaquinariasltda.cl\/wp-content\/uploads\/2023\/02\/cropped-Pollone-1-1.jpg","contentUrl":"https:\/\/sakaimaquinariasltda.cl\/wp-content\/uploads\/2023\/02\/cropped-Pollone-1-1.jpg","width":880,"height":210,"caption":"Import. Export. Sakai Maquinarias Ltda"},"image":{"@id":"https:\/\/sakaimaquinariasltda.cl\/#\/schema\/logo\/image\/"}}]}},"_links":{"self":[{"href":"https:\/\/sakaimaquinariasltda.cl\/index.php\/wp-json\/wp\/v2\/product\/2367","targetHints":{"allow":["GET"]}}],"collection":[{"href":"https:\/\/sakaimaquinariasltda.cl\/index.php\/wp-json\/wp\/v2\/product"}],"about":[{"href":"https:\/\/sakaimaquinariasltda.cl\/index.php\/wp-json\/wp\/v2\/types\/product"}],"wp:featuredmedia":[{"embeddable":true,"href":"https:\/\/sakaimaquinariasltda.cl\/index.php\/wp-json\/wp\/v2\/media\/2351"}],"wp:attachment":[{"href":"https:\/\/sakaimaquinariasltda.cl\/index.php\/wp-json\/wp\/v2\/media?parent=2367"}],"wp:term":[{"taxonomy":"product_brand","embeddable":true,"href":"https:\/\/sakaimaquinariasltda.cl\/index.php\/wp-json\/wp\/v2\/product_brand?post=2367"},{"taxonomy":"product_cat","embeddable":true,"href":"https:\/\/sakaimaquinariasltda.cl\/index.php\/wp-json\/wp\/v2\/product_cat?post=2367"},{"taxonomy":"product_tag","embeddable":true,"href":"https:\/\/sakaimaquinariasltda.cl\/index.php\/wp-json\/wp\/v2\/product_tag?post=2367"}],"curies":[{"name":"wp","href":"https:\/\/api.w.org\/{rel}","templated":true}]}}