{"id":2036,"date":"2025-09-27T16:38:46","date_gmt":"2025-09-27T16:38:46","guid":{"rendered":"https:\/\/sakaimaquinariasltda.cl\/?post_type=product&#038;p=2036"},"modified":"2025-09-27T16:38:47","modified_gmt":"2025-09-27T16:38:47","slug":"grua-horquilla-morimoto-t-35a","status":"publish","type":"product","link":"https:\/\/sakaimaquinariasltda.cl\/index.php\/producto\/grua-horquilla-morimoto-t-35a\/","title":{"rendered":"GRUA HORQUILLA MORIMOTO T-35A"},"content":{"rendered":"<p>HACEMOS ENVIOS A TODO CHILE;PER\u00da, BOLIVIA Y PARAGUAY.<br \/>\nCONTACTENOS AL:<\/p>\n<p>+569 6213 4782<\/p>\n<p>+569 3228 6609<\/p>\n<p>+569 9385 9507<\/p>\n<p>Y EN NUESTRAS REDES SOCIALES:<\/p>\n<p>FACEBOOK- INSTAGRAM \u2013 TIKTOK<\/p>\n<p>COMO: SAKAI MAQUINARIAS LTDA<\/p>\n<p>Correo electr\u00f3nico: sakaimaquinarias@gmail.com<\/p>\n","protected":false},"excerpt":{"rendered":"<div class=\"AdPoic\" role=\"heading\" aria-level=\"3\" data-complete=\"true\" data-processed=\"true\">Rendimiento<button class=\"rBl3me\" tabindex=\"0\" data-amic=\"true\" data-icl-uuid=\"ec58c058-50b1-4dbc-b6e1-1ab684de3a3b\" aria-label=\"Ver v\u00ednculos relacionados\" data-ved=\"2ahUKEwiLucissPmPAxVks5UCHT_QLN8Qye0OegQIBBAA\"><\/button><\/div>\n<ul class=\"U6u95\" data-complete=\"true\" data-processed=\"true\">\n<li data-hveid=\"CAUQAA\" data-complete=\"true\" data-sae=\"\"><span class=\"T286Pc\" data-complete=\"true\"><b class=\"Yjhzub\" data-complete=\"true\">Capacidad de carga nominal<\/b>: 3500 kg.<\/span><\/li>\n<li data-hveid=\"CAUQAQ\" data-complete=\"true\" data-sae=\"\"><span class=\"T286Pc\" data-complete=\"true\"><b class=\"Yjhzub\" data-complete=\"true\">Altura de elevaci\u00f3n nominal<\/b>: Entre 3000 mm y 6000 mm, dependiendo de la configuraci\u00f3n.<\/span><\/li>\n<li data-hveid=\"CAUQAg\" data-complete=\"true\" data-sae=\"\"><span class=\"T286Pc\" data-complete=\"true\"><b class=\"Yjhzub\" data-complete=\"true\">Distancia del centro de carga<\/b>: 600 mm.<\/span><\/li>\n<li data-hveid=\"CAUQAw\" data-complete=\"true\" data-sae=\"\"><span class=\"T286Pc\" data-complete=\"true\"><b class=\"Yjhzub\" data-complete=\"true\">Velocidad m\u00e1xima de desplazamiento<\/b>: 38 km\/h.<\/span><span class=\"notranslate\" data-wiz-uids=\"CMLVgc_17,CMLVgc_18\" data-complete=\"true\"><span class=\"vKEkVd\" data-animation-atomic=\"\" data-sae=\"\">\u00a0<button class=\"rBl3me\" tabindex=\"0\" data-amic=\"true\" data-icl-uuid=\"2c93a280-25b3-4a3e-a871-5e16d57a0068\" aria-label=\"Ver v\u00ednculos relacionados\" data-ved=\"2ahUKEwiLucissPmPAxVks5UCHT_QLN8Qye0OegQIBRAE\"><\/button><\/span><\/span><\/li>\n<\/ul>\n<div class=\"AdPoic\" role=\"heading\" aria-level=\"3\" data-complete=\"true\" data-processed=\"true\">Dimensiones<button class=\"rBl3me\" tabindex=\"0\" data-amic=\"true\" data-icl-uuid=\"0eea0619-47ac-4fd0-ba08-fc6ae7401285\" aria-label=\"Ver v\u00ednculos relacionados\" data-ved=\"2ahUKEwiLucissPmPAxVks5UCHT_QLN8Qye0OegQIBhAA\"><\/button><\/div>\n<ul class=\"U6u95\" data-complete=\"true\" data-processed=\"true\">\n<li data-hveid=\"CAcQAA\" data-complete=\"true\" data-sae=\"\"><span class=\"T286Pc\" data-complete=\"true\"><b class=\"Yjhzub\" data-complete=\"true\">Radio m\u00ednimo de giro<\/b>: 3500 mm.<\/span><\/li>\n<li data-hveid=\"CAcQAQ\" data-complete=\"true\" data-sae=\"\"><span class=\"T286Pc\" data-complete=\"true\"><b class=\"Yjhzub\" data-complete=\"true\">Distancia entre ejes<\/b>: 2200 mm.<\/span><\/li>\n<li data-hveid=\"CAcQAg\" data-complete=\"true\" data-sae=\"\"><span class=\"T286Pc\" data-complete=\"true\"><b class=\"Yjhzub\" data-complete=\"true\">Distancia al suelo (despeje)<\/b>: 350 mm.<\/span><span class=\"notranslate\" data-wiz-uids=\"CMLVgc_1s,CMLVgc_1t\" data-complete=\"true\"><span class=\"vKEkVd\" data-animation-atomic=\"\" data-sae=\"\">\u00a0<button class=\"rBl3me\" tabindex=\"0\" data-amic=\"true\" data-icl-uuid=\"0d81417a-3698-4d86-b3b9-021734ae91db\" aria-label=\"Ver v\u00ednculos relacionados\" data-ved=\"2ahUKEwiLucissPmPAxVks5UCHT_QLN8Qye0OegQIBxAD\"><\/button><\/span><\/span><\/li>\n<\/ul>\n<div class=\"AdPoic\" role=\"heading\" aria-level=\"3\" data-processed=\"true\" data-complete=\"true\">Motor y tren motriz<button class=\"rBl3me\" tabindex=\"0\" data-amic=\"true\" data-icl-uuid=\"92767ad9-51bf-40f7-9ec1-388264b0265a\" aria-label=\"Ver v\u00ednculos relacionados\" data-ved=\"2ahUKEwiLucissPmPAxVks5UCHT_QLN8Qye0OegQICBAA\"><\/button><\/div>\n<ul class=\"U6u95\" data-complete=\"true\" data-processed=\"true\">\n<li data-hveid=\"CAkQAA\" data-complete=\"true\" data-sae=\"\"><span class=\"T286Pc\" data-complete=\"true\"><b class=\"Yjhzub\" data-complete=\"true\">Fabricante del motor<\/b>: YUNNEI.<\/span><\/li>\n<li data-hveid=\"CAkQAQ\" data-complete=\"true\" data-sae=\"\"><span class=\"T286Pc\" data-complete=\"true\"><b class=\"Yjhzub\" data-complete=\"true\">Potencia del motor<\/b>: 42 kW\/r.p.m.<\/span><\/li>\n<li data-hveid=\"CAkQAg\" data-complete=\"true\" data-sae=\"\"><span class=\"T286Pc\" data-complete=\"true\"><b class=\"Yjhzub\" data-complete=\"true\">Modo de conducci\u00f3n<\/b>: 4 ruedas motrices (4WD).<\/span><\/li>\n<li data-hveid=\"CAkQAw\" data-complete=\"true\" data-sae=\"\"><span class=\"T286Pc\" data-complete=\"true\"><b class=\"Yjhzub\" data-complete=\"true\">Reducci\u00f3n<\/b>: Reducci\u00f3n de rueda de acero fundido monobloque.<\/span><\/li>\n<li data-hveid=\"CAkQBA\" data-complete=\"true\" data-sae=\"\"><span class=\"T286Pc\" data-complete=\"true\"><b class=\"Yjhzub\" data-complete=\"true\">Convertidor de par<\/b>: 265 convertidor de par de alta y baja velocidad<\/span><\/li>\n<\/ul>\n","protected":false},"featured_media":2047,"template":"","meta":[],"product_brand":[],"product_cat":[18],"product_tag":[],"class_list":{"0":"post-2036","1":"product","2":"type-product","3":"status-publish","4":"has-post-thumbnail","6":"product_cat-montacarga","8":"first","9":"instock","10":"shipping-taxable","11":"product-type-simple"},"yoast_head":"<!-- This site is optimized with the Yoast SEO plugin v25.1 - https:\/\/yoast.com\/wordpress\/plugins\/seo\/ -->\n<title>GRUA HORQUILLA MORIMOTO T-35A - Import. Export. Sakai Maquinarias Ltda<\/title>\n<meta name=\"robots\" content=\"index, follow, max-snippet:-1, max-image-preview:large, max-video-preview:-1\" \/>\n<link rel=\"canonical\" href=\"https:\/\/sakaimaquinariasltda.cl\/index.php\/producto\/grua-horquilla-morimoto-t-35a\/\" \/>\n<meta property=\"og:locale\" content=\"es_ES\" \/>\n<meta property=\"og:type\" content=\"article\" \/>\n<meta property=\"og:title\" content=\"GRUA HORQUILLA MORIMOTO T-35A - Import. Export. Sakai Maquinarias Ltda\" \/>\n<meta property=\"og:description\" content=\"Rendimiento   Capacidad de carga nominal: 3500 kg.  Altura de elevaci\u00f3n nominal: Entre 3000 mm y 6000 mm, dependiendo de la configuraci\u00f3n.  Distancia del centro de carga: 600 mm.  Velocidad m\u00e1xima de desplazamiento: 38 km\/h.\u00a0  Dimensiones   Radio m\u00ednimo de giro: 3500 mm.  Distancia entre ejes: 2200 mm.  Distancia al suelo (despeje): 350 mm.\u00a0  Motor y tren motriz   Fabricante del motor: YUNNEI.  Potencia del motor: 42 kW\/r.p.m.  Modo de conducci\u00f3n: 4 ruedas motrices (4WD).  Reducci\u00f3n: Reducci\u00f3n de rueda de acero fundido monobloque.  Convertidor de par: 265 convertidor de par de alta y baja velocidad\" \/>\n<meta property=\"og:url\" content=\"https:\/\/sakaimaquinariasltda.cl\/index.php\/producto\/grua-horquilla-morimoto-t-35a\/\" \/>\n<meta property=\"og:site_name\" content=\"Import. Export. Sakai Maquinarias Ltda\" \/>\n<meta property=\"article:modified_time\" content=\"2025-09-27T16:38:47+00:00\" \/>\n<meta property=\"og:image\" content=\"https:\/\/sakaimaquinariasltda.cl\/wp-content\/uploads\/2025\/09\/WhatsApp-Image-2025-09-27-at-1.31.55-PM.jpeg\" \/>\n\t<meta property=\"og:image:width\" content=\"1280\" \/>\n\t<meta property=\"og:image:height\" content=\"960\" \/>\n\t<meta property=\"og:image:type\" content=\"image\/jpeg\" \/>\n<meta name=\"twitter:card\" content=\"summary_large_image\" \/>\n<meta name=\"twitter:label1\" content=\"Tiempo de lectura\" \/>\n\t<meta name=\"twitter:data1\" content=\"1 minuto\" \/>\n<script type=\"application\/ld+json\" class=\"yoast-schema-graph\">{\"@context\":\"https:\/\/schema.org\",\"@graph\":[{\"@type\":\"WebPage\",\"@id\":\"https:\/\/sakaimaquinariasltda.cl\/index.php\/producto\/grua-horquilla-morimoto-t-35a\/\",\"url\":\"https:\/\/sakaimaquinariasltda.cl\/index.php\/producto\/grua-horquilla-morimoto-t-35a\/\",\"name\":\"GRUA HORQUILLA MORIMOTO T-35A - Import. Export. Sakai Maquinarias Ltda\",\"isPartOf\":{\"@id\":\"https:\/\/sakaimaquinariasltda.cl\/#website\"},\"primaryImageOfPage\":{\"@id\":\"https:\/\/sakaimaquinariasltda.cl\/index.php\/producto\/grua-horquilla-morimoto-t-35a\/#primaryimage\"},\"image\":{\"@id\":\"https:\/\/sakaimaquinariasltda.cl\/index.php\/producto\/grua-horquilla-morimoto-t-35a\/#primaryimage\"},\"thumbnailUrl\":\"https:\/\/sakaimaquinariasltda.cl\/wp-content\/uploads\/2025\/09\/WhatsApp-Image-2025-09-27-at-1.31.55-PM.jpeg\",\"datePublished\":\"2025-09-27T16:38:46+00:00\",\"dateModified\":\"2025-09-27T16:38:47+00:00\",\"breadcrumb\":{\"@id\":\"https:\/\/sakaimaquinariasltda.cl\/index.php\/producto\/grua-horquilla-morimoto-t-35a\/#breadcrumb\"},\"inLanguage\":\"es\",\"potentialAction\":[{\"@type\":\"ReadAction\",\"target\":[\"https:\/\/sakaimaquinariasltda.cl\/index.php\/producto\/grua-horquilla-morimoto-t-35a\/\"]}]},{\"@type\":\"ImageObject\",\"inLanguage\":\"es\",\"@id\":\"https:\/\/sakaimaquinariasltda.cl\/index.php\/producto\/grua-horquilla-morimoto-t-35a\/#primaryimage\",\"url\":\"https:\/\/sakaimaquinariasltda.cl\/wp-content\/uploads\/2025\/09\/WhatsApp-Image-2025-09-27-at-1.31.55-PM.jpeg\",\"contentUrl\":\"https:\/\/sakaimaquinariasltda.cl\/wp-content\/uploads\/2025\/09\/WhatsApp-Image-2025-09-27-at-1.31.55-PM.jpeg\",\"width\":1280,\"height\":960},{\"@type\":\"BreadcrumbList\",\"@id\":\"https:\/\/sakaimaquinariasltda.cl\/index.php\/producto\/grua-horquilla-morimoto-t-35a\/#breadcrumb\",\"itemListElement\":[{\"@type\":\"ListItem\",\"position\":1,\"name\":\"Portada\",\"item\":\"https:\/\/sakaimaquinariasltda.cl\/\"},{\"@type\":\"ListItem\",\"position\":2,\"name\":\"Tienda\",\"item\":\"https:\/\/sakaimaquinariasltda.cl\/index.php\/tienda\/\"},{\"@type\":\"ListItem\",\"position\":3,\"name\":\"GRUA HORQUILLA MORIMOTO T-35A\"}]},{\"@type\":\"WebSite\",\"@id\":\"https:\/\/sakaimaquinariasltda.cl\/#website\",\"url\":\"https:\/\/sakaimaquinariasltda.cl\/\",\"name\":\"Import. Export. Sakai Maquinarias Ltda\",\"description\":\"Empresa dedicada 100% a la importaci\u00f3n de tractores japoneses\",\"publisher\":{\"@id\":\"https:\/\/sakaimaquinariasltda.cl\/#organization\"},\"alternateName\":\"sakai\",\"potentialAction\":[{\"@type\":\"SearchAction\",\"target\":{\"@type\":\"EntryPoint\",\"urlTemplate\":\"https:\/\/sakaimaquinariasltda.cl\/?s={search_term_string}\"},\"query-input\":{\"@type\":\"PropertyValueSpecification\",\"valueRequired\":true,\"valueName\":\"search_term_string\"}}],\"inLanguage\":\"es\"},{\"@type\":\"Organization\",\"@id\":\"https:\/\/sakaimaquinariasltda.cl\/#organization\",\"name\":\"Import. Export. Sakai Maquinarias Ltda\",\"url\":\"https:\/\/sakaimaquinariasltda.cl\/\",\"logo\":{\"@type\":\"ImageObject\",\"inLanguage\":\"es\",\"@id\":\"https:\/\/sakaimaquinariasltda.cl\/#\/schema\/logo\/image\/\",\"url\":\"https:\/\/sakaimaquinariasltda.cl\/wp-content\/uploads\/2023\/02\/cropped-Pollone-1-1.jpg\",\"contentUrl\":\"https:\/\/sakaimaquinariasltda.cl\/wp-content\/uploads\/2023\/02\/cropped-Pollone-1-1.jpg\",\"width\":880,\"height\":210,\"caption\":\"Import. Export. Sakai Maquinarias Ltda\"},\"image\":{\"@id\":\"https:\/\/sakaimaquinariasltda.cl\/#\/schema\/logo\/image\/\"}}]}<\/script>\n<!-- \/ Yoast SEO plugin. -->","yoast_head_json":{"title":"GRUA HORQUILLA MORIMOTO T-35A - Import. Export. Sakai Maquinarias Ltda","robots":{"index":"index","follow":"follow","max-snippet":"max-snippet:-1","max-image-preview":"max-image-preview:large","max-video-preview":"max-video-preview:-1"},"canonical":"https:\/\/sakaimaquinariasltda.cl\/index.php\/producto\/grua-horquilla-morimoto-t-35a\/","og_locale":"es_ES","og_type":"article","og_title":"GRUA HORQUILLA MORIMOTO T-35A - Import. Export. Sakai Maquinarias Ltda","og_description":"Rendimiento   Capacidad de carga nominal: 3500 kg.  Altura de elevaci\u00f3n nominal: Entre 3000 mm y 6000 mm, dependiendo de la configuraci\u00f3n.  Distancia del centro de carga: 600 mm.  Velocidad m\u00e1xima de desplazamiento: 38 km\/h.\u00a0  Dimensiones   Radio m\u00ednimo de giro: 3500 mm.  Distancia entre ejes: 2200 mm.  Distancia al suelo (despeje): 350 mm.\u00a0  Motor y tren motriz   Fabricante del motor: YUNNEI.  Potencia del motor: 42 kW\/r.p.m.  Modo de conducci\u00f3n: 4 ruedas motrices (4WD).  Reducci\u00f3n: Reducci\u00f3n de rueda de acero fundido monobloque.  Convertidor de par: 265 convertidor de par de alta y baja velocidad","og_url":"https:\/\/sakaimaquinariasltda.cl\/index.php\/producto\/grua-horquilla-morimoto-t-35a\/","og_site_name":"Import. Export. Sakai Maquinarias Ltda","article_modified_time":"2025-09-27T16:38:47+00:00","og_image":[{"width":1280,"height":960,"url":"https:\/\/sakaimaquinariasltda.cl\/wp-content\/uploads\/2025\/09\/WhatsApp-Image-2025-09-27-at-1.31.55-PM.jpeg","type":"image\/jpeg"}],"twitter_card":"summary_large_image","twitter_misc":{"Tiempo de lectura":"1 minuto"},"schema":{"@context":"https:\/\/schema.org","@graph":[{"@type":"WebPage","@id":"https:\/\/sakaimaquinariasltda.cl\/index.php\/producto\/grua-horquilla-morimoto-t-35a\/","url":"https:\/\/sakaimaquinariasltda.cl\/index.php\/producto\/grua-horquilla-morimoto-t-35a\/","name":"GRUA HORQUILLA MORIMOTO T-35A - Import. Export. Sakai Maquinarias Ltda","isPartOf":{"@id":"https:\/\/sakaimaquinariasltda.cl\/#website"},"primaryImageOfPage":{"@id":"https:\/\/sakaimaquinariasltda.cl\/index.php\/producto\/grua-horquilla-morimoto-t-35a\/#primaryimage"},"image":{"@id":"https:\/\/sakaimaquinariasltda.cl\/index.php\/producto\/grua-horquilla-morimoto-t-35a\/#primaryimage"},"thumbnailUrl":"https:\/\/sakaimaquinariasltda.cl\/wp-content\/uploads\/2025\/09\/WhatsApp-Image-2025-09-27-at-1.31.55-PM.jpeg","datePublished":"2025-09-27T16:38:46+00:00","dateModified":"2025-09-27T16:38:47+00:00","breadcrumb":{"@id":"https:\/\/sakaimaquinariasltda.cl\/index.php\/producto\/grua-horquilla-morimoto-t-35a\/#breadcrumb"},"inLanguage":"es","potentialAction":[{"@type":"ReadAction","target":["https:\/\/sakaimaquinariasltda.cl\/index.php\/producto\/grua-horquilla-morimoto-t-35a\/"]}]},{"@type":"ImageObject","inLanguage":"es","@id":"https:\/\/sakaimaquinariasltda.cl\/index.php\/producto\/grua-horquilla-morimoto-t-35a\/#primaryimage","url":"https:\/\/sakaimaquinariasltda.cl\/wp-content\/uploads\/2025\/09\/WhatsApp-Image-2025-09-27-at-1.31.55-PM.jpeg","contentUrl":"https:\/\/sakaimaquinariasltda.cl\/wp-content\/uploads\/2025\/09\/WhatsApp-Image-2025-09-27-at-1.31.55-PM.jpeg","width":1280,"height":960},{"@type":"BreadcrumbList","@id":"https:\/\/sakaimaquinariasltda.cl\/index.php\/producto\/grua-horquilla-morimoto-t-35a\/#breadcrumb","itemListElement":[{"@type":"ListItem","position":1,"name":"Portada","item":"https:\/\/sakaimaquinariasltda.cl\/"},{"@type":"ListItem","position":2,"name":"Tienda","item":"https:\/\/sakaimaquinariasltda.cl\/index.php\/tienda\/"},{"@type":"ListItem","position":3,"name":"GRUA HORQUILLA MORIMOTO T-35A"}]},{"@type":"WebSite","@id":"https:\/\/sakaimaquinariasltda.cl\/#website","url":"https:\/\/sakaimaquinariasltda.cl\/","name":"Import. Export. Sakai Maquinarias Ltda","description":"Empresa dedicada 100% a la importaci\u00f3n de tractores japoneses","publisher":{"@id":"https:\/\/sakaimaquinariasltda.cl\/#organization"},"alternateName":"sakai","potentialAction":[{"@type":"SearchAction","target":{"@type":"EntryPoint","urlTemplate":"https:\/\/sakaimaquinariasltda.cl\/?s={search_term_string}"},"query-input":{"@type":"PropertyValueSpecification","valueRequired":true,"valueName":"search_term_string"}}],"inLanguage":"es"},{"@type":"Organization","@id":"https:\/\/sakaimaquinariasltda.cl\/#organization","name":"Import. Export. Sakai Maquinarias Ltda","url":"https:\/\/sakaimaquinariasltda.cl\/","logo":{"@type":"ImageObject","inLanguage":"es","@id":"https:\/\/sakaimaquinariasltda.cl\/#\/schema\/logo\/image\/","url":"https:\/\/sakaimaquinariasltda.cl\/wp-content\/uploads\/2023\/02\/cropped-Pollone-1-1.jpg","contentUrl":"https:\/\/sakaimaquinariasltda.cl\/wp-content\/uploads\/2023\/02\/cropped-Pollone-1-1.jpg","width":880,"height":210,"caption":"Import. Export. Sakai Maquinarias Ltda"},"image":{"@id":"https:\/\/sakaimaquinariasltda.cl\/#\/schema\/logo\/image\/"}}]}},"_links":{"self":[{"href":"https:\/\/sakaimaquinariasltda.cl\/index.php\/wp-json\/wp\/v2\/product\/2036","targetHints":{"allow":["GET"]}}],"collection":[{"href":"https:\/\/sakaimaquinariasltda.cl\/index.php\/wp-json\/wp\/v2\/product"}],"about":[{"href":"https:\/\/sakaimaquinariasltda.cl\/index.php\/wp-json\/wp\/v2\/types\/product"}],"wp:featuredmedia":[{"embeddable":true,"href":"https:\/\/sakaimaquinariasltda.cl\/index.php\/wp-json\/wp\/v2\/media\/2047"}],"wp:attachment":[{"href":"https:\/\/sakaimaquinariasltda.cl\/index.php\/wp-json\/wp\/v2\/media?parent=2036"}],"wp:term":[{"taxonomy":"product_brand","embeddable":true,"href":"https:\/\/sakaimaquinariasltda.cl\/index.php\/wp-json\/wp\/v2\/product_brand?post=2036"},{"taxonomy":"product_cat","embeddable":true,"href":"https:\/\/sakaimaquinariasltda.cl\/index.php\/wp-json\/wp\/v2\/product_cat?post=2036"},{"taxonomy":"product_tag","embeddable":true,"href":"https:\/\/sakaimaquinariasltda.cl\/index.php\/wp-json\/wp\/v2\/product_tag?post=2036"}],"curies":[{"name":"wp","href":"https:\/\/api.w.org\/{rel}","templated":true}]}}