{"id":2032,"date":"2025-09-27T16:22:10","date_gmt":"2025-09-27T16:22:10","guid":{"rendered":"https:\/\/sakaimaquinariasltda.cl\/?post_type=product&#038;p=2032"},"modified":"2026-03-25T14:36:22","modified_gmt":"2026-03-25T14:36:22","slug":"tractor-yanmar-rs-270","status":"publish","type":"product","link":"https:\/\/sakaimaquinariasltda.cl\/index.php\/producto\/tractor-yanmar-rs-270\/","title":{"rendered":"-VENDIDO-TRACTOR YANMAR RS-270"},"content":{"rendered":"<p>HACEMOS ENVIOS A TODO CHILE;PER\u00da, BOLIVIA Y PARAGUAY.<br \/>\nCONTACTENOS AL:<\/p>\n<p>+569 6213 4782<\/p>\n<p>+569 3228 6609<\/p>\n<p>+569 9385 9507<\/p>\n<p>Y EN NUESTRAS REDES SOCIALES:<\/p>\n<p>FACEBOOK- INSTAGRAM \u2013 TIKTOK<\/p>\n<p>COMO: SAKAI MAQUINARIAS LTDA<\/p>\n<p>Correo electr\u00f3nico: sakaimaquinarias@gmail.com<\/p>\n","protected":false},"excerpt":{"rendered":"<div class=\"WaaZC\">\n<div class=\"RJPOee EIJn2\">\n<div class=\"rPeykc uP58nb\" data-hveid=\"CA0QAQ\" data-ved=\"2ahUKEwjupdnkrPmPAxXKJLkGHTjzFj0Qo_EKegQIDRAB\"><span data-huuid=\"536118894338237891\"><span role=\"heading\" aria-level=\"2\"><span dir=\"auto\">Especificaciones clave<\/span><\/span><span class=\"pjBG2e\" data-cid=\"337883d9-ba13-4419-ab62-23ec9a9e58a4\"><span class=\"UV3uM\">\u00a0<\/span><\/span><\/span><\/div>\n<\/div>\n<\/div>\n<div class=\"WaaZC\">\n<div class=\"RJPOee EIJn2\">\n<ul data-hveid=\"CDAQAQ\" data-ved=\"2ahUKEwjupdnkrPmPAxXKJLkGHTjzFj0Qm_YKegQIMBAB\">\n<li><span data-huuid=\"536118894338239928\"><strong><span dir=\"auto\">Motor:<\/span><\/strong>\u00a0<\/span><span data-huuid=\"536118894338236511\"><span dir=\"auto\">3 cilindros, di\u00e9sel, refrigeraci\u00f3n l\u00edquida.<\/span><\/span><\/li>\n<li><span data-huuid=\"536118894338237869\"><strong><span dir=\"auto\">Potencia:<\/span><\/strong>\u00a0<\/span><span data-huuid=\"536118894338238548\"><span dir=\"auto\">27 CV (caballos de fuerza).<\/span><\/span><\/li>\n<li><span data-huuid=\"536118894338239906\"><strong><span dir=\"auto\">Tracci\u00f3n:<\/span><\/strong>\u00a0<\/span><span data-huuid=\"536118894338236489\"><span dir=\"auto\">4 ruedas (4WD).<\/span><\/span><\/li>\n<li><span data-huuid=\"536118894338237847\"><strong><span dir=\"auto\">Transmisi\u00f3n:<\/span><\/strong>\u00a0<\/span><span data-huuid=\"536118894338238526\"><span dir=\"auto\">12 velocidades de avance y 12 de retroceso.<\/span><\/span><\/li>\n<li><span data-huuid=\"536118894338239884\"><strong><span dir=\"auto\">Velocidad m\u00e1xima:<\/span><\/strong>\u00a0<\/span><span data-huuid=\"536118894338236467\"><span dir=\"auto\">15 km\/h.<\/span><\/span><\/li>\n<li><span data-huuid=\"536118894338237825\"><strong><span dir=\"auto\">Peso:<\/span><\/strong>\u00a0<\/span><span data-huuid=\"536118894338238504\"><span dir=\"auto\">1.386 kg.<\/span><\/span><\/li>\n<li><span data-huuid=\"536118894338239862\"><strong><span dir=\"auto\">Neum\u00e1ticos:<\/span><\/strong>\u00a0<\/span><span data-huuid=\"536118894338236445\"><span dir=\"auto\">Delanteros 7.00-14 y traseros 11.2-24.<\/span><\/span><\/li>\n<li><span data-huuid=\"536118894338237803\"><strong><span dir=\"auto\">Sistema de refrigeraci\u00f3n:<\/span><\/strong>\u00a0<\/span><span data-huuid=\"536118894338238482\"><span dir=\"auto\">por agua.<\/span><\/span><\/li>\n<li><span data-huuid=\"536118894338239840\"><strong><span dir=\"auto\">Otras caracter\u00edsticas:<\/span><\/strong>\u00a0<\/span><span data-huuid=\"536118894338236423\"><span dir=\"auto\">cuenta con agregado de 3 puntos y es capaz de incorporar una pala frontal.<\/span><\/span><\/li>\n<\/ul>\n<\/div>\n<\/div>\n","protected":false},"featured_media":1841,"template":"","meta":[],"product_brand":[],"product_cat":[16],"product_tag":[],"class_list":{"0":"post-2032","1":"product","2":"type-product","3":"status-publish","4":"has-post-thumbnail","6":"product_cat-tractores","8":"first","9":"instock","10":"shipping-taxable","11":"product-type-simple"},"yoast_head":"<!-- This site is optimized with the Yoast SEO plugin v25.1 - https:\/\/yoast.com\/wordpress\/plugins\/seo\/ -->\n<title>-VENDIDO-TRACTOR YANMAR RS-270 - Import. Export. Sakai Maquinarias Ltda<\/title>\n<meta name=\"robots\" content=\"index, follow, max-snippet:-1, max-image-preview:large, max-video-preview:-1\" \/>\n<link rel=\"canonical\" href=\"https:\/\/sakaimaquinariasltda.cl\/index.php\/producto\/tractor-yanmar-rs-270\/\" \/>\n<meta property=\"og:locale\" content=\"es_ES\" \/>\n<meta property=\"og:type\" content=\"article\" \/>\n<meta property=\"og:title\" content=\"-VENDIDO-TRACTOR YANMAR RS-270 - Import. Export. Sakai Maquinarias Ltda\" \/>\n<meta property=\"og:description\" content=\"Especificaciones clave\u00a0       Motor:\u00a03 cilindros, di\u00e9sel, refrigeraci\u00f3n l\u00edquida.  Potencia:\u00a027 CV (caballos de fuerza).  Tracci\u00f3n:\u00a04 ruedas (4WD).  Transmisi\u00f3n:\u00a012 velocidades de avance y 12 de retroceso.  Velocidad m\u00e1xima:\u00a015 km\/h.  Peso:\u00a01.386 kg.  Neum\u00e1ticos:\u00a0Delanteros 7.00-14 y traseros 11.2-24.  Sistema de refrigeraci\u00f3n:\u00a0por agua.  Otras caracter\u00edsticas:\u00a0cuenta con agregado de 3 puntos y es capaz de incorporar una pala frontal.\" \/>\n<meta property=\"og:url\" content=\"https:\/\/sakaimaquinariasltda.cl\/index.php\/producto\/tractor-yanmar-rs-270\/\" \/>\n<meta property=\"og:site_name\" content=\"Import. Export. Sakai Maquinarias Ltda\" \/>\n<meta property=\"article:modified_time\" content=\"2026-03-25T14:36:22+00:00\" \/>\n<meta property=\"og:image\" content=\"https:\/\/sakaimaquinariasltda.cl\/wp-content\/uploads\/2025\/09\/WhatsApp-Image-2025-09-27-at-10.00.34-AM.jpeg\" \/>\n\t<meta property=\"og:image:width\" content=\"1600\" \/>\n\t<meta property=\"og:image:height\" content=\"1200\" \/>\n\t<meta property=\"og:image:type\" content=\"image\/jpeg\" \/>\n<meta name=\"twitter:card\" content=\"summary_large_image\" \/>\n<meta name=\"twitter:label1\" content=\"Tiempo de lectura\" \/>\n\t<meta name=\"twitter:data1\" content=\"1 minuto\" \/>\n<script type=\"application\/ld+json\" class=\"yoast-schema-graph\">{\"@context\":\"https:\/\/schema.org\",\"@graph\":[{\"@type\":\"WebPage\",\"@id\":\"https:\/\/sakaimaquinariasltda.cl\/index.php\/producto\/tractor-yanmar-rs-270\/\",\"url\":\"https:\/\/sakaimaquinariasltda.cl\/index.php\/producto\/tractor-yanmar-rs-270\/\",\"name\":\"-VENDIDO-TRACTOR YANMAR RS-270 - Import. Export. Sakai Maquinarias Ltda\",\"isPartOf\":{\"@id\":\"https:\/\/sakaimaquinariasltda.cl\/#website\"},\"primaryImageOfPage\":{\"@id\":\"https:\/\/sakaimaquinariasltda.cl\/index.php\/producto\/tractor-yanmar-rs-270\/#primaryimage\"},\"image\":{\"@id\":\"https:\/\/sakaimaquinariasltda.cl\/index.php\/producto\/tractor-yanmar-rs-270\/#primaryimage\"},\"thumbnailUrl\":\"https:\/\/sakaimaquinariasltda.cl\/wp-content\/uploads\/2025\/09\/WhatsApp-Image-2025-09-27-at-10.00.34-AM.jpeg\",\"datePublished\":\"2025-09-27T16:22:10+00:00\",\"dateModified\":\"2026-03-25T14:36:22+00:00\",\"breadcrumb\":{\"@id\":\"https:\/\/sakaimaquinariasltda.cl\/index.php\/producto\/tractor-yanmar-rs-270\/#breadcrumb\"},\"inLanguage\":\"es\",\"potentialAction\":[{\"@type\":\"ReadAction\",\"target\":[\"https:\/\/sakaimaquinariasltda.cl\/index.php\/producto\/tractor-yanmar-rs-270\/\"]}]},{\"@type\":\"ImageObject\",\"inLanguage\":\"es\",\"@id\":\"https:\/\/sakaimaquinariasltda.cl\/index.php\/producto\/tractor-yanmar-rs-270\/#primaryimage\",\"url\":\"https:\/\/sakaimaquinariasltda.cl\/wp-content\/uploads\/2025\/09\/WhatsApp-Image-2025-09-27-at-10.00.34-AM.jpeg\",\"contentUrl\":\"https:\/\/sakaimaquinariasltda.cl\/wp-content\/uploads\/2025\/09\/WhatsApp-Image-2025-09-27-at-10.00.34-AM.jpeg\",\"width\":1600,\"height\":1200},{\"@type\":\"BreadcrumbList\",\"@id\":\"https:\/\/sakaimaquinariasltda.cl\/index.php\/producto\/tractor-yanmar-rs-270\/#breadcrumb\",\"itemListElement\":[{\"@type\":\"ListItem\",\"position\":1,\"name\":\"Portada\",\"item\":\"https:\/\/sakaimaquinariasltda.cl\/\"},{\"@type\":\"ListItem\",\"position\":2,\"name\":\"Tienda\",\"item\":\"https:\/\/sakaimaquinariasltda.cl\/index.php\/tienda\/\"},{\"@type\":\"ListItem\",\"position\":3,\"name\":\"-VENDIDO-TRACTOR YANMAR RS-270\"}]},{\"@type\":\"WebSite\",\"@id\":\"https:\/\/sakaimaquinariasltda.cl\/#website\",\"url\":\"https:\/\/sakaimaquinariasltda.cl\/\",\"name\":\"Import. Export. Sakai Maquinarias Ltda\",\"description\":\"Empresa dedicada 100% a la importaci\u00f3n de tractores japoneses\",\"publisher\":{\"@id\":\"https:\/\/sakaimaquinariasltda.cl\/#organization\"},\"alternateName\":\"sakai\",\"potentialAction\":[{\"@type\":\"SearchAction\",\"target\":{\"@type\":\"EntryPoint\",\"urlTemplate\":\"https:\/\/sakaimaquinariasltda.cl\/?s={search_term_string}\"},\"query-input\":{\"@type\":\"PropertyValueSpecification\",\"valueRequired\":true,\"valueName\":\"search_term_string\"}}],\"inLanguage\":\"es\"},{\"@type\":\"Organization\",\"@id\":\"https:\/\/sakaimaquinariasltda.cl\/#organization\",\"name\":\"Import. Export. Sakai Maquinarias Ltda\",\"url\":\"https:\/\/sakaimaquinariasltda.cl\/\",\"logo\":{\"@type\":\"ImageObject\",\"inLanguage\":\"es\",\"@id\":\"https:\/\/sakaimaquinariasltda.cl\/#\/schema\/logo\/image\/\",\"url\":\"https:\/\/sakaimaquinariasltda.cl\/wp-content\/uploads\/2023\/02\/cropped-Pollone-1-1.jpg\",\"contentUrl\":\"https:\/\/sakaimaquinariasltda.cl\/wp-content\/uploads\/2023\/02\/cropped-Pollone-1-1.jpg\",\"width\":880,\"height\":210,\"caption\":\"Import. Export. Sakai Maquinarias Ltda\"},\"image\":{\"@id\":\"https:\/\/sakaimaquinariasltda.cl\/#\/schema\/logo\/image\/\"}}]}<\/script>\n<!-- \/ Yoast SEO plugin. -->","yoast_head_json":{"title":"-VENDIDO-TRACTOR YANMAR RS-270 - Import. Export. Sakai Maquinarias Ltda","robots":{"index":"index","follow":"follow","max-snippet":"max-snippet:-1","max-image-preview":"max-image-preview:large","max-video-preview":"max-video-preview:-1"},"canonical":"https:\/\/sakaimaquinariasltda.cl\/index.php\/producto\/tractor-yanmar-rs-270\/","og_locale":"es_ES","og_type":"article","og_title":"-VENDIDO-TRACTOR YANMAR RS-270 - Import. Export. Sakai Maquinarias Ltda","og_description":"Especificaciones clave\u00a0       Motor:\u00a03 cilindros, di\u00e9sel, refrigeraci\u00f3n l\u00edquida.  Potencia:\u00a027 CV (caballos de fuerza).  Tracci\u00f3n:\u00a04 ruedas (4WD).  Transmisi\u00f3n:\u00a012 velocidades de avance y 12 de retroceso.  Velocidad m\u00e1xima:\u00a015 km\/h.  Peso:\u00a01.386 kg.  Neum\u00e1ticos:\u00a0Delanteros 7.00-14 y traseros 11.2-24.  Sistema de refrigeraci\u00f3n:\u00a0por agua.  Otras caracter\u00edsticas:\u00a0cuenta con agregado de 3 puntos y es capaz de incorporar una pala frontal.","og_url":"https:\/\/sakaimaquinariasltda.cl\/index.php\/producto\/tractor-yanmar-rs-270\/","og_site_name":"Import. Export. Sakai Maquinarias Ltda","article_modified_time":"2026-03-25T14:36:22+00:00","og_image":[{"width":1600,"height":1200,"url":"https:\/\/sakaimaquinariasltda.cl\/wp-content\/uploads\/2025\/09\/WhatsApp-Image-2025-09-27-at-10.00.34-AM.jpeg","type":"image\/jpeg"}],"twitter_card":"summary_large_image","twitter_misc":{"Tiempo de lectura":"1 minuto"},"schema":{"@context":"https:\/\/schema.org","@graph":[{"@type":"WebPage","@id":"https:\/\/sakaimaquinariasltda.cl\/index.php\/producto\/tractor-yanmar-rs-270\/","url":"https:\/\/sakaimaquinariasltda.cl\/index.php\/producto\/tractor-yanmar-rs-270\/","name":"-VENDIDO-TRACTOR YANMAR RS-270 - Import. Export. Sakai Maquinarias Ltda","isPartOf":{"@id":"https:\/\/sakaimaquinariasltda.cl\/#website"},"primaryImageOfPage":{"@id":"https:\/\/sakaimaquinariasltda.cl\/index.php\/producto\/tractor-yanmar-rs-270\/#primaryimage"},"image":{"@id":"https:\/\/sakaimaquinariasltda.cl\/index.php\/producto\/tractor-yanmar-rs-270\/#primaryimage"},"thumbnailUrl":"https:\/\/sakaimaquinariasltda.cl\/wp-content\/uploads\/2025\/09\/WhatsApp-Image-2025-09-27-at-10.00.34-AM.jpeg","datePublished":"2025-09-27T16:22:10+00:00","dateModified":"2026-03-25T14:36:22+00:00","breadcrumb":{"@id":"https:\/\/sakaimaquinariasltda.cl\/index.php\/producto\/tractor-yanmar-rs-270\/#breadcrumb"},"inLanguage":"es","potentialAction":[{"@type":"ReadAction","target":["https:\/\/sakaimaquinariasltda.cl\/index.php\/producto\/tractor-yanmar-rs-270\/"]}]},{"@type":"ImageObject","inLanguage":"es","@id":"https:\/\/sakaimaquinariasltda.cl\/index.php\/producto\/tractor-yanmar-rs-270\/#primaryimage","url":"https:\/\/sakaimaquinariasltda.cl\/wp-content\/uploads\/2025\/09\/WhatsApp-Image-2025-09-27-at-10.00.34-AM.jpeg","contentUrl":"https:\/\/sakaimaquinariasltda.cl\/wp-content\/uploads\/2025\/09\/WhatsApp-Image-2025-09-27-at-10.00.34-AM.jpeg","width":1600,"height":1200},{"@type":"BreadcrumbList","@id":"https:\/\/sakaimaquinariasltda.cl\/index.php\/producto\/tractor-yanmar-rs-270\/#breadcrumb","itemListElement":[{"@type":"ListItem","position":1,"name":"Portada","item":"https:\/\/sakaimaquinariasltda.cl\/"},{"@type":"ListItem","position":2,"name":"Tienda","item":"https:\/\/sakaimaquinariasltda.cl\/index.php\/tienda\/"},{"@type":"ListItem","position":3,"name":"-VENDIDO-TRACTOR YANMAR RS-270"}]},{"@type":"WebSite","@id":"https:\/\/sakaimaquinariasltda.cl\/#website","url":"https:\/\/sakaimaquinariasltda.cl\/","name":"Import. Export. Sakai Maquinarias Ltda","description":"Empresa dedicada 100% a la importaci\u00f3n de tractores japoneses","publisher":{"@id":"https:\/\/sakaimaquinariasltda.cl\/#organization"},"alternateName":"sakai","potentialAction":[{"@type":"SearchAction","target":{"@type":"EntryPoint","urlTemplate":"https:\/\/sakaimaquinariasltda.cl\/?s={search_term_string}"},"query-input":{"@type":"PropertyValueSpecification","valueRequired":true,"valueName":"search_term_string"}}],"inLanguage":"es"},{"@type":"Organization","@id":"https:\/\/sakaimaquinariasltda.cl\/#organization","name":"Import. Export. Sakai Maquinarias Ltda","url":"https:\/\/sakaimaquinariasltda.cl\/","logo":{"@type":"ImageObject","inLanguage":"es","@id":"https:\/\/sakaimaquinariasltda.cl\/#\/schema\/logo\/image\/","url":"https:\/\/sakaimaquinariasltda.cl\/wp-content\/uploads\/2023\/02\/cropped-Pollone-1-1.jpg","contentUrl":"https:\/\/sakaimaquinariasltda.cl\/wp-content\/uploads\/2023\/02\/cropped-Pollone-1-1.jpg","width":880,"height":210,"caption":"Import. Export. Sakai Maquinarias Ltda"},"image":{"@id":"https:\/\/sakaimaquinariasltda.cl\/#\/schema\/logo\/image\/"}}]}},"_links":{"self":[{"href":"https:\/\/sakaimaquinariasltda.cl\/index.php\/wp-json\/wp\/v2\/product\/2032","targetHints":{"allow":["GET"]}}],"collection":[{"href":"https:\/\/sakaimaquinariasltda.cl\/index.php\/wp-json\/wp\/v2\/product"}],"about":[{"href":"https:\/\/sakaimaquinariasltda.cl\/index.php\/wp-json\/wp\/v2\/types\/product"}],"wp:featuredmedia":[{"embeddable":true,"href":"https:\/\/sakaimaquinariasltda.cl\/index.php\/wp-json\/wp\/v2\/media\/1841"}],"wp:attachment":[{"href":"https:\/\/sakaimaquinariasltda.cl\/index.php\/wp-json\/wp\/v2\/media?parent=2032"}],"wp:term":[{"taxonomy":"product_brand","embeddable":true,"href":"https:\/\/sakaimaquinariasltda.cl\/index.php\/wp-json\/wp\/v2\/product_brand?post=2032"},{"taxonomy":"product_cat","embeddable":true,"href":"https:\/\/sakaimaquinariasltda.cl\/index.php\/wp-json\/wp\/v2\/product_cat?post=2032"},{"taxonomy":"product_tag","embeddable":true,"href":"https:\/\/sakaimaquinariasltda.cl\/index.php\/wp-json\/wp\/v2\/product_tag?post=2032"}],"curies":[{"name":"wp","href":"https:\/\/api.w.org\/{rel}","templated":true}]}}