{"id":2030,"date":"2025-09-27T16:14:39","date_gmt":"2025-09-27T16:14:39","guid":{"rendered":"https:\/\/sakaimaquinariasltda.cl\/?post_type=product&#038;p=2030"},"modified":"2026-03-25T14:36:32","modified_gmt":"2026-03-25T14:36:32","slug":"tractor-kubota-m-954","status":"publish","type":"product","link":"https:\/\/sakaimaquinariasltda.cl\/index.php\/producto\/tractor-kubota-m-954\/","title":{"rendered":"-VENDIDO- TRACTOR KUBOTA M-954"},"content":{"rendered":"<p>HACEMOS ENVIOS A TODO CHILE;PER\u00da, BOLIVIA Y PARAGUAY.<br \/>\nCONTACTENOS AL:<\/p>\n<p>+569 6213 4782<\/p>\n<p>+569 3228 6609<\/p>\n<p>+569 9385 9507<\/p>\n<p>Y EN NUESTRAS REDES SOCIALES:<\/p>\n<p>FACEBOOK- INSTAGRAM \u2013 TIKTOK<\/p>\n<p>COMO: SAKAI MAQUINARIAS LTDA<\/p>\n<p>Correo electr\u00f3nico: sakaimaquinarias@gmail.com<\/p>\n","protected":false},"excerpt":{"rendered":"<div class=\"WaaZC\">\n<div class=\"RJPOee EIJn2\">\n<div class=\"rPeykc uP58nb\" data-hveid=\"CA0QAQ\" data-ved=\"2ahUKEwiL3cfGqvmPAxW8ArkGHYxAAG4Qo_EKegQIDRAB\"><span data-huuid=\"6174674188222627377\"><span role=\"heading\" aria-level=\"2\">Motor y Potencia<\/span><span class=\"pjBG2e\" data-cid=\"526daa5c-1c52-48f9-b99d-aa241e74fe09\"><span class=\"UV3uM\">\u00a0<\/span><\/span><\/span><\/div>\n<\/div>\n<\/div>\n<div class=\"WaaZC\">\n<div class=\"RJPOee EIJn2\">\n<ul data-hveid=\"CCQQAQ\" data-ved=\"2ahUKEwiL3cfGqvmPAxW8ArkGHYxAAG4Qm_YKegQIJBAB\">\n<li><span data-huuid=\"6174674188222623840\"><strong>Tipo:<\/strong>\u00a0<\/span><span data-huuid=\"6174674188222626757\">Motor Kubota V3800 E-CDIS (Inyecci\u00f3n de Centro Directo) con 4 v\u00e1lvulas.<\/span><\/li>\n<li><span data-huuid=\"6174674188222624399\"><strong>Cilindrada:<\/strong>\u00a0<\/span><span data-huuid=\"6174674188222627316\">3769 cm\u00b3.<\/span><\/li>\n<li><span data-huuid=\"6174674188222624958\"><strong>Potencia:<\/strong>\u00a0<\/span><span data-huuid=\"6174674188222623779\">95 caballos de fuerza.<\/span><\/li>\n<li><span data-huuid=\"6174674188222625517\"><strong>Aspiraci\u00f3n:<\/strong>\u00a0<\/span><span data-huuid=\"6174674188222624338\">Turbocargado.<\/span><\/li>\n<li><span data-huuid=\"6174674188222626076\"><strong>Caracter\u00edsticas:<\/strong>\u00a0<\/span><span data-huuid=\"6174674188222624897\">Dise\u00f1ado para ser robusto, confiable y ofrecer un gran rendimiento con bajo consumo y m\u00ednima vibraci\u00f3n.<\/span><\/li>\n<\/ul>\n<\/div>\n<\/div>\n<div class=\"WaaZC\">\n<div class=\"RJPOee EIJn2\">\n<div class=\"rPeykc uP58nb\" data-hveid=\"CCoQAQ\" data-ved=\"2ahUKEwiL3cfGqvmPAxW8ArkGHYxAAG4Qo_EKegQIKhAB\"><span data-huuid=\"6381046681344155629\"><span role=\"heading\" aria-level=\"2\">Transmisi\u00f3n<\/span><\/span><\/div>\n<div data-hveid=\"CCoQAQ\" data-ved=\"2ahUKEwiL3cfGqvmPAxW8ArkGHYxAAG4Qo_EKegQIKhAB\">\n<div class=\"WaaZC\">\n<div class=\"RJPOee EIJn2\">\n<div data-hveid=\"CEAQAQ\" data-ved=\"2ahUKEwiL3cfGqvmPAxW8ArkGHYxAAG4Qo_EKegQIQBAB\">\n<ul data-hveid=\"CDkQAQ\" data-ved=\"2ahUKEwiL3cfGqvmPAxW8ArkGHYxAAG4Qm_YKegQIORAB\">\n<li><span data-huuid=\"6381046681344154262\"><strong>Tipo:<\/strong>\u00a0<\/span><span data-huuid=\"6381046681344152441\">12 marchas al frente y 12 marchas atr\u00e1s.<span class=\"pjBG2e\" data-cid=\"e0c24f5f-f405-45a7-9930-88d4321197c7\"><span class=\"UV3uM\">\u00a0<\/span><\/span><\/span>\n<div class=\"NPrrbc\" data-cid=\"e0c24f5f-f405-45a7-9930-88d4321197c7\" data-uuids=\"6381046681344154262,6381046681344152441\">\n<div class=\"BMebGe btku5b LwdV0e FR7ZSc qVhvac OJeuxf\" tabindex=\"0\" role=\"button\" aria-label=\"Ver v\u00ednculos relacionados\" data-hveid=\"CDEQAQ\" data-ved=\"2ahUKEwiL3cfGqvmPAxW8ArkGHYxAAG4Q3fYKegQIMRAB\">\n<div class=\"niO4u\">\n<div class=\"kHtcsd\"><\/div>\n<\/div>\n<\/div>\n<\/div>\n<\/li>\n<li><span data-huuid=\"6381046681344152895\"><strong>Sistema:<\/strong>\u00a0<\/span><span data-huuid=\"6381046681344155170\">Inversor hidr\u00e1ulico para cambios de direcci\u00f3n r\u00e1pidos y suaves sin necesidad de usar el embrague.<span class=\"pjBG2e\" data-cid=\"7c1f658d-8374-4344-8ec4-74f7f24067a3\"><span class=\"UV3uM\">\u00a0<\/span><\/span><\/span>\n<div class=\"NPrrbc\" data-cid=\"7c1f658d-8374-4344-8ec4-74f7f24067a3\" data-uuids=\"6381046681344152895,6381046681344155170\">\n<div class=\"BMebGe btku5b LwdV0e FR7ZSc qVhvac OJeuxf\" tabindex=\"0\" role=\"button\" aria-label=\"Ver v\u00ednculos relacionados\" data-hveid=\"CDYQAQ\" data-ved=\"2ahUKEwiL3cfGqvmPAxW8ArkGHYxAAG4Q3fYKegQINhAB\">\n<div class=\"niO4u\">\n<div class=\"kHtcsd\"><\/div>\n<\/div>\n<\/div>\n<\/div>\n<\/li>\n<li><span data-huuid=\"6381046681344155624\"><strong>Transmisi\u00f3n delantera (4WD):<\/strong>\u00a0<\/span><span data-huuid=\"6381046681344153803\">Con engranajes helicoidales sellados en ba\u00f1o de aceite para mayor durabilidad y resistencia al polvo y la humedad.<span class=\"pjBG2e\" data-cid=\"46a9290c-3a16-4c5a-b211-e74aa378168f\"><span class=\"UV3uM\">\u00a0<\/span><\/span><\/span><\/li>\n<\/ul>\n<\/div>\n<div class=\"rPeykc uP58nb\" data-hveid=\"CEAQAQ\" data-ved=\"2ahUKEwiL3cfGqvmPAxW8ArkGHYxAAG4Qo_EKegQIQBAB\"><span data-huuid=\"9154935876782682028\"><span role=\"heading\" aria-level=\"2\">Sistema Hidr\u00e1ulico<\/span><span class=\"pjBG2e\" data-cid=\"1bc5d0f6-1b77-466a-9c1a-f936fd21ef9e\"><span class=\"UV3uM\">\u00a0<\/span><\/span><\/span><\/div>\n<\/div>\n<\/div>\n<div class=\"WaaZC\">\n<div class=\"RJPOee EIJn2\">\n<ul data-hveid=\"CEkQAQ\" data-ved=\"2ahUKEwiL3cfGqvmPAxW8ArkGHYxAAG4Qm_YKegQISRAB\">\n<li><span data-huuid=\"9154935876782679667\"><strong>Bomba:<\/strong>\u00a0<\/span><span data-huuid=\"9154935876782678880\">Con una capacidad de 64.3 L\/min.<\/span><\/li>\n<li><span data-huuid=\"9154935876782681402\"><strong>Capacidad de Levante:<\/strong>\u00a0<\/span><span data-huuid=\"9154935876782680615\">Aproximadamente 2.750 kg.<\/span><\/li>\n<li><span data-huuid=\"9154935876782679041\"><strong>Salidas:<\/strong>\u00a0<\/span><span data-huuid=\"9154935876782678254\">Dos distribuidores hidr\u00e1ulicos auxiliares de serie para conectar implementos.<\/span><\/li>\n<\/ul>\n<\/div>\n<\/div>\n<\/div>\n<\/div>\n<\/div>\n<div class=\"WaaZC\">\n<div class=\"RJPOee EIJn2\">\n<ul data-hveid=\"CDkQAQ\" data-ved=\"2ahUKEwiL3cfGqvmPAxW8ArkGHYxAAG4Qm_YKegQIORAB\">\n<li><span data-huuid=\"6381046681344154262\"><strong>Tipo:<\/strong>\u00a0<\/span><span data-huuid=\"6381046681344152441\">12 marchas al frente y 12 marchas atr\u00e1s.<span class=\"pjBG2e\" data-cid=\"e0c24f5f-f405-45a7-9930-88d4321197c7\"><span class=\"UV3uM\">\u00a0<\/span><\/span><\/span>\n<div class=\"NPrrbc\" data-cid=\"e0c24f5f-f405-45a7-9930-88d4321197c7\" data-uuids=\"6381046681344154262,6381046681344152441\">\n<div class=\"BMebGe btku5b LwdV0e FR7ZSc qVhvac OJeuxf\" tabindex=\"0\" role=\"button\" aria-label=\"Ver v\u00ednculos relacionados\" data-hveid=\"CDEQAQ\" data-ved=\"2ahUKEwiL3cfGqvmPAxW8ArkGHYxAAG4Q3fYKegQIMRAB\">\n<div class=\"niO4u\">\n<div class=\"kHtcsd\"><\/div>\n<\/div>\n<\/div>\n<\/div>\n<\/li>\n<li><span data-huuid=\"6381046681344152895\"><strong>Sistema:<\/strong>\u00a0<\/span><span data-huuid=\"6381046681344155170\"><span data-huuid=\"6381046681344155170\">Inversor hidr\u00e1ulico para cambios de direcci\u00f3n r\u00e1pidos y suaves sin necesidad de usar el embrague. <\/span><\/span><\/li>\n<\/ul>\n<\/div>\n<\/div>\n","protected":false},"featured_media":1852,"template":"","meta":[],"product_brand":[],"product_cat":[47],"product_tag":[],"class_list":{"0":"post-2030","1":"product","2":"type-product","3":"status-publish","4":"has-post-thumbnail","6":"product_cat-vendidos","8":"first","9":"outofstock","10":"shipping-taxable","11":"product-type-simple"},"yoast_head":"<!-- This site is optimized with the Yoast SEO plugin v25.1 - https:\/\/yoast.com\/wordpress\/plugins\/seo\/ -->\n<title>-VENDIDO- TRACTOR KUBOTA M-954 - Import. Export. Sakai Maquinarias Ltda<\/title>\n<meta name=\"robots\" content=\"index, follow, max-snippet:-1, max-image-preview:large, max-video-preview:-1\" \/>\n<link rel=\"canonical\" href=\"https:\/\/sakaimaquinariasltda.cl\/index.php\/producto\/tractor-kubota-m-954\/\" \/>\n<meta property=\"og:locale\" content=\"es_ES\" \/>\n<meta property=\"og:type\" content=\"article\" \/>\n<meta property=\"og:title\" content=\"-VENDIDO- TRACTOR KUBOTA M-954 - Import. Export. Sakai Maquinarias Ltda\" \/>\n<meta property=\"og:description\" content=\"Motor y Potencia\u00a0       Tipo:\u00a0Motor Kubota V3800 E-CDIS (Inyecci\u00f3n de Centro Directo) con 4 v\u00e1lvulas.  Cilindrada:\u00a03769 cm\u00b3.  Potencia:\u00a095 caballos de fuerza.  Aspiraci\u00f3n:\u00a0Turbocargado.  Caracter\u00edsticas:\u00a0Dise\u00f1ado para ser robusto, confiable y ofrecer un gran rendimiento con bajo consumo y m\u00ednima vibraci\u00f3n.      Transmisi\u00f3n       Tipo:\u00a012 marchas al frente y 12 marchas atr\u00e1s.\u00a0         Sistema:\u00a0Inversor hidr\u00e1ulico para cambios de direcci\u00f3n r\u00e1pidos y suaves sin necesidad de usar el embrague.\u00a0         Transmisi\u00f3n delantera (4WD):\u00a0Con engranajes helicoidales sellados en ba\u00f1o de aceite para mayor durabilidad y resistencia al polvo y la humedad.\u00a0   Sistema Hidr\u00e1ulico\u00a0       Bomba:\u00a0Con una capacidad de 64.3 L\/min.  Capacidad de Levante:\u00a0Aproximadamente 2.750 kg.  Salidas:\u00a0Dos distribuidores hidr\u00e1ulicos auxiliares de serie para conectar implementos.           Tipo:\u00a012 marchas al frente y 12 marchas atr\u00e1s.\u00a0         Sistema:\u00a0Inversor hidr\u00e1ulico para cambios de direcci\u00f3n r\u00e1pidos y suaves sin necesidad de usar el embrague.\" \/>\n<meta property=\"og:url\" content=\"https:\/\/sakaimaquinariasltda.cl\/index.php\/producto\/tractor-kubota-m-954\/\" \/>\n<meta property=\"og:site_name\" content=\"Import. Export. Sakai Maquinarias Ltda\" \/>\n<meta property=\"article:modified_time\" content=\"2026-03-25T14:36:32+00:00\" \/>\n<meta property=\"og:image\" content=\"https:\/\/sakaimaquinariasltda.cl\/wp-content\/uploads\/2025\/09\/WhatsApp-Image-2025-09-27-at-9.56.11-AM.jpeg\" \/>\n\t<meta property=\"og:image:width\" content=\"1200\" \/>\n\t<meta property=\"og:image:height\" content=\"1600\" \/>\n\t<meta property=\"og:image:type\" content=\"image\/jpeg\" \/>\n<meta name=\"twitter:card\" content=\"summary_large_image\" \/>\n<meta name=\"twitter:label1\" content=\"Tiempo de lectura\" \/>\n\t<meta name=\"twitter:data1\" content=\"1 minuto\" \/>\n<script type=\"application\/ld+json\" class=\"yoast-schema-graph\">{\"@context\":\"https:\/\/schema.org\",\"@graph\":[{\"@type\":\"WebPage\",\"@id\":\"https:\/\/sakaimaquinariasltda.cl\/index.php\/producto\/tractor-kubota-m-954\/\",\"url\":\"https:\/\/sakaimaquinariasltda.cl\/index.php\/producto\/tractor-kubota-m-954\/\",\"name\":\"-VENDIDO- TRACTOR KUBOTA M-954 - Import. Export. Sakai Maquinarias Ltda\",\"isPartOf\":{\"@id\":\"https:\/\/sakaimaquinariasltda.cl\/#website\"},\"primaryImageOfPage\":{\"@id\":\"https:\/\/sakaimaquinariasltda.cl\/index.php\/producto\/tractor-kubota-m-954\/#primaryimage\"},\"image\":{\"@id\":\"https:\/\/sakaimaquinariasltda.cl\/index.php\/producto\/tractor-kubota-m-954\/#primaryimage\"},\"thumbnailUrl\":\"https:\/\/sakaimaquinariasltda.cl\/wp-content\/uploads\/2025\/09\/WhatsApp-Image-2025-09-27-at-9.56.11-AM.jpeg\",\"datePublished\":\"2025-09-27T16:14:39+00:00\",\"dateModified\":\"2026-03-25T14:36:32+00:00\",\"breadcrumb\":{\"@id\":\"https:\/\/sakaimaquinariasltda.cl\/index.php\/producto\/tractor-kubota-m-954\/#breadcrumb\"},\"inLanguage\":\"es\",\"potentialAction\":[{\"@type\":\"ReadAction\",\"target\":[\"https:\/\/sakaimaquinariasltda.cl\/index.php\/producto\/tractor-kubota-m-954\/\"]}]},{\"@type\":\"ImageObject\",\"inLanguage\":\"es\",\"@id\":\"https:\/\/sakaimaquinariasltda.cl\/index.php\/producto\/tractor-kubota-m-954\/#primaryimage\",\"url\":\"https:\/\/sakaimaquinariasltda.cl\/wp-content\/uploads\/2025\/09\/WhatsApp-Image-2025-09-27-at-9.56.11-AM.jpeg\",\"contentUrl\":\"https:\/\/sakaimaquinariasltda.cl\/wp-content\/uploads\/2025\/09\/WhatsApp-Image-2025-09-27-at-9.56.11-AM.jpeg\",\"width\":1200,\"height\":1600},{\"@type\":\"BreadcrumbList\",\"@id\":\"https:\/\/sakaimaquinariasltda.cl\/index.php\/producto\/tractor-kubota-m-954\/#breadcrumb\",\"itemListElement\":[{\"@type\":\"ListItem\",\"position\":1,\"name\":\"Portada\",\"item\":\"https:\/\/sakaimaquinariasltda.cl\/\"},{\"@type\":\"ListItem\",\"position\":2,\"name\":\"Tienda\",\"item\":\"https:\/\/sakaimaquinariasltda.cl\/index.php\/tienda\/\"},{\"@type\":\"ListItem\",\"position\":3,\"name\":\"-VENDIDO- TRACTOR KUBOTA M-954\"}]},{\"@type\":\"WebSite\",\"@id\":\"https:\/\/sakaimaquinariasltda.cl\/#website\",\"url\":\"https:\/\/sakaimaquinariasltda.cl\/\",\"name\":\"Import. Export. Sakai Maquinarias Ltda\",\"description\":\"Empresa dedicada 100% a la importaci\u00f3n de tractores japoneses\",\"publisher\":{\"@id\":\"https:\/\/sakaimaquinariasltda.cl\/#organization\"},\"alternateName\":\"sakai\",\"potentialAction\":[{\"@type\":\"SearchAction\",\"target\":{\"@type\":\"EntryPoint\",\"urlTemplate\":\"https:\/\/sakaimaquinariasltda.cl\/?s={search_term_string}\"},\"query-input\":{\"@type\":\"PropertyValueSpecification\",\"valueRequired\":true,\"valueName\":\"search_term_string\"}}],\"inLanguage\":\"es\"},{\"@type\":\"Organization\",\"@id\":\"https:\/\/sakaimaquinariasltda.cl\/#organization\",\"name\":\"Import. Export. Sakai Maquinarias Ltda\",\"url\":\"https:\/\/sakaimaquinariasltda.cl\/\",\"logo\":{\"@type\":\"ImageObject\",\"inLanguage\":\"es\",\"@id\":\"https:\/\/sakaimaquinariasltda.cl\/#\/schema\/logo\/image\/\",\"url\":\"https:\/\/sakaimaquinariasltda.cl\/wp-content\/uploads\/2023\/02\/cropped-Pollone-1-1.jpg\",\"contentUrl\":\"https:\/\/sakaimaquinariasltda.cl\/wp-content\/uploads\/2023\/02\/cropped-Pollone-1-1.jpg\",\"width\":880,\"height\":210,\"caption\":\"Import. Export. Sakai Maquinarias Ltda\"},\"image\":{\"@id\":\"https:\/\/sakaimaquinariasltda.cl\/#\/schema\/logo\/image\/\"}}]}<\/script>\n<!-- \/ Yoast SEO plugin. -->","yoast_head_json":{"title":"-VENDIDO- TRACTOR KUBOTA M-954 - Import. Export. Sakai Maquinarias Ltda","robots":{"index":"index","follow":"follow","max-snippet":"max-snippet:-1","max-image-preview":"max-image-preview:large","max-video-preview":"max-video-preview:-1"},"canonical":"https:\/\/sakaimaquinariasltda.cl\/index.php\/producto\/tractor-kubota-m-954\/","og_locale":"es_ES","og_type":"article","og_title":"-VENDIDO- TRACTOR KUBOTA M-954 - Import. Export. Sakai Maquinarias Ltda","og_description":"Motor y Potencia\u00a0       Tipo:\u00a0Motor Kubota V3800 E-CDIS (Inyecci\u00f3n de Centro Directo) con 4 v\u00e1lvulas.  Cilindrada:\u00a03769 cm\u00b3.  Potencia:\u00a095 caballos de fuerza.  Aspiraci\u00f3n:\u00a0Turbocargado.  Caracter\u00edsticas:\u00a0Dise\u00f1ado para ser robusto, confiable y ofrecer un gran rendimiento con bajo consumo y m\u00ednima vibraci\u00f3n.      Transmisi\u00f3n       Tipo:\u00a012 marchas al frente y 12 marchas atr\u00e1s.\u00a0         Sistema:\u00a0Inversor hidr\u00e1ulico para cambios de direcci\u00f3n r\u00e1pidos y suaves sin necesidad de usar el embrague.\u00a0         Transmisi\u00f3n delantera (4WD):\u00a0Con engranajes helicoidales sellados en ba\u00f1o de aceite para mayor durabilidad y resistencia al polvo y la humedad.\u00a0   Sistema Hidr\u00e1ulico\u00a0       Bomba:\u00a0Con una capacidad de 64.3 L\/min.  Capacidad de Levante:\u00a0Aproximadamente 2.750 kg.  Salidas:\u00a0Dos distribuidores hidr\u00e1ulicos auxiliares de serie para conectar implementos.           Tipo:\u00a012 marchas al frente y 12 marchas atr\u00e1s.\u00a0         Sistema:\u00a0Inversor hidr\u00e1ulico para cambios de direcci\u00f3n r\u00e1pidos y suaves sin necesidad de usar el embrague.","og_url":"https:\/\/sakaimaquinariasltda.cl\/index.php\/producto\/tractor-kubota-m-954\/","og_site_name":"Import. Export. Sakai Maquinarias Ltda","article_modified_time":"2026-03-25T14:36:32+00:00","og_image":[{"width":1200,"height":1600,"url":"https:\/\/sakaimaquinariasltda.cl\/wp-content\/uploads\/2025\/09\/WhatsApp-Image-2025-09-27-at-9.56.11-AM.jpeg","type":"image\/jpeg"}],"twitter_card":"summary_large_image","twitter_misc":{"Tiempo de lectura":"1 minuto"},"schema":{"@context":"https:\/\/schema.org","@graph":[{"@type":"WebPage","@id":"https:\/\/sakaimaquinariasltda.cl\/index.php\/producto\/tractor-kubota-m-954\/","url":"https:\/\/sakaimaquinariasltda.cl\/index.php\/producto\/tractor-kubota-m-954\/","name":"-VENDIDO- TRACTOR KUBOTA M-954 - Import. Export. Sakai Maquinarias Ltda","isPartOf":{"@id":"https:\/\/sakaimaquinariasltda.cl\/#website"},"primaryImageOfPage":{"@id":"https:\/\/sakaimaquinariasltda.cl\/index.php\/producto\/tractor-kubota-m-954\/#primaryimage"},"image":{"@id":"https:\/\/sakaimaquinariasltda.cl\/index.php\/producto\/tractor-kubota-m-954\/#primaryimage"},"thumbnailUrl":"https:\/\/sakaimaquinariasltda.cl\/wp-content\/uploads\/2025\/09\/WhatsApp-Image-2025-09-27-at-9.56.11-AM.jpeg","datePublished":"2025-09-27T16:14:39+00:00","dateModified":"2026-03-25T14:36:32+00:00","breadcrumb":{"@id":"https:\/\/sakaimaquinariasltda.cl\/index.php\/producto\/tractor-kubota-m-954\/#breadcrumb"},"inLanguage":"es","potentialAction":[{"@type":"ReadAction","target":["https:\/\/sakaimaquinariasltda.cl\/index.php\/producto\/tractor-kubota-m-954\/"]}]},{"@type":"ImageObject","inLanguage":"es","@id":"https:\/\/sakaimaquinariasltda.cl\/index.php\/producto\/tractor-kubota-m-954\/#primaryimage","url":"https:\/\/sakaimaquinariasltda.cl\/wp-content\/uploads\/2025\/09\/WhatsApp-Image-2025-09-27-at-9.56.11-AM.jpeg","contentUrl":"https:\/\/sakaimaquinariasltda.cl\/wp-content\/uploads\/2025\/09\/WhatsApp-Image-2025-09-27-at-9.56.11-AM.jpeg","width":1200,"height":1600},{"@type":"BreadcrumbList","@id":"https:\/\/sakaimaquinariasltda.cl\/index.php\/producto\/tractor-kubota-m-954\/#breadcrumb","itemListElement":[{"@type":"ListItem","position":1,"name":"Portada","item":"https:\/\/sakaimaquinariasltda.cl\/"},{"@type":"ListItem","position":2,"name":"Tienda","item":"https:\/\/sakaimaquinariasltda.cl\/index.php\/tienda\/"},{"@type":"ListItem","position":3,"name":"-VENDIDO- TRACTOR KUBOTA M-954"}]},{"@type":"WebSite","@id":"https:\/\/sakaimaquinariasltda.cl\/#website","url":"https:\/\/sakaimaquinariasltda.cl\/","name":"Import. Export. Sakai Maquinarias Ltda","description":"Empresa dedicada 100% a la importaci\u00f3n de tractores japoneses","publisher":{"@id":"https:\/\/sakaimaquinariasltda.cl\/#organization"},"alternateName":"sakai","potentialAction":[{"@type":"SearchAction","target":{"@type":"EntryPoint","urlTemplate":"https:\/\/sakaimaquinariasltda.cl\/?s={search_term_string}"},"query-input":{"@type":"PropertyValueSpecification","valueRequired":true,"valueName":"search_term_string"}}],"inLanguage":"es"},{"@type":"Organization","@id":"https:\/\/sakaimaquinariasltda.cl\/#organization","name":"Import. Export. Sakai Maquinarias Ltda","url":"https:\/\/sakaimaquinariasltda.cl\/","logo":{"@type":"ImageObject","inLanguage":"es","@id":"https:\/\/sakaimaquinariasltda.cl\/#\/schema\/logo\/image\/","url":"https:\/\/sakaimaquinariasltda.cl\/wp-content\/uploads\/2023\/02\/cropped-Pollone-1-1.jpg","contentUrl":"https:\/\/sakaimaquinariasltda.cl\/wp-content\/uploads\/2023\/02\/cropped-Pollone-1-1.jpg","width":880,"height":210,"caption":"Import. Export. Sakai Maquinarias Ltda"},"image":{"@id":"https:\/\/sakaimaquinariasltda.cl\/#\/schema\/logo\/image\/"}}]}},"_links":{"self":[{"href":"https:\/\/sakaimaquinariasltda.cl\/index.php\/wp-json\/wp\/v2\/product\/2030","targetHints":{"allow":["GET"]}}],"collection":[{"href":"https:\/\/sakaimaquinariasltda.cl\/index.php\/wp-json\/wp\/v2\/product"}],"about":[{"href":"https:\/\/sakaimaquinariasltda.cl\/index.php\/wp-json\/wp\/v2\/types\/product"}],"wp:featuredmedia":[{"embeddable":true,"href":"https:\/\/sakaimaquinariasltda.cl\/index.php\/wp-json\/wp\/v2\/media\/1852"}],"wp:attachment":[{"href":"https:\/\/sakaimaquinariasltda.cl\/index.php\/wp-json\/wp\/v2\/media?parent=2030"}],"wp:term":[{"taxonomy":"product_brand","embeddable":true,"href":"https:\/\/sakaimaquinariasltda.cl\/index.php\/wp-json\/wp\/v2\/product_brand?post=2030"},{"taxonomy":"product_cat","embeddable":true,"href":"https:\/\/sakaimaquinariasltda.cl\/index.php\/wp-json\/wp\/v2\/product_cat?post=2030"},{"taxonomy":"product_tag","embeddable":true,"href":"https:\/\/sakaimaquinariasltda.cl\/index.php\/wp-json\/wp\/v2\/product_tag?post=2030"}],"curies":[{"name":"wp","href":"https:\/\/api.w.org\/{rel}","templated":true}]}}