{"id":2028,"date":"2025-09-27T16:06:53","date_gmt":"2025-09-27T16:06:53","guid":{"rendered":"https:\/\/sakaimaquinariasltda.cl\/?post_type=product&#038;p=2028"},"modified":"2025-09-27T16:06:53","modified_gmt":"2025-09-27T16:06:53","slug":"tractor-yanmar-fx-265","status":"publish","type":"product","link":"https:\/\/sakaimaquinariasltda.cl\/index.php\/producto\/tractor-yanmar-fx-265\/","title":{"rendered":"TRACTOR YANMAR FX-265"},"content":{"rendered":"<p>HACEMOS ENVIOS A TODO CHILE;PER\u00da, BOLIVIA Y PARAGUAY.<br \/>\nCONTACTENOS AL:<\/p>\n<p>+569 6213 4782<\/p>\n<p>+569 3228 6609<\/p>\n<p>+569 9385 9507<\/p>\n<p>Y EN NUESTRAS REDES SOCIALES:<\/p>\n<p>FACEBOOK- INSTAGRAM \u2013 TIKTOK<\/p>\n<p>COMO: SAKAI MAQUINARIAS LTDA<\/p>\n<p>Correo electr\u00f3nico: sakaimaquinarias@gmail.com<\/p>\n","protected":false},"excerpt":{"rendered":"<div class=\"WaaZC\">\n<div class=\"RJPOee EIJn2\">\n<div class=\"rPeykc uP58nb\" data-hveid=\"CAkQAQ\" data-ved=\"2ahUKEwiDxcuuqfmPAxXABbkGHWM8CaIQo_EKegQICRAB\"><span data-huuid=\"10232428899807868181\"><span role=\"heading\" aria-level=\"2\">Caracter\u00edsticas t\u00e9cnicas:<\/span><span class=\"pjBG2e\" data-cid=\"dc4e69ae-7f9b-4268-910f-4500cfe7106c\"><span class=\"UV3uM\">\u00a0<\/span><\/span><\/span><\/div>\n<\/div>\n<\/div>\n<div class=\"WaaZC\">\n<div class=\"RJPOee EIJn2\">\n<ul data-hveid=\"CB8QAQ\" data-ved=\"2ahUKEwiDxcuuqfmPAxXABbkGHWM8CaIQm_YKegQIHxAB\">\n<li><span data-huuid=\"10232428899807868424\"><strong>Potencia:<\/strong>\u00a0<\/span><span data-huuid=\"10232428899807868505\">26.5 caballos de fuerza (HP).<\/span><\/li>\n<li><span data-huuid=\"10232428899807868667\"><strong>Motor:<\/strong>\u00a0<\/span><span data-huuid=\"10232428899807868748\">3 cilindros, con refrigeraci\u00f3n l\u00edquida.<\/span><\/li>\n<li><span data-huuid=\"10232428899807868910\"><strong>Transmisi\u00f3n:<\/strong>\u00a0<\/span><span data-huuid=\"10232428899807868991\">8 velocidades (4 marchas lentas y 4 marchas r\u00e1pidas).<\/span><\/li>\n<li><span data-huuid=\"10232428899807869153\"><strong>Velocidad m\u00e1xima:<\/strong>\u00a0<\/span><span data-huuid=\"10232428899807869234\">14 km\/h.<\/span><\/li>\n<li><span data-huuid=\"10232428899807869396\"><strong>Tracci\u00f3n:<\/strong>\u00a0<\/span><span data-huuid=\"10232428899807869477\">4 ruedas (4&#215;4).<\/span><\/li>\n<li><span data-huuid=\"10232428899807869639\"><strong>Equipamiento adicional:<\/strong>\u00a0<\/span><span data-huuid=\"10232428899807869720\">Disponible con herramienta de molido mec\u00e1nico y cuchara hidr\u00e1ulica para transferencia y excavaci\u00f3n.<\/span><\/li>\n<\/ul>\n<\/div>\n<\/div>\n","protected":false},"featured_media":1865,"template":"","meta":[],"product_brand":[],"product_cat":[16],"product_tag":[],"class_list":{"0":"post-2028","1":"product","2":"type-product","3":"status-publish","4":"has-post-thumbnail","6":"product_cat-tractores","8":"first","9":"instock","10":"shipping-taxable","11":"product-type-simple"},"yoast_head":"<!-- This site is optimized with the Yoast SEO plugin v25.1 - https:\/\/yoast.com\/wordpress\/plugins\/seo\/ -->\n<title>TRACTOR YANMAR FX-265 - Import. Export. Sakai Maquinarias Ltda<\/title>\n<meta name=\"robots\" content=\"index, follow, max-snippet:-1, max-image-preview:large, max-video-preview:-1\" \/>\n<link rel=\"canonical\" href=\"https:\/\/sakaimaquinariasltda.cl\/index.php\/producto\/tractor-yanmar-fx-265\/\" \/>\n<meta property=\"og:locale\" content=\"es_ES\" \/>\n<meta property=\"og:type\" content=\"article\" \/>\n<meta property=\"og:title\" content=\"TRACTOR YANMAR FX-265 - Import. Export. Sakai Maquinarias Ltda\" \/>\n<meta property=\"og:description\" content=\"Caracter\u00edsticas t\u00e9cnicas:\u00a0       Potencia:\u00a026.5 caballos de fuerza (HP).  Motor:\u00a03 cilindros, con refrigeraci\u00f3n l\u00edquida.  Transmisi\u00f3n:\u00a08 velocidades (4 marchas lentas y 4 marchas r\u00e1pidas).  Velocidad m\u00e1xima:\u00a014 km\/h.  Tracci\u00f3n:\u00a04 ruedas (4x4).  Equipamiento adicional:\u00a0Disponible con herramienta de molido mec\u00e1nico y cuchara hidr\u00e1ulica para transferencia y excavaci\u00f3n.\" \/>\n<meta property=\"og:url\" content=\"https:\/\/sakaimaquinariasltda.cl\/index.php\/producto\/tractor-yanmar-fx-265\/\" \/>\n<meta property=\"og:site_name\" content=\"Import. Export. Sakai Maquinarias Ltda\" \/>\n<meta property=\"og:image\" content=\"https:\/\/sakaimaquinariasltda.cl\/wp-content\/uploads\/2025\/09\/WhatsApp-Image-2025-09-27-at-9.55.52-AM-1.jpeg\" \/>\n\t<meta property=\"og:image:width\" content=\"1200\" \/>\n\t<meta property=\"og:image:height\" content=\"1600\" \/>\n\t<meta property=\"og:image:type\" content=\"image\/jpeg\" \/>\n<meta name=\"twitter:card\" content=\"summary_large_image\" \/>\n<meta name=\"twitter:label1\" content=\"Tiempo de lectura\" \/>\n\t<meta name=\"twitter:data1\" content=\"1 minuto\" \/>\n<script type=\"application\/ld+json\" class=\"yoast-schema-graph\">{\"@context\":\"https:\/\/schema.org\",\"@graph\":[{\"@type\":\"WebPage\",\"@id\":\"https:\/\/sakaimaquinariasltda.cl\/index.php\/producto\/tractor-yanmar-fx-265\/\",\"url\":\"https:\/\/sakaimaquinariasltda.cl\/index.php\/producto\/tractor-yanmar-fx-265\/\",\"name\":\"TRACTOR YANMAR FX-265 - Import. Export. Sakai Maquinarias Ltda\",\"isPartOf\":{\"@id\":\"https:\/\/sakaimaquinariasltda.cl\/#website\"},\"primaryImageOfPage\":{\"@id\":\"https:\/\/sakaimaquinariasltda.cl\/index.php\/producto\/tractor-yanmar-fx-265\/#primaryimage\"},\"image\":{\"@id\":\"https:\/\/sakaimaquinariasltda.cl\/index.php\/producto\/tractor-yanmar-fx-265\/#primaryimage\"},\"thumbnailUrl\":\"https:\/\/sakaimaquinariasltda.cl\/wp-content\/uploads\/2025\/09\/WhatsApp-Image-2025-09-27-at-9.55.52-AM-1.jpeg\",\"datePublished\":\"2025-09-27T16:06:53+00:00\",\"breadcrumb\":{\"@id\":\"https:\/\/sakaimaquinariasltda.cl\/index.php\/producto\/tractor-yanmar-fx-265\/#breadcrumb\"},\"inLanguage\":\"es\",\"potentialAction\":[{\"@type\":\"ReadAction\",\"target\":[\"https:\/\/sakaimaquinariasltda.cl\/index.php\/producto\/tractor-yanmar-fx-265\/\"]}]},{\"@type\":\"ImageObject\",\"inLanguage\":\"es\",\"@id\":\"https:\/\/sakaimaquinariasltda.cl\/index.php\/producto\/tractor-yanmar-fx-265\/#primaryimage\",\"url\":\"https:\/\/sakaimaquinariasltda.cl\/wp-content\/uploads\/2025\/09\/WhatsApp-Image-2025-09-27-at-9.55.52-AM-1.jpeg\",\"contentUrl\":\"https:\/\/sakaimaquinariasltda.cl\/wp-content\/uploads\/2025\/09\/WhatsApp-Image-2025-09-27-at-9.55.52-AM-1.jpeg\",\"width\":1200,\"height\":1600},{\"@type\":\"BreadcrumbList\",\"@id\":\"https:\/\/sakaimaquinariasltda.cl\/index.php\/producto\/tractor-yanmar-fx-265\/#breadcrumb\",\"itemListElement\":[{\"@type\":\"ListItem\",\"position\":1,\"name\":\"Portada\",\"item\":\"https:\/\/sakaimaquinariasltda.cl\/\"},{\"@type\":\"ListItem\",\"position\":2,\"name\":\"Tienda\",\"item\":\"https:\/\/sakaimaquinariasltda.cl\/index.php\/tienda\/\"},{\"@type\":\"ListItem\",\"position\":3,\"name\":\"TRACTOR YANMAR FX-265\"}]},{\"@type\":\"WebSite\",\"@id\":\"https:\/\/sakaimaquinariasltda.cl\/#website\",\"url\":\"https:\/\/sakaimaquinariasltda.cl\/\",\"name\":\"Import. Export. Sakai Maquinarias Ltda\",\"description\":\"Empresa dedicada 100% a la importaci\u00f3n de tractores japoneses\",\"publisher\":{\"@id\":\"https:\/\/sakaimaquinariasltda.cl\/#organization\"},\"alternateName\":\"sakai\",\"potentialAction\":[{\"@type\":\"SearchAction\",\"target\":{\"@type\":\"EntryPoint\",\"urlTemplate\":\"https:\/\/sakaimaquinariasltda.cl\/?s={search_term_string}\"},\"query-input\":{\"@type\":\"PropertyValueSpecification\",\"valueRequired\":true,\"valueName\":\"search_term_string\"}}],\"inLanguage\":\"es\"},{\"@type\":\"Organization\",\"@id\":\"https:\/\/sakaimaquinariasltda.cl\/#organization\",\"name\":\"Import. Export. Sakai Maquinarias Ltda\",\"url\":\"https:\/\/sakaimaquinariasltda.cl\/\",\"logo\":{\"@type\":\"ImageObject\",\"inLanguage\":\"es\",\"@id\":\"https:\/\/sakaimaquinariasltda.cl\/#\/schema\/logo\/image\/\",\"url\":\"https:\/\/sakaimaquinariasltda.cl\/wp-content\/uploads\/2023\/02\/cropped-Pollone-1-1.jpg\",\"contentUrl\":\"https:\/\/sakaimaquinariasltda.cl\/wp-content\/uploads\/2023\/02\/cropped-Pollone-1-1.jpg\",\"width\":880,\"height\":210,\"caption\":\"Import. Export. Sakai Maquinarias Ltda\"},\"image\":{\"@id\":\"https:\/\/sakaimaquinariasltda.cl\/#\/schema\/logo\/image\/\"}}]}<\/script>\n<!-- \/ Yoast SEO plugin. -->","yoast_head_json":{"title":"TRACTOR YANMAR FX-265 - Import. Export. Sakai Maquinarias Ltda","robots":{"index":"index","follow":"follow","max-snippet":"max-snippet:-1","max-image-preview":"max-image-preview:large","max-video-preview":"max-video-preview:-1"},"canonical":"https:\/\/sakaimaquinariasltda.cl\/index.php\/producto\/tractor-yanmar-fx-265\/","og_locale":"es_ES","og_type":"article","og_title":"TRACTOR YANMAR FX-265 - Import. Export. Sakai Maquinarias Ltda","og_description":"Caracter\u00edsticas t\u00e9cnicas:\u00a0       Potencia:\u00a026.5 caballos de fuerza (HP).  Motor:\u00a03 cilindros, con refrigeraci\u00f3n l\u00edquida.  Transmisi\u00f3n:\u00a08 velocidades (4 marchas lentas y 4 marchas r\u00e1pidas).  Velocidad m\u00e1xima:\u00a014 km\/h.  Tracci\u00f3n:\u00a04 ruedas (4x4).  Equipamiento adicional:\u00a0Disponible con herramienta de molido mec\u00e1nico y cuchara hidr\u00e1ulica para transferencia y excavaci\u00f3n.","og_url":"https:\/\/sakaimaquinariasltda.cl\/index.php\/producto\/tractor-yanmar-fx-265\/","og_site_name":"Import. Export. Sakai Maquinarias Ltda","og_image":[{"width":1200,"height":1600,"url":"https:\/\/sakaimaquinariasltda.cl\/wp-content\/uploads\/2025\/09\/WhatsApp-Image-2025-09-27-at-9.55.52-AM-1.jpeg","type":"image\/jpeg"}],"twitter_card":"summary_large_image","twitter_misc":{"Tiempo de lectura":"1 minuto"},"schema":{"@context":"https:\/\/schema.org","@graph":[{"@type":"WebPage","@id":"https:\/\/sakaimaquinariasltda.cl\/index.php\/producto\/tractor-yanmar-fx-265\/","url":"https:\/\/sakaimaquinariasltda.cl\/index.php\/producto\/tractor-yanmar-fx-265\/","name":"TRACTOR YANMAR FX-265 - Import. Export. Sakai Maquinarias Ltda","isPartOf":{"@id":"https:\/\/sakaimaquinariasltda.cl\/#website"},"primaryImageOfPage":{"@id":"https:\/\/sakaimaquinariasltda.cl\/index.php\/producto\/tractor-yanmar-fx-265\/#primaryimage"},"image":{"@id":"https:\/\/sakaimaquinariasltda.cl\/index.php\/producto\/tractor-yanmar-fx-265\/#primaryimage"},"thumbnailUrl":"https:\/\/sakaimaquinariasltda.cl\/wp-content\/uploads\/2025\/09\/WhatsApp-Image-2025-09-27-at-9.55.52-AM-1.jpeg","datePublished":"2025-09-27T16:06:53+00:00","breadcrumb":{"@id":"https:\/\/sakaimaquinariasltda.cl\/index.php\/producto\/tractor-yanmar-fx-265\/#breadcrumb"},"inLanguage":"es","potentialAction":[{"@type":"ReadAction","target":["https:\/\/sakaimaquinariasltda.cl\/index.php\/producto\/tractor-yanmar-fx-265\/"]}]},{"@type":"ImageObject","inLanguage":"es","@id":"https:\/\/sakaimaquinariasltda.cl\/index.php\/producto\/tractor-yanmar-fx-265\/#primaryimage","url":"https:\/\/sakaimaquinariasltda.cl\/wp-content\/uploads\/2025\/09\/WhatsApp-Image-2025-09-27-at-9.55.52-AM-1.jpeg","contentUrl":"https:\/\/sakaimaquinariasltda.cl\/wp-content\/uploads\/2025\/09\/WhatsApp-Image-2025-09-27-at-9.55.52-AM-1.jpeg","width":1200,"height":1600},{"@type":"BreadcrumbList","@id":"https:\/\/sakaimaquinariasltda.cl\/index.php\/producto\/tractor-yanmar-fx-265\/#breadcrumb","itemListElement":[{"@type":"ListItem","position":1,"name":"Portada","item":"https:\/\/sakaimaquinariasltda.cl\/"},{"@type":"ListItem","position":2,"name":"Tienda","item":"https:\/\/sakaimaquinariasltda.cl\/index.php\/tienda\/"},{"@type":"ListItem","position":3,"name":"TRACTOR YANMAR FX-265"}]},{"@type":"WebSite","@id":"https:\/\/sakaimaquinariasltda.cl\/#website","url":"https:\/\/sakaimaquinariasltda.cl\/","name":"Import. Export. Sakai Maquinarias Ltda","description":"Empresa dedicada 100% a la importaci\u00f3n de tractores japoneses","publisher":{"@id":"https:\/\/sakaimaquinariasltda.cl\/#organization"},"alternateName":"sakai","potentialAction":[{"@type":"SearchAction","target":{"@type":"EntryPoint","urlTemplate":"https:\/\/sakaimaquinariasltda.cl\/?s={search_term_string}"},"query-input":{"@type":"PropertyValueSpecification","valueRequired":true,"valueName":"search_term_string"}}],"inLanguage":"es"},{"@type":"Organization","@id":"https:\/\/sakaimaquinariasltda.cl\/#organization","name":"Import. Export. Sakai Maquinarias Ltda","url":"https:\/\/sakaimaquinariasltda.cl\/","logo":{"@type":"ImageObject","inLanguage":"es","@id":"https:\/\/sakaimaquinariasltda.cl\/#\/schema\/logo\/image\/","url":"https:\/\/sakaimaquinariasltda.cl\/wp-content\/uploads\/2023\/02\/cropped-Pollone-1-1.jpg","contentUrl":"https:\/\/sakaimaquinariasltda.cl\/wp-content\/uploads\/2023\/02\/cropped-Pollone-1-1.jpg","width":880,"height":210,"caption":"Import. Export. Sakai Maquinarias Ltda"},"image":{"@id":"https:\/\/sakaimaquinariasltda.cl\/#\/schema\/logo\/image\/"}}]}},"_links":{"self":[{"href":"https:\/\/sakaimaquinariasltda.cl\/index.php\/wp-json\/wp\/v2\/product\/2028","targetHints":{"allow":["GET"]}}],"collection":[{"href":"https:\/\/sakaimaquinariasltda.cl\/index.php\/wp-json\/wp\/v2\/product"}],"about":[{"href":"https:\/\/sakaimaquinariasltda.cl\/index.php\/wp-json\/wp\/v2\/types\/product"}],"wp:featuredmedia":[{"embeddable":true,"href":"https:\/\/sakaimaquinariasltda.cl\/index.php\/wp-json\/wp\/v2\/media\/1865"}],"wp:attachment":[{"href":"https:\/\/sakaimaquinariasltda.cl\/index.php\/wp-json\/wp\/v2\/media?parent=2028"}],"wp:term":[{"taxonomy":"product_brand","embeddable":true,"href":"https:\/\/sakaimaquinariasltda.cl\/index.php\/wp-json\/wp\/v2\/product_brand?post=2028"},{"taxonomy":"product_cat","embeddable":true,"href":"https:\/\/sakaimaquinariasltda.cl\/index.php\/wp-json\/wp\/v2\/product_cat?post=2028"},{"taxonomy":"product_tag","embeddable":true,"href":"https:\/\/sakaimaquinariasltda.cl\/index.php\/wp-json\/wp\/v2\/product_tag?post=2028"}],"curies":[{"name":"wp","href":"https:\/\/api.w.org\/{rel}","templated":true}]}}