{"id":2024,"date":"2025-09-27T15:54:04","date_gmt":"2025-09-27T15:54:04","guid":{"rendered":"https:\/\/sakaimaquinariasltda.cl\/?post_type=product&#038;p=2024"},"modified":"2025-10-15T21:14:48","modified_gmt":"2025-10-15T21:14:48","slug":"tractor-shibaura-d-228","status":"publish","type":"product","link":"https:\/\/sakaimaquinariasltda.cl\/index.php\/producto\/tractor-shibaura-d-228\/","title":{"rendered":"TRACTOR SHIBAURA D-228"},"content":{"rendered":"<p>HACEMOS ENVIOS A TODO CHILE;PER\u00da, BOLIVIA Y PARAGUAY.<br \/>\nCONTACTENOS AL:<\/p>\n<p>+569 6213 4782<\/p>\n<p>+569 3228 6609<\/p>\n<p>+569 9385 9507<\/p>\n<p>Y EN NUESTRAS REDES SOCIALES:<\/p>\n<p>FACEBOOK- INSTAGRAM \u2013 TIKTOK<\/p>\n<p>COMO: SAKAI MAQUINARIAS LTDA<\/p>\n<p>Correo electr\u00f3nico: sakaimaquinarias@gmail.com<\/p>\n","protected":false},"excerpt":{"rendered":"<div class=\"AdPoic\" role=\"heading\" aria-level=\"3\" data-processed=\"true\" data-complete=\"true\">Motor y rendimiento<button class=\"rBl3me\" tabindex=\"0\" data-amic=\"true\" data-icl-uuid=\"c22a672a-c874-41cf-bd95-c2f6a2546ff0\" aria-label=\"Ver v\u00ednculos relacionados\" data-ved=\"2ahUKEwiEq5KLpvmPAxXFALkGHfVYAAEQye0OegQIBBAA\"><\/button><\/div>\n<ul class=\"U6u95\" data-complete=\"true\" data-processed=\"true\">\n<li data-hveid=\"CAUQAA\" data-complete=\"true\" data-sae=\"\"><span class=\"T286Pc\" data-complete=\"true\"><b class=\"Yjhzub\" data-complete=\"true\">Tipo de motor<\/b>: Di\u00e9sel de 3 cilindros con refrigeraci\u00f3n l\u00edquida.<\/span><\/li>\n<li data-hveid=\"CAUQAQ\" data-complete=\"true\" data-sae=\"\"><span class=\"T286Pc\" data-complete=\"true\"><b class=\"Yjhzub\" data-complete=\"true\">Potencia<\/b>: 22 HP (16 kW).<\/span><\/li>\n<li data-hveid=\"CAUQAg\" data-complete=\"true\" data-sae=\"\"><span class=\"T286Pc\" data-complete=\"true\"><b class=\"Yjhzub\" data-complete=\"true\">Rendimiento<\/b>: 22 HP.<\/span><\/li>\n<li data-hveid=\"CAUQAw\" data-complete=\"true\" data-sae=\"\"><span class=\"T286Pc\" data-complete=\"true\"><b class=\"Yjhzub\" data-complete=\"true\">RPM nominales<\/b>: 2600 rpm.<\/span><\/li>\n<li data-hveid=\"CAUQBA\" data-complete=\"true\" data-sae=\"\"><span class=\"T286Pc\" data-complete=\"true\"><b class=\"Yjhzub\" data-complete=\"true\">Cilindrada<\/b>: 1330 ccm.<\/span><span class=\"notranslate\" data-wiz-uids=\"J3fEdf_16,J3fEdf_17\" data-complete=\"true\"><span class=\"vKEkVd\" data-animation-atomic=\"\" data-sae=\"\">\u00a0<button class=\"rBl3me\" tabindex=\"0\" data-amic=\"true\" data-icl-uuid=\"cf3fde6c-6d25-4121-905f-4a137949d206\" aria-label=\"Ver v\u00ednculos relacionados\" data-ved=\"2ahUKEwiEq5KLpvmPAxXFALkGHfVYAAEQye0OegQIBRAF\"><\/button><\/span><\/span><\/li>\n<\/ul>\n<div class=\"Fsg96\" data-complete=\"true\" data-processed=\"true\"><\/div>\n<div class=\"AdPoic\" role=\"heading\" aria-level=\"3\" data-processed=\"true\" data-complete=\"true\">Transmisi\u00f3n<button class=\"rBl3me\" tabindex=\"0\" data-amic=\"true\" data-icl-uuid=\"ff01d4a0-a3a9-457a-a37c-6c465b930d8f\" aria-label=\"Ver v\u00ednculos relacionados\" data-ved=\"2ahUKEwiEq5KLpvmPAxXFALkGHfVYAAEQye0OegQIBhAA\"><\/button><\/div>\n<ul class=\"U6u95\" data-processed=\"true\" data-complete=\"true\">\n<li data-hveid=\"CAcQAA\" data-complete=\"true\" data-sae=\"\"><span class=\"T286Pc\" data-complete=\"true\"><b class=\"Yjhzub\" data-complete=\"true\">Tracci\u00f3n<\/b>: Doble tracci\u00f3n (4&#215;4).<\/span><\/li>\n<li data-hveid=\"CAcQAQ\" data-complete=\"true\" data-sae=\"\"><span class=\"T286Pc\" data-complete=\"true\"><b class=\"Yjhzub\" data-complete=\"true\">Marchas<\/b>:<\/span>\n<ul class=\"U6u95\" data-complete=\"true\">\n<li data-hveid=\"CAcQAg\" data-complete=\"true\" data-sae=\"\"><span class=\"T286Pc\" data-complete=\"true\"><b class=\"Yjhzub\" data-complete=\"true\">Adelante<\/b>: 12 velocidades (3&#215;4).<\/span><\/li>\n<li data-hveid=\"CAcQAw\" data-complete=\"true\" data-sae=\"\"><span class=\"T286Pc\" data-complete=\"true\"><b class=\"Yjhzub\" data-complete=\"true\">Atr\u00e1s<\/b>: 4 velocidades (1&#215;4).<\/span><\/li>\n<\/ul>\n<\/li>\n<li data-hveid=\"CAcQBA\" data-complete=\"true\" data-sae=\"\"><span class=\"T286Pc\" data-complete=\"true\"><b class=\"Yjhzub\" data-complete=\"true\">Bloqueo del diferencial<\/b>: S\u00ed.<\/span><\/li>\n<li data-hveid=\"CAcQBQ\" data-complete=\"true\" data-sae=\"\"><span class=\"T286Pc\" data-complete=\"true\"><b class=\"Yjhzub\" data-complete=\"true\">Frenos<\/b>: Divididos (independientes).<\/span><span class=\"notranslate\" data-wiz-uids=\"J3fEdf_21,J3fEdf_22\" data-complete=\"true\"><span class=\"vKEkVd\" data-animation-atomic=\"\" data-sae=\"\">\u00a0<button class=\"rBl3me\" tabindex=\"0\" data-amic=\"true\" data-icl-uuid=\"a9816a5f-b9da-487c-9914-c8a17c353d88\" aria-label=\"Ver v\u00ednculos relacionados\" data-ved=\"2ahUKEwiEq5KLpvmPAxXFALkGHfVYAAEQye0OegQIBxAG\"><\/button><\/span><\/span><\/li>\n<\/ul>\n<div class=\"Fsg96\" data-complete=\"true\" data-processed=\"true\"><\/div>\n<div class=\"AdPoic\" role=\"heading\" aria-level=\"3\" data-processed=\"true\" data-complete=\"true\">Dimensiones y peso<button class=\"rBl3me\" tabindex=\"0\" data-amic=\"true\" data-icl-uuid=\"aceeabd6-6e18-4ae5-b1dc-ff7133c468cf\" aria-label=\"Ver v\u00ednculos relacionados\" data-ved=\"2ahUKEwiEq5KLpvmPAxXFALkGHfVYAAEQye0OegQICBAA\"><\/button><\/div>\n<ul class=\"U6u95\" data-complete=\"true\" data-processed=\"true\">\n<li data-hveid=\"CAkQAA\" data-complete=\"true\" data-sae=\"\"><span class=\"T286Pc\" data-complete=\"true\"><b class=\"Yjhzub\" data-complete=\"true\">Peso<\/b>: M\u00e1s de 1000 kg, seg\u00fan\u00a0<span data-complete=\"true\"><a class=\"H23r4e\" href=\"https:\/\/traktor.com.pl\/en\/shibaura\/8128-shibaura-d228-4x4-22-hp.html\" target=\"_blank\" rel=\"noopener\">Traktor.com.pl<\/a><\/span>. Una variante, el D228F, pesa 957 kg.<\/span><\/li>\n<li data-hveid=\"CAkQAg\" data-complete=\"true\" data-sae=\"\"><span class=\"T286Pc\" data-complete=\"true\"><b class=\"Yjhzub\" data-complete=\"true\">Longitud<\/b>: 256 cm.<\/span><\/li>\n<li data-hveid=\"CAkQAw\" data-complete=\"true\" data-sae=\"\"><span class=\"T286Pc\" data-complete=\"true\"><b class=\"Yjhzub\" data-complete=\"true\">Ancho<\/b>: 120 cm.<\/span><\/li>\n<li data-hveid=\"CAkQBA\" data-complete=\"true\" data-sae=\"\"><span class=\"T286Pc\" data-complete=\"true\"><b class=\"Yjhzub\" data-complete=\"true\">Altura (al volante)<\/b>: 128 cm.<\/span><\/li>\n<li data-hveid=\"CAkQBQ\" data-complete=\"true\" data-sae=\"\"><span class=\"T286Pc\" data-complete=\"true\"><b class=\"Yjhzub\" data-complete=\"true\">Distancia entre ejes<\/b>: 149 cm.<\/span><\/li>\n<\/ul>\n","protected":false},"featured_media":1887,"template":"","meta":[],"product_brand":[],"product_cat":[16],"product_tag":[],"class_list":{"0":"post-2024","1":"product","2":"type-product","3":"status-publish","4":"has-post-thumbnail","6":"product_cat-tractores","8":"first","9":"instock","10":"shipping-taxable","11":"product-type-simple"},"yoast_head":"<!-- This site is optimized with the Yoast SEO plugin v25.1 - https:\/\/yoast.com\/wordpress\/plugins\/seo\/ -->\n<title>TRACTOR SHIBAURA D-228 - Import. Export. Sakai Maquinarias Ltda<\/title>\n<meta name=\"robots\" content=\"index, follow, max-snippet:-1, max-image-preview:large, max-video-preview:-1\" \/>\n<link rel=\"canonical\" href=\"https:\/\/sakaimaquinariasltda.cl\/index.php\/producto\/tractor-shibaura-d-228\/\" \/>\n<meta property=\"og:locale\" content=\"es_ES\" \/>\n<meta property=\"og:type\" content=\"article\" \/>\n<meta property=\"og:title\" content=\"TRACTOR SHIBAURA D-228 - Import. Export. Sakai Maquinarias Ltda\" \/>\n<meta property=\"og:description\" content=\"Motor y rendimiento   Tipo de motor: Di\u00e9sel de 3 cilindros con refrigeraci\u00f3n l\u00edquida.  Potencia: 22 HP (16 kW).  Rendimiento: 22 HP.  RPM nominales: 2600 rpm.  Cilindrada: 1330 ccm.\u00a0   Transmisi\u00f3n   Tracci\u00f3n: Doble tracci\u00f3n (4x4).  Marchas:   Adelante: 12 velocidades (3x4).  Atr\u00e1s: 4 velocidades (1x4).    Bloqueo del diferencial: S\u00ed.  Frenos: Divididos (independientes).\u00a0   Dimensiones y peso   Peso: M\u00e1s de 1000 kg, seg\u00fan\u00a0Traktor.com.pl. Una variante, el D228F, pesa 957 kg.  Longitud: 256 cm.  Ancho: 120 cm.  Altura (al volante): 128 cm.  Distancia entre ejes: 149 cm.\" \/>\n<meta property=\"og:url\" content=\"https:\/\/sakaimaquinariasltda.cl\/index.php\/producto\/tractor-shibaura-d-228\/\" \/>\n<meta property=\"og:site_name\" content=\"Import. Export. Sakai Maquinarias Ltda\" \/>\n<meta property=\"article:modified_time\" content=\"2025-10-15T21:14:48+00:00\" \/>\n<meta property=\"og:image\" content=\"https:\/\/sakaimaquinariasltda.cl\/wp-content\/uploads\/2025\/09\/WhatsApp-Image-2025-09-27-at-9.55.45-AM.jpeg\" \/>\n\t<meta property=\"og:image:width\" content=\"1600\" \/>\n\t<meta property=\"og:image:height\" content=\"1200\" \/>\n\t<meta property=\"og:image:type\" content=\"image\/jpeg\" \/>\n<meta name=\"twitter:card\" content=\"summary_large_image\" \/>\n<meta name=\"twitter:label1\" content=\"Tiempo de lectura\" \/>\n\t<meta name=\"twitter:data1\" content=\"1 minuto\" \/>\n<script type=\"application\/ld+json\" class=\"yoast-schema-graph\">{\"@context\":\"https:\/\/schema.org\",\"@graph\":[{\"@type\":\"WebPage\",\"@id\":\"https:\/\/sakaimaquinariasltda.cl\/index.php\/producto\/tractor-shibaura-d-228\/\",\"url\":\"https:\/\/sakaimaquinariasltda.cl\/index.php\/producto\/tractor-shibaura-d-228\/\",\"name\":\"TRACTOR SHIBAURA D-228 - Import. Export. Sakai Maquinarias Ltda\",\"isPartOf\":{\"@id\":\"https:\/\/sakaimaquinariasltda.cl\/#website\"},\"primaryImageOfPage\":{\"@id\":\"https:\/\/sakaimaquinariasltda.cl\/index.php\/producto\/tractor-shibaura-d-228\/#primaryimage\"},\"image\":{\"@id\":\"https:\/\/sakaimaquinariasltda.cl\/index.php\/producto\/tractor-shibaura-d-228\/#primaryimage\"},\"thumbnailUrl\":\"https:\/\/sakaimaquinariasltda.cl\/wp-content\/uploads\/2025\/09\/WhatsApp-Image-2025-09-27-at-9.55.45-AM.jpeg\",\"datePublished\":\"2025-09-27T15:54:04+00:00\",\"dateModified\":\"2025-10-15T21:14:48+00:00\",\"breadcrumb\":{\"@id\":\"https:\/\/sakaimaquinariasltda.cl\/index.php\/producto\/tractor-shibaura-d-228\/#breadcrumb\"},\"inLanguage\":\"es\",\"potentialAction\":[{\"@type\":\"ReadAction\",\"target\":[\"https:\/\/sakaimaquinariasltda.cl\/index.php\/producto\/tractor-shibaura-d-228\/\"]}]},{\"@type\":\"ImageObject\",\"inLanguage\":\"es\",\"@id\":\"https:\/\/sakaimaquinariasltda.cl\/index.php\/producto\/tractor-shibaura-d-228\/#primaryimage\",\"url\":\"https:\/\/sakaimaquinariasltda.cl\/wp-content\/uploads\/2025\/09\/WhatsApp-Image-2025-09-27-at-9.55.45-AM.jpeg\",\"contentUrl\":\"https:\/\/sakaimaquinariasltda.cl\/wp-content\/uploads\/2025\/09\/WhatsApp-Image-2025-09-27-at-9.55.45-AM.jpeg\",\"width\":1600,\"height\":1200},{\"@type\":\"BreadcrumbList\",\"@id\":\"https:\/\/sakaimaquinariasltda.cl\/index.php\/producto\/tractor-shibaura-d-228\/#breadcrumb\",\"itemListElement\":[{\"@type\":\"ListItem\",\"position\":1,\"name\":\"Portada\",\"item\":\"https:\/\/sakaimaquinariasltda.cl\/\"},{\"@type\":\"ListItem\",\"position\":2,\"name\":\"Tienda\",\"item\":\"https:\/\/sakaimaquinariasltda.cl\/index.php\/tienda\/\"},{\"@type\":\"ListItem\",\"position\":3,\"name\":\"TRACTOR SHIBAURA D-228\"}]},{\"@type\":\"WebSite\",\"@id\":\"https:\/\/sakaimaquinariasltda.cl\/#website\",\"url\":\"https:\/\/sakaimaquinariasltda.cl\/\",\"name\":\"Import. Export. Sakai Maquinarias Ltda\",\"description\":\"Empresa dedicada 100% a la importaci\u00f3n de tractores japoneses\",\"publisher\":{\"@id\":\"https:\/\/sakaimaquinariasltda.cl\/#organization\"},\"alternateName\":\"sakai\",\"potentialAction\":[{\"@type\":\"SearchAction\",\"target\":{\"@type\":\"EntryPoint\",\"urlTemplate\":\"https:\/\/sakaimaquinariasltda.cl\/?s={search_term_string}\"},\"query-input\":{\"@type\":\"PropertyValueSpecification\",\"valueRequired\":true,\"valueName\":\"search_term_string\"}}],\"inLanguage\":\"es\"},{\"@type\":\"Organization\",\"@id\":\"https:\/\/sakaimaquinariasltda.cl\/#organization\",\"name\":\"Import. Export. Sakai Maquinarias Ltda\",\"url\":\"https:\/\/sakaimaquinariasltda.cl\/\",\"logo\":{\"@type\":\"ImageObject\",\"inLanguage\":\"es\",\"@id\":\"https:\/\/sakaimaquinariasltda.cl\/#\/schema\/logo\/image\/\",\"url\":\"https:\/\/sakaimaquinariasltda.cl\/wp-content\/uploads\/2023\/02\/cropped-Pollone-1-1.jpg\",\"contentUrl\":\"https:\/\/sakaimaquinariasltda.cl\/wp-content\/uploads\/2023\/02\/cropped-Pollone-1-1.jpg\",\"width\":880,\"height\":210,\"caption\":\"Import. Export. Sakai Maquinarias Ltda\"},\"image\":{\"@id\":\"https:\/\/sakaimaquinariasltda.cl\/#\/schema\/logo\/image\/\"}}]}<\/script>\n<!-- \/ Yoast SEO plugin. -->","yoast_head_json":{"title":"TRACTOR SHIBAURA D-228 - Import. Export. Sakai Maquinarias Ltda","robots":{"index":"index","follow":"follow","max-snippet":"max-snippet:-1","max-image-preview":"max-image-preview:large","max-video-preview":"max-video-preview:-1"},"canonical":"https:\/\/sakaimaquinariasltda.cl\/index.php\/producto\/tractor-shibaura-d-228\/","og_locale":"es_ES","og_type":"article","og_title":"TRACTOR SHIBAURA D-228 - Import. Export. Sakai Maquinarias Ltda","og_description":"Motor y rendimiento   Tipo de motor: Di\u00e9sel de 3 cilindros con refrigeraci\u00f3n l\u00edquida.  Potencia: 22 HP (16 kW).  Rendimiento: 22 HP.  RPM nominales: 2600 rpm.  Cilindrada: 1330 ccm.\u00a0   Transmisi\u00f3n   Tracci\u00f3n: Doble tracci\u00f3n (4x4).  Marchas:   Adelante: 12 velocidades (3x4).  Atr\u00e1s: 4 velocidades (1x4).    Bloqueo del diferencial: S\u00ed.  Frenos: Divididos (independientes).\u00a0   Dimensiones y peso   Peso: M\u00e1s de 1000 kg, seg\u00fan\u00a0Traktor.com.pl. Una variante, el D228F, pesa 957 kg.  Longitud: 256 cm.  Ancho: 120 cm.  Altura (al volante): 128 cm.  Distancia entre ejes: 149 cm.","og_url":"https:\/\/sakaimaquinariasltda.cl\/index.php\/producto\/tractor-shibaura-d-228\/","og_site_name":"Import. Export. Sakai Maquinarias Ltda","article_modified_time":"2025-10-15T21:14:48+00:00","og_image":[{"width":1600,"height":1200,"url":"https:\/\/sakaimaquinariasltda.cl\/wp-content\/uploads\/2025\/09\/WhatsApp-Image-2025-09-27-at-9.55.45-AM.jpeg","type":"image\/jpeg"}],"twitter_card":"summary_large_image","twitter_misc":{"Tiempo de lectura":"1 minuto"},"schema":{"@context":"https:\/\/schema.org","@graph":[{"@type":"WebPage","@id":"https:\/\/sakaimaquinariasltda.cl\/index.php\/producto\/tractor-shibaura-d-228\/","url":"https:\/\/sakaimaquinariasltda.cl\/index.php\/producto\/tractor-shibaura-d-228\/","name":"TRACTOR SHIBAURA D-228 - Import. Export. Sakai Maquinarias Ltda","isPartOf":{"@id":"https:\/\/sakaimaquinariasltda.cl\/#website"},"primaryImageOfPage":{"@id":"https:\/\/sakaimaquinariasltda.cl\/index.php\/producto\/tractor-shibaura-d-228\/#primaryimage"},"image":{"@id":"https:\/\/sakaimaquinariasltda.cl\/index.php\/producto\/tractor-shibaura-d-228\/#primaryimage"},"thumbnailUrl":"https:\/\/sakaimaquinariasltda.cl\/wp-content\/uploads\/2025\/09\/WhatsApp-Image-2025-09-27-at-9.55.45-AM.jpeg","datePublished":"2025-09-27T15:54:04+00:00","dateModified":"2025-10-15T21:14:48+00:00","breadcrumb":{"@id":"https:\/\/sakaimaquinariasltda.cl\/index.php\/producto\/tractor-shibaura-d-228\/#breadcrumb"},"inLanguage":"es","potentialAction":[{"@type":"ReadAction","target":["https:\/\/sakaimaquinariasltda.cl\/index.php\/producto\/tractor-shibaura-d-228\/"]}]},{"@type":"ImageObject","inLanguage":"es","@id":"https:\/\/sakaimaquinariasltda.cl\/index.php\/producto\/tractor-shibaura-d-228\/#primaryimage","url":"https:\/\/sakaimaquinariasltda.cl\/wp-content\/uploads\/2025\/09\/WhatsApp-Image-2025-09-27-at-9.55.45-AM.jpeg","contentUrl":"https:\/\/sakaimaquinariasltda.cl\/wp-content\/uploads\/2025\/09\/WhatsApp-Image-2025-09-27-at-9.55.45-AM.jpeg","width":1600,"height":1200},{"@type":"BreadcrumbList","@id":"https:\/\/sakaimaquinariasltda.cl\/index.php\/producto\/tractor-shibaura-d-228\/#breadcrumb","itemListElement":[{"@type":"ListItem","position":1,"name":"Portada","item":"https:\/\/sakaimaquinariasltda.cl\/"},{"@type":"ListItem","position":2,"name":"Tienda","item":"https:\/\/sakaimaquinariasltda.cl\/index.php\/tienda\/"},{"@type":"ListItem","position":3,"name":"TRACTOR SHIBAURA D-228"}]},{"@type":"WebSite","@id":"https:\/\/sakaimaquinariasltda.cl\/#website","url":"https:\/\/sakaimaquinariasltda.cl\/","name":"Import. Export. Sakai Maquinarias Ltda","description":"Empresa dedicada 100% a la importaci\u00f3n de tractores japoneses","publisher":{"@id":"https:\/\/sakaimaquinariasltda.cl\/#organization"},"alternateName":"sakai","potentialAction":[{"@type":"SearchAction","target":{"@type":"EntryPoint","urlTemplate":"https:\/\/sakaimaquinariasltda.cl\/?s={search_term_string}"},"query-input":{"@type":"PropertyValueSpecification","valueRequired":true,"valueName":"search_term_string"}}],"inLanguage":"es"},{"@type":"Organization","@id":"https:\/\/sakaimaquinariasltda.cl\/#organization","name":"Import. Export. Sakai Maquinarias Ltda","url":"https:\/\/sakaimaquinariasltda.cl\/","logo":{"@type":"ImageObject","inLanguage":"es","@id":"https:\/\/sakaimaquinariasltda.cl\/#\/schema\/logo\/image\/","url":"https:\/\/sakaimaquinariasltda.cl\/wp-content\/uploads\/2023\/02\/cropped-Pollone-1-1.jpg","contentUrl":"https:\/\/sakaimaquinariasltda.cl\/wp-content\/uploads\/2023\/02\/cropped-Pollone-1-1.jpg","width":880,"height":210,"caption":"Import. Export. Sakai Maquinarias Ltda"},"image":{"@id":"https:\/\/sakaimaquinariasltda.cl\/#\/schema\/logo\/image\/"}}]}},"_links":{"self":[{"href":"https:\/\/sakaimaquinariasltda.cl\/index.php\/wp-json\/wp\/v2\/product\/2024","targetHints":{"allow":["GET"]}}],"collection":[{"href":"https:\/\/sakaimaquinariasltda.cl\/index.php\/wp-json\/wp\/v2\/product"}],"about":[{"href":"https:\/\/sakaimaquinariasltda.cl\/index.php\/wp-json\/wp\/v2\/types\/product"}],"wp:featuredmedia":[{"embeddable":true,"href":"https:\/\/sakaimaquinariasltda.cl\/index.php\/wp-json\/wp\/v2\/media\/1887"}],"wp:attachment":[{"href":"https:\/\/sakaimaquinariasltda.cl\/index.php\/wp-json\/wp\/v2\/media?parent=2024"}],"wp:term":[{"taxonomy":"product_brand","embeddable":true,"href":"https:\/\/sakaimaquinariasltda.cl\/index.php\/wp-json\/wp\/v2\/product_brand?post=2024"},{"taxonomy":"product_cat","embeddable":true,"href":"https:\/\/sakaimaquinariasltda.cl\/index.php\/wp-json\/wp\/v2\/product_cat?post=2024"},{"taxonomy":"product_tag","embeddable":true,"href":"https:\/\/sakaimaquinariasltda.cl\/index.php\/wp-json\/wp\/v2\/product_tag?post=2024"}],"curies":[{"name":"wp","href":"https:\/\/api.w.org\/{rel}","templated":true}]}}