{"id":2023,"date":"2025-09-27T15:50:08","date_gmt":"2025-09-27T15:50:08","guid":{"rendered":"https:\/\/sakaimaquinariasltda.cl\/?post_type=product&#038;p=2023"},"modified":"2025-09-27T15:50:08","modified_gmt":"2025-09-27T15:50:08","slug":"tractor-hinomoto-nz-210","status":"publish","type":"product","link":"https:\/\/sakaimaquinariasltda.cl\/index.php\/producto\/tractor-hinomoto-nz-210\/","title":{"rendered":"TRACTOR HINOMOTO NZ-210"},"content":{"rendered":"<p>HACEMOS ENVIOS A TODO CHILE;PER\u00da, BOLIVIA Y PARAGUAY.<br \/>\nCONTACTENOS AL:<\/p>\n<p>+569 6213 4782<\/p>\n<p>+569 3228 6609<\/p>\n<p>+569 9385 9507<\/p>\n<p>Y EN NUESTRAS REDES SOCIALES:<\/p>\n<p>FACEBOOK- INSTAGRAM \u2013 TIKTOK<\/p>\n<p>COMO: SAKAI MAQUINARIAS LTDA<\/p>\n<p>Correo electr\u00f3nico: sakaimaquinarias@gmail.com<\/p>\n","protected":false},"excerpt":{"rendered":"<div class=\"AdPoic\" role=\"heading\" aria-level=\"3\" data-processed=\"true\" data-complete=\"true\">Motor y rendimiento<button class=\"rBl3me\" tabindex=\"0\" data-amic=\"true\" data-icl-uuid=\"5e3e0de0-43ee-4e27-b04b-33ab6cb2086d\" aria-label=\"Ver v\u00ednculos relacionados\" data-ved=\"2ahUKEwjhlbfDpfmPAxX2PbkGHf36ADgQye0OegYIAQgDEAA\"><\/button><\/div>\n<ul class=\"U6u95\" data-processed=\"true\" data-complete=\"true\">\n<li data-hveid=\"CAEIBRAA\" data-complete=\"true\"><span class=\"T286Pc\" data-complete=\"true\"><b class=\"Yjhzub\" data-complete=\"true\">Motor<\/b>: Di\u00e9sel de 21 CV.<\/span><\/li>\n<li data-hveid=\"CAEIBRAB\" data-complete=\"true\"><span class=\"T286Pc\" data-complete=\"true\"><b class=\"Yjhzub\" data-complete=\"true\">Tracci\u00f3n<\/b>: 4WD (Tracci\u00f3n en las cuatro ruedas).<\/span><\/li>\n<li data-hveid=\"CAEIBRAC\" data-complete=\"true\"><span class=\"T286Pc\" data-complete=\"true\"><b class=\"Yjhzub\" data-complete=\"true\">Horas de uso<\/b>: Los listados de tractores usados muestran ejemplos con m\u00e1s de 1.100 horas de uso, lo que indica un uso hist\u00f3rico en trabajos agr\u00edcolas.<\/span><span class=\"notranslate\" data-wiz-uids=\"st8gIb_29,st8gIb_2a\" data-complete=\"true\"><span class=\"vKEkVd\" data-animation-atomic=\"\">\u00a0<button class=\"rBl3me\" tabindex=\"0\" data-amic=\"true\" data-icl-uuid=\"535032bf-a8a0-46f5-9688-f7a5b265ccc8\" aria-label=\"Ver v\u00ednculos relacionados\" data-ved=\"2ahUKEwjhlbfDpfmPAxX2PbkGHf36ADgQye0OegYIAQgFEAM\"><\/button><\/span><\/span><\/li>\n<\/ul>\n<div class=\"Fsg96\" data-processed=\"true\" data-complete=\"true\"><\/div>\n<div class=\"AdPoic\" role=\"heading\" aria-level=\"3\" data-processed=\"true\" data-complete=\"true\">Opciones y caracter\u00edsticas<button class=\"rBl3me\" tabindex=\"0\" data-amic=\"true\" data-icl-uuid=\"19675283-422a-4927-a480-801307bf2b8f\" aria-label=\"Ver v\u00ednculos relacionados\" data-ved=\"2ahUKEwjhlbfDpfmPAxX2PbkGHf36ADgQye0OegYIAQgGEAA\"><\/button><\/div>\n<ul class=\"U6u95\" data-processed=\"true\" data-complete=\"true\">\n<li data-hveid=\"CAEIBxAA\" data-complete=\"true\"><span class=\"T286Pc\" data-complete=\"true\"><b class=\"Yjhzub\" data-complete=\"true\">Variante D<\/b>: Es posible encontrar versiones del tractor con la designaci\u00f3n \u00abNZ210D\u00bb, lo que puede indicar una variante espec\u00edfica del modelo.<\/span><\/li>\n<li data-hveid=\"CAEIBxAB\" data-complete=\"true\"><span class=\"T286Pc\" data-complete=\"true\"><b class=\"Yjhzub\" data-complete=\"true\">Importaci\u00f3n japonesa<\/b>: Muchos de los tractores Hinomoto NZ-210 disponibles en el mercado de segunda mano son importaciones directas de Jap\u00f3n, donde se fabricaron.<\/span><span class=\"notranslate\" data-wiz-uids=\"st8gIb_2n,st8gIb_2o\" data-complete=\"true\"><span class=\"vKEkVd\" data-animation-atomic=\"\">\u00a0<button class=\"rBl3me\" tabindex=\"0\" data-amic=\"true\" data-icl-uuid=\"18ce228c-1cd3-4b6f-8a24-2042ff3d7d57\" aria-label=\"Ver v\u00ednculos relacionados\" data-ved=\"2ahUKEwjhlbfDpfmPAxX2PbkGHf36ADgQye0OegYIAQgHEAI\"><\/button><\/span><\/span><\/li>\n<\/ul>\n<div class=\"Fsg96\" data-processed=\"true\" data-complete=\"true\"><\/div>\n<div data-xid=\"Gd7Hsc\" data-wiz-uids=\"st8gIb_2u\" data-processed=\"true\">\n<div class=\"DBd2Wb\" data-complete=\"true\"><\/div>\n<\/div>\n","protected":false},"featured_media":1893,"template":"","meta":[],"product_brand":[],"product_cat":[16],"product_tag":[],"class_list":{"0":"post-2023","1":"product","2":"type-product","3":"status-publish","4":"has-post-thumbnail","6":"product_cat-tractores","8":"first","9":"instock","10":"shipping-taxable","11":"product-type-simple"},"yoast_head":"<!-- This site is optimized with the Yoast SEO plugin v25.1 - https:\/\/yoast.com\/wordpress\/plugins\/seo\/ -->\n<title>TRACTOR HINOMOTO NZ-210 - Import. Export. Sakai Maquinarias Ltda<\/title>\n<meta name=\"robots\" content=\"index, follow, max-snippet:-1, max-image-preview:large, max-video-preview:-1\" \/>\n<link rel=\"canonical\" href=\"https:\/\/sakaimaquinariasltda.cl\/index.php\/producto\/tractor-hinomoto-nz-210\/\" \/>\n<meta property=\"og:locale\" content=\"es_ES\" \/>\n<meta property=\"og:type\" content=\"article\" \/>\n<meta property=\"og:title\" content=\"TRACTOR HINOMOTO NZ-210 - Import. Export. Sakai Maquinarias Ltda\" \/>\n<meta property=\"og:description\" content=\"Motor y rendimiento   Motor: Di\u00e9sel de 21 CV.  Tracci\u00f3n: 4WD (Tracci\u00f3n en las cuatro ruedas).  Horas de uso: Los listados de tractores usados muestran ejemplos con m\u00e1s de 1.100 horas de uso, lo que indica un uso hist\u00f3rico en trabajos agr\u00edcolas.\u00a0   Opciones y caracter\u00edsticas   Variante D: Es posible encontrar versiones del tractor con la designaci\u00f3n &quot;NZ210D&quot;, lo que puede indicar una variante espec\u00edfica del modelo.  Importaci\u00f3n japonesa: Muchos de los tractores Hinomoto NZ-210 disponibles en el mercado de segunda mano son importaciones directas de Jap\u00f3n, donde se fabricaron.\u00a0\" \/>\n<meta property=\"og:url\" content=\"https:\/\/sakaimaquinariasltda.cl\/index.php\/producto\/tractor-hinomoto-nz-210\/\" \/>\n<meta property=\"og:site_name\" content=\"Import. Export. Sakai Maquinarias Ltda\" \/>\n<meta property=\"og:image\" content=\"https:\/\/sakaimaquinariasltda.cl\/wp-content\/uploads\/2025\/09\/WhatsApp-Image-2025-09-27-at-9.55.42-AM-1.jpeg\" \/>\n\t<meta property=\"og:image:width\" content=\"1200\" \/>\n\t<meta property=\"og:image:height\" content=\"1600\" \/>\n\t<meta property=\"og:image:type\" content=\"image\/jpeg\" \/>\n<meta name=\"twitter:card\" content=\"summary_large_image\" \/>\n<meta name=\"twitter:label1\" content=\"Tiempo de lectura\" \/>\n\t<meta name=\"twitter:data1\" content=\"1 minuto\" \/>\n<script type=\"application\/ld+json\" class=\"yoast-schema-graph\">{\"@context\":\"https:\/\/schema.org\",\"@graph\":[{\"@type\":\"WebPage\",\"@id\":\"https:\/\/sakaimaquinariasltda.cl\/index.php\/producto\/tractor-hinomoto-nz-210\/\",\"url\":\"https:\/\/sakaimaquinariasltda.cl\/index.php\/producto\/tractor-hinomoto-nz-210\/\",\"name\":\"TRACTOR HINOMOTO NZ-210 - Import. Export. Sakai Maquinarias Ltda\",\"isPartOf\":{\"@id\":\"https:\/\/sakaimaquinariasltda.cl\/#website\"},\"primaryImageOfPage\":{\"@id\":\"https:\/\/sakaimaquinariasltda.cl\/index.php\/producto\/tractor-hinomoto-nz-210\/#primaryimage\"},\"image\":{\"@id\":\"https:\/\/sakaimaquinariasltda.cl\/index.php\/producto\/tractor-hinomoto-nz-210\/#primaryimage\"},\"thumbnailUrl\":\"https:\/\/sakaimaquinariasltda.cl\/wp-content\/uploads\/2025\/09\/WhatsApp-Image-2025-09-27-at-9.55.42-AM-1.jpeg\",\"datePublished\":\"2025-09-27T15:50:08+00:00\",\"breadcrumb\":{\"@id\":\"https:\/\/sakaimaquinariasltda.cl\/index.php\/producto\/tractor-hinomoto-nz-210\/#breadcrumb\"},\"inLanguage\":\"es\",\"potentialAction\":[{\"@type\":\"ReadAction\",\"target\":[\"https:\/\/sakaimaquinariasltda.cl\/index.php\/producto\/tractor-hinomoto-nz-210\/\"]}]},{\"@type\":\"ImageObject\",\"inLanguage\":\"es\",\"@id\":\"https:\/\/sakaimaquinariasltda.cl\/index.php\/producto\/tractor-hinomoto-nz-210\/#primaryimage\",\"url\":\"https:\/\/sakaimaquinariasltda.cl\/wp-content\/uploads\/2025\/09\/WhatsApp-Image-2025-09-27-at-9.55.42-AM-1.jpeg\",\"contentUrl\":\"https:\/\/sakaimaquinariasltda.cl\/wp-content\/uploads\/2025\/09\/WhatsApp-Image-2025-09-27-at-9.55.42-AM-1.jpeg\",\"width\":1200,\"height\":1600},{\"@type\":\"BreadcrumbList\",\"@id\":\"https:\/\/sakaimaquinariasltda.cl\/index.php\/producto\/tractor-hinomoto-nz-210\/#breadcrumb\",\"itemListElement\":[{\"@type\":\"ListItem\",\"position\":1,\"name\":\"Portada\",\"item\":\"https:\/\/sakaimaquinariasltda.cl\/\"},{\"@type\":\"ListItem\",\"position\":2,\"name\":\"Tienda\",\"item\":\"https:\/\/sakaimaquinariasltda.cl\/index.php\/tienda\/\"},{\"@type\":\"ListItem\",\"position\":3,\"name\":\"TRACTOR HINOMOTO NZ-210\"}]},{\"@type\":\"WebSite\",\"@id\":\"https:\/\/sakaimaquinariasltda.cl\/#website\",\"url\":\"https:\/\/sakaimaquinariasltda.cl\/\",\"name\":\"Import. Export. Sakai Maquinarias Ltda\",\"description\":\"Empresa dedicada 100% a la importaci\u00f3n de tractores japoneses\",\"publisher\":{\"@id\":\"https:\/\/sakaimaquinariasltda.cl\/#organization\"},\"alternateName\":\"sakai\",\"potentialAction\":[{\"@type\":\"SearchAction\",\"target\":{\"@type\":\"EntryPoint\",\"urlTemplate\":\"https:\/\/sakaimaquinariasltda.cl\/?s={search_term_string}\"},\"query-input\":{\"@type\":\"PropertyValueSpecification\",\"valueRequired\":true,\"valueName\":\"search_term_string\"}}],\"inLanguage\":\"es\"},{\"@type\":\"Organization\",\"@id\":\"https:\/\/sakaimaquinariasltda.cl\/#organization\",\"name\":\"Import. Export. Sakai Maquinarias Ltda\",\"url\":\"https:\/\/sakaimaquinariasltda.cl\/\",\"logo\":{\"@type\":\"ImageObject\",\"inLanguage\":\"es\",\"@id\":\"https:\/\/sakaimaquinariasltda.cl\/#\/schema\/logo\/image\/\",\"url\":\"https:\/\/sakaimaquinariasltda.cl\/wp-content\/uploads\/2023\/02\/cropped-Pollone-1-1.jpg\",\"contentUrl\":\"https:\/\/sakaimaquinariasltda.cl\/wp-content\/uploads\/2023\/02\/cropped-Pollone-1-1.jpg\",\"width\":880,\"height\":210,\"caption\":\"Import. Export. Sakai Maquinarias Ltda\"},\"image\":{\"@id\":\"https:\/\/sakaimaquinariasltda.cl\/#\/schema\/logo\/image\/\"}}]}<\/script>\n<!-- \/ Yoast SEO plugin. -->","yoast_head_json":{"title":"TRACTOR HINOMOTO NZ-210 - Import. Export. Sakai Maquinarias Ltda","robots":{"index":"index","follow":"follow","max-snippet":"max-snippet:-1","max-image-preview":"max-image-preview:large","max-video-preview":"max-video-preview:-1"},"canonical":"https:\/\/sakaimaquinariasltda.cl\/index.php\/producto\/tractor-hinomoto-nz-210\/","og_locale":"es_ES","og_type":"article","og_title":"TRACTOR HINOMOTO NZ-210 - Import. Export. Sakai Maquinarias Ltda","og_description":"Motor y rendimiento   Motor: Di\u00e9sel de 21 CV.  Tracci\u00f3n: 4WD (Tracci\u00f3n en las cuatro ruedas).  Horas de uso: Los listados de tractores usados muestran ejemplos con m\u00e1s de 1.100 horas de uso, lo que indica un uso hist\u00f3rico en trabajos agr\u00edcolas.\u00a0   Opciones y caracter\u00edsticas   Variante D: Es posible encontrar versiones del tractor con la designaci\u00f3n \"NZ210D\", lo que puede indicar una variante espec\u00edfica del modelo.  Importaci\u00f3n japonesa: Muchos de los tractores Hinomoto NZ-210 disponibles en el mercado de segunda mano son importaciones directas de Jap\u00f3n, donde se fabricaron.\u00a0","og_url":"https:\/\/sakaimaquinariasltda.cl\/index.php\/producto\/tractor-hinomoto-nz-210\/","og_site_name":"Import. Export. Sakai Maquinarias Ltda","og_image":[{"width":1200,"height":1600,"url":"https:\/\/sakaimaquinariasltda.cl\/wp-content\/uploads\/2025\/09\/WhatsApp-Image-2025-09-27-at-9.55.42-AM-1.jpeg","type":"image\/jpeg"}],"twitter_card":"summary_large_image","twitter_misc":{"Tiempo de lectura":"1 minuto"},"schema":{"@context":"https:\/\/schema.org","@graph":[{"@type":"WebPage","@id":"https:\/\/sakaimaquinariasltda.cl\/index.php\/producto\/tractor-hinomoto-nz-210\/","url":"https:\/\/sakaimaquinariasltda.cl\/index.php\/producto\/tractor-hinomoto-nz-210\/","name":"TRACTOR HINOMOTO NZ-210 - Import. Export. Sakai Maquinarias Ltda","isPartOf":{"@id":"https:\/\/sakaimaquinariasltda.cl\/#website"},"primaryImageOfPage":{"@id":"https:\/\/sakaimaquinariasltda.cl\/index.php\/producto\/tractor-hinomoto-nz-210\/#primaryimage"},"image":{"@id":"https:\/\/sakaimaquinariasltda.cl\/index.php\/producto\/tractor-hinomoto-nz-210\/#primaryimage"},"thumbnailUrl":"https:\/\/sakaimaquinariasltda.cl\/wp-content\/uploads\/2025\/09\/WhatsApp-Image-2025-09-27-at-9.55.42-AM-1.jpeg","datePublished":"2025-09-27T15:50:08+00:00","breadcrumb":{"@id":"https:\/\/sakaimaquinariasltda.cl\/index.php\/producto\/tractor-hinomoto-nz-210\/#breadcrumb"},"inLanguage":"es","potentialAction":[{"@type":"ReadAction","target":["https:\/\/sakaimaquinariasltda.cl\/index.php\/producto\/tractor-hinomoto-nz-210\/"]}]},{"@type":"ImageObject","inLanguage":"es","@id":"https:\/\/sakaimaquinariasltda.cl\/index.php\/producto\/tractor-hinomoto-nz-210\/#primaryimage","url":"https:\/\/sakaimaquinariasltda.cl\/wp-content\/uploads\/2025\/09\/WhatsApp-Image-2025-09-27-at-9.55.42-AM-1.jpeg","contentUrl":"https:\/\/sakaimaquinariasltda.cl\/wp-content\/uploads\/2025\/09\/WhatsApp-Image-2025-09-27-at-9.55.42-AM-1.jpeg","width":1200,"height":1600},{"@type":"BreadcrumbList","@id":"https:\/\/sakaimaquinariasltda.cl\/index.php\/producto\/tractor-hinomoto-nz-210\/#breadcrumb","itemListElement":[{"@type":"ListItem","position":1,"name":"Portada","item":"https:\/\/sakaimaquinariasltda.cl\/"},{"@type":"ListItem","position":2,"name":"Tienda","item":"https:\/\/sakaimaquinariasltda.cl\/index.php\/tienda\/"},{"@type":"ListItem","position":3,"name":"TRACTOR HINOMOTO NZ-210"}]},{"@type":"WebSite","@id":"https:\/\/sakaimaquinariasltda.cl\/#website","url":"https:\/\/sakaimaquinariasltda.cl\/","name":"Import. Export. Sakai Maquinarias Ltda","description":"Empresa dedicada 100% a la importaci\u00f3n de tractores japoneses","publisher":{"@id":"https:\/\/sakaimaquinariasltda.cl\/#organization"},"alternateName":"sakai","potentialAction":[{"@type":"SearchAction","target":{"@type":"EntryPoint","urlTemplate":"https:\/\/sakaimaquinariasltda.cl\/?s={search_term_string}"},"query-input":{"@type":"PropertyValueSpecification","valueRequired":true,"valueName":"search_term_string"}}],"inLanguage":"es"},{"@type":"Organization","@id":"https:\/\/sakaimaquinariasltda.cl\/#organization","name":"Import. Export. Sakai Maquinarias Ltda","url":"https:\/\/sakaimaquinariasltda.cl\/","logo":{"@type":"ImageObject","inLanguage":"es","@id":"https:\/\/sakaimaquinariasltda.cl\/#\/schema\/logo\/image\/","url":"https:\/\/sakaimaquinariasltda.cl\/wp-content\/uploads\/2023\/02\/cropped-Pollone-1-1.jpg","contentUrl":"https:\/\/sakaimaquinariasltda.cl\/wp-content\/uploads\/2023\/02\/cropped-Pollone-1-1.jpg","width":880,"height":210,"caption":"Import. Export. Sakai Maquinarias Ltda"},"image":{"@id":"https:\/\/sakaimaquinariasltda.cl\/#\/schema\/logo\/image\/"}}]}},"_links":{"self":[{"href":"https:\/\/sakaimaquinariasltda.cl\/index.php\/wp-json\/wp\/v2\/product\/2023","targetHints":{"allow":["GET"]}}],"collection":[{"href":"https:\/\/sakaimaquinariasltda.cl\/index.php\/wp-json\/wp\/v2\/product"}],"about":[{"href":"https:\/\/sakaimaquinariasltda.cl\/index.php\/wp-json\/wp\/v2\/types\/product"}],"wp:featuredmedia":[{"embeddable":true,"href":"https:\/\/sakaimaquinariasltda.cl\/index.php\/wp-json\/wp\/v2\/media\/1893"}],"wp:attachment":[{"href":"https:\/\/sakaimaquinariasltda.cl\/index.php\/wp-json\/wp\/v2\/media?parent=2023"}],"wp:term":[{"taxonomy":"product_brand","embeddable":true,"href":"https:\/\/sakaimaquinariasltda.cl\/index.php\/wp-json\/wp\/v2\/product_brand?post=2023"},{"taxonomy":"product_cat","embeddable":true,"href":"https:\/\/sakaimaquinariasltda.cl\/index.php\/wp-json\/wp\/v2\/product_cat?post=2023"},{"taxonomy":"product_tag","embeddable":true,"href":"https:\/\/sakaimaquinariasltda.cl\/index.php\/wp-json\/wp\/v2\/product_tag?post=2023"}],"curies":[{"name":"wp","href":"https:\/\/api.w.org\/{rel}","templated":true}]}}