{"id":2021,"date":"2025-09-27T15:32:18","date_gmt":"2025-09-27T15:32:18","guid":{"rendered":"https:\/\/sakaimaquinariasltda.cl\/?post_type=product&#038;p=2021"},"modified":"2025-09-27T15:32:19","modified_gmt":"2025-09-27T15:32:19","slug":"tractor-mitsubishi-mt-24-con-techo","status":"publish","type":"product","link":"https:\/\/sakaimaquinariasltda.cl\/index.php\/producto\/tractor-mitsubishi-mt-24-con-techo\/","title":{"rendered":"TRACTOR MITSUBISHI MT-24 CON TECHO"},"content":{"rendered":"<p>HACEMOS ENVIOS A TODO CHILE;PER\u00da, BOLIVIA Y PARAGUAY.<br \/>\nCONTACTENOS AL:<\/p>\n<p>+569 6213 4782<\/p>\n<p>+569 3228 6609<\/p>\n<p>+569 9385 9507<\/p>\n<p>Y EN NUESTRAS REDES SOCIALES:<\/p>\n<p>FACEBOOK- INSTAGRAM \u2013 TIKTOK<\/p>\n<p>COMO: SAKAI MAQUINARIAS LTDA<\/p>\n<p>Correo electr\u00f3nico: sakaimaquinarias@gmail.com<\/p>\n","protected":false},"excerpt":{"rendered":"<div class=\"WaaZC\">\n<div class=\"RJPOee EIJn2\">\n<div class=\"rPeykc uP58nb\" data-hveid=\"CBYQAQ\" data-ved=\"2ahUKEwjn-cyYlfmPAxU2GrkGHXJzIcwQo_EKegQIFhAB\"><span data-huuid=\"9896476910584321299\"><span role=\"heading\" aria-level=\"2\">Especificaciones T\u00e9cnicas:<\/span><span class=\"pjBG2e\" data-cid=\"321f2e4e-facc-4faa-ba4a-070894988231\"><span class=\"UV3uM\">\u00a0<\/span><\/span><\/span><\/div>\n<\/div>\n<\/div>\n<div class=\"WaaZC\">\n<div class=\"RJPOee EIJn2\">\n<ul data-hveid=\"CC8QAQ\" data-ved=\"2ahUKEwjn-cyYlfmPAxU2GrkGHXJzIcwQm_YKegQILxAB\">\n<li><span data-huuid=\"9896476910584321386\"><strong>Motor:<\/strong>\u00a0<\/span><span data-huuid=\"9896476910584321415\">Di\u00e9sel de 4 tiempos.<\/span><\/li>\n<li><span data-huuid=\"9896476910584321473\"><strong>Potencia:<\/strong>\u00a0<\/span><span data-huuid=\"9896476910584321502\">24 CV (Caballos de Fuerza).<\/span><\/li>\n<li><span data-huuid=\"9896476910584321560\"><strong>Cilindrada:<\/strong>\u00a0<\/span><span data-huuid=\"9896476910584321589\">Aproximadamente 1200 cm\u00b3.<\/span><\/li>\n<li><span data-huuid=\"9896476910584321647\"><strong>N\u00famero de cilindros:<\/strong>\u00a0<\/span><span data-huuid=\"9896476910584321676\">4.<\/span><\/li>\n<li><span data-huuid=\"9896476910584321734\"><strong>Tracci\u00f3n:<\/strong>\u00a0<\/span><span data-huuid=\"9896476910584321763\">4\u00d74 (tracci\u00f3n en las cuatro ruedas).<\/span><\/li>\n<li><span data-huuid=\"9896476910584321821\"><strong>Refrigeraci\u00f3n:<\/strong>\u00a0<\/span><span data-huuid=\"9896476910584321850\">L\u00edquida.<\/span><\/li>\n<li><span data-huuid=\"9896476910584321908\"><strong>Sistema Hidr\u00e1ulico:<\/strong>\u00a0<\/span><span data-huuid=\"9896476910584321937\">De doble acci\u00f3n, compatible con diversos aperos.<\/span><\/li>\n<li><span data-huuid=\"9896476910584321995\"><strong>Transmisi\u00f3n:<\/strong>\u00a0<\/span><span data-huuid=\"9896476910584322024\">Caja de cambios mec\u00e1nica.<\/span><\/li>\n<\/ul>\n<\/div>\n<\/div>\n<div class=\"WaaZC\">\n<div class=\"RJPOee EIJn2\">\n<div class=\"rPeykc uP58nb\" data-hveid=\"CDQQAQ\" data-ved=\"2ahUKEwjn-cyYlfmPAxU2GrkGHXJzIcwQo_EKegQINBAB\"><span data-huuid=\"4552980218381205893\"><span role=\"heading\" aria-level=\"2\">Caracter\u00edsticas y Usos:<\/span><\/span><\/div>\n<\/div>\n<\/div>\n<div class=\"WaaZC\">\n<div class=\"RJPOee EIJn2\">\n<ul data-hveid=\"CFAQAQ\" data-ved=\"2ahUKEwjn-cyYlfmPAxU2GrkGHXJzIcwQm_YKegQIUBAB\">\n<li><span data-huuid=\"4552980218381206634\"><strong>Dise\u00f1o:<\/strong>\u00a0<\/span><span data-huuid=\"4552980218381206881\">Compacto y robusto, dise\u00f1ado para una f\u00e1cil reparaci\u00f3n y mantenimiento.<span class=\"pjBG2e\" data-cid=\"45c1ee06-f883-43d9-9860-bf20049f2959\"><span class=\"UV3uM\">\u00a0<\/span><\/span><\/span>\n<div class=\"NPrrbc\" data-cid=\"45c1ee06-f883-43d9-9860-bf20049f2959\" data-uuids=\"4552980218381206634,4552980218381206881\">\n<div class=\"BMebGe btku5b LwdV0e FR7ZSc qVhvac OJeuxf\" tabindex=\"0\" role=\"button\" aria-label=\"Ver v\u00ednculos relacionados\" data-hveid=\"CEUQAQ\" data-ved=\"2ahUKEwjn-cyYlfmPAxU2GrkGHXJzIcwQ3fYKegQIRRAB\">\n<div class=\"niO4u\">\n<div class=\"kHtcsd\"><\/div>\n<\/div>\n<\/div>\n<\/div>\n<\/li>\n<li><span data-huuid=\"4552980218381207375\"><strong>Peso:<\/strong>\u00a0<\/span><span data-huuid=\"4552980218381207622\">Aproximadamente 1300 kg.<span class=\"pjBG2e\" data-cid=\"e0b88c94-d34d-46e3-8ab1-743d4a124061\"><span class=\"UV3uM\">\u00a0<\/span><\/span><\/span>\n<div class=\"NPrrbc\" data-cid=\"e0b88c94-d34d-46e3-8ab1-743d4a124061\" data-uuids=\"4552980218381207375,4552980218381207622\">\n<div class=\"BMebGe btku5b LwdV0e FR7ZSc qVhvac OJeuxf\" tabindex=\"0\" role=\"button\" aria-label=\"Ver v\u00ednculos relacionados\" data-hveid=\"CEMQAQ\" data-ved=\"2ahUKEwjn-cyYlfmPAxU2GrkGHXJzIcwQ3fYKegQIQxAB\">\n<div class=\"niO4u\">\n<div class=\"kHtcsd\"><\/div>\n<\/div>\n<\/div>\n<\/div>\n<\/li>\n<li><span data-huuid=\"4552980218381208116\"><strong>Manejo:<\/strong>\u00a0<\/span><span data-huuid=\"4552980218381208363\">Dise\u00f1ado para ser f\u00e1cil de operar, incluso en terrenos dif\u00edciles, gracias a su tracci\u00f3n 4\u00d74.<span class=\"pjBG2e\" data-cid=\"8b12ae57-184e-4dc8-b393-323f89e828df\"><span class=\"UV3uM\">\u00a0<\/span><\/span><\/span><\/li>\n<\/ul>\n<\/div>\n<\/div>\n","protected":false},"featured_media":1907,"template":"","meta":[],"product_brand":[],"product_cat":[16],"product_tag":[],"class_list":{"0":"post-2021","1":"product","2":"type-product","3":"status-publish","4":"has-post-thumbnail","6":"product_cat-tractores","8":"first","9":"instock","10":"shipping-taxable","11":"product-type-simple"},"yoast_head":"<!-- This site is optimized with the Yoast SEO plugin v25.1 - https:\/\/yoast.com\/wordpress\/plugins\/seo\/ -->\n<title>TRACTOR MITSUBISHI MT-24 CON TECHO - Import. Export. Sakai Maquinarias Ltda<\/title>\n<meta name=\"robots\" content=\"index, follow, max-snippet:-1, max-image-preview:large, max-video-preview:-1\" \/>\n<link rel=\"canonical\" href=\"https:\/\/sakaimaquinariasltda.cl\/index.php\/producto\/tractor-mitsubishi-mt-24-con-techo\/\" \/>\n<meta property=\"og:locale\" content=\"es_ES\" \/>\n<meta property=\"og:type\" content=\"article\" \/>\n<meta property=\"og:title\" content=\"TRACTOR MITSUBISHI MT-24 CON TECHO - Import. Export. Sakai Maquinarias Ltda\" \/>\n<meta property=\"og:description\" content=\"Especificaciones T\u00e9cnicas:\u00a0       Motor:\u00a0Di\u00e9sel de 4 tiempos.  Potencia:\u00a024 CV (Caballos de Fuerza).  Cilindrada:\u00a0Aproximadamente 1200 cm\u00b3.  N\u00famero de cilindros:\u00a04.  Tracci\u00f3n:\u00a04\u00d74 (tracci\u00f3n en las cuatro ruedas).  Refrigeraci\u00f3n:\u00a0L\u00edquida.  Sistema Hidr\u00e1ulico:\u00a0De doble acci\u00f3n, compatible con diversos aperos.  Transmisi\u00f3n:\u00a0Caja de cambios mec\u00e1nica.      Caracter\u00edsticas y Usos:       Dise\u00f1o:\u00a0Compacto y robusto, dise\u00f1ado para una f\u00e1cil reparaci\u00f3n y mantenimiento.\u00a0         Peso:\u00a0Aproximadamente 1300 kg.\u00a0         Manejo:\u00a0Dise\u00f1ado para ser f\u00e1cil de operar, incluso en terrenos dif\u00edciles, gracias a su tracci\u00f3n 4\u00d74.\u00a0\" \/>\n<meta property=\"og:url\" content=\"https:\/\/sakaimaquinariasltda.cl\/index.php\/producto\/tractor-mitsubishi-mt-24-con-techo\/\" \/>\n<meta property=\"og:site_name\" content=\"Import. Export. Sakai Maquinarias Ltda\" \/>\n<meta property=\"article:modified_time\" content=\"2025-09-27T15:32:19+00:00\" \/>\n<meta property=\"og:image\" content=\"https:\/\/sakaimaquinariasltda.cl\/wp-content\/uploads\/2025\/09\/WhatsApp-Image-2025-09-27-at-9.55.37-AM.jpeg\" \/>\n\t<meta property=\"og:image:width\" content=\"1200\" \/>\n\t<meta property=\"og:image:height\" content=\"1600\" \/>\n\t<meta property=\"og:image:type\" content=\"image\/jpeg\" \/>\n<meta name=\"twitter:card\" content=\"summary_large_image\" \/>\n<meta name=\"twitter:label1\" content=\"Tiempo de lectura\" \/>\n\t<meta name=\"twitter:data1\" content=\"1 minuto\" \/>\n<script type=\"application\/ld+json\" class=\"yoast-schema-graph\">{\"@context\":\"https:\/\/schema.org\",\"@graph\":[{\"@type\":\"WebPage\",\"@id\":\"https:\/\/sakaimaquinariasltda.cl\/index.php\/producto\/tractor-mitsubishi-mt-24-con-techo\/\",\"url\":\"https:\/\/sakaimaquinariasltda.cl\/index.php\/producto\/tractor-mitsubishi-mt-24-con-techo\/\",\"name\":\"TRACTOR MITSUBISHI MT-24 CON TECHO - Import. Export. Sakai Maquinarias Ltda\",\"isPartOf\":{\"@id\":\"https:\/\/sakaimaquinariasltda.cl\/#website\"},\"primaryImageOfPage\":{\"@id\":\"https:\/\/sakaimaquinariasltda.cl\/index.php\/producto\/tractor-mitsubishi-mt-24-con-techo\/#primaryimage\"},\"image\":{\"@id\":\"https:\/\/sakaimaquinariasltda.cl\/index.php\/producto\/tractor-mitsubishi-mt-24-con-techo\/#primaryimage\"},\"thumbnailUrl\":\"https:\/\/sakaimaquinariasltda.cl\/wp-content\/uploads\/2025\/09\/WhatsApp-Image-2025-09-27-at-9.55.37-AM.jpeg\",\"datePublished\":\"2025-09-27T15:32:18+00:00\",\"dateModified\":\"2025-09-27T15:32:19+00:00\",\"breadcrumb\":{\"@id\":\"https:\/\/sakaimaquinariasltda.cl\/index.php\/producto\/tractor-mitsubishi-mt-24-con-techo\/#breadcrumb\"},\"inLanguage\":\"es\",\"potentialAction\":[{\"@type\":\"ReadAction\",\"target\":[\"https:\/\/sakaimaquinariasltda.cl\/index.php\/producto\/tractor-mitsubishi-mt-24-con-techo\/\"]}]},{\"@type\":\"ImageObject\",\"inLanguage\":\"es\",\"@id\":\"https:\/\/sakaimaquinariasltda.cl\/index.php\/producto\/tractor-mitsubishi-mt-24-con-techo\/#primaryimage\",\"url\":\"https:\/\/sakaimaquinariasltda.cl\/wp-content\/uploads\/2025\/09\/WhatsApp-Image-2025-09-27-at-9.55.37-AM.jpeg\",\"contentUrl\":\"https:\/\/sakaimaquinariasltda.cl\/wp-content\/uploads\/2025\/09\/WhatsApp-Image-2025-09-27-at-9.55.37-AM.jpeg\",\"width\":1200,\"height\":1600},{\"@type\":\"BreadcrumbList\",\"@id\":\"https:\/\/sakaimaquinariasltda.cl\/index.php\/producto\/tractor-mitsubishi-mt-24-con-techo\/#breadcrumb\",\"itemListElement\":[{\"@type\":\"ListItem\",\"position\":1,\"name\":\"Portada\",\"item\":\"https:\/\/sakaimaquinariasltda.cl\/\"},{\"@type\":\"ListItem\",\"position\":2,\"name\":\"Tienda\",\"item\":\"https:\/\/sakaimaquinariasltda.cl\/index.php\/tienda\/\"},{\"@type\":\"ListItem\",\"position\":3,\"name\":\"TRACTOR MITSUBISHI MT-24 CON TECHO\"}]},{\"@type\":\"WebSite\",\"@id\":\"https:\/\/sakaimaquinariasltda.cl\/#website\",\"url\":\"https:\/\/sakaimaquinariasltda.cl\/\",\"name\":\"Import. Export. Sakai Maquinarias Ltda\",\"description\":\"Empresa dedicada 100% a la importaci\u00f3n de tractores japoneses\",\"publisher\":{\"@id\":\"https:\/\/sakaimaquinariasltda.cl\/#organization\"},\"alternateName\":\"sakai\",\"potentialAction\":[{\"@type\":\"SearchAction\",\"target\":{\"@type\":\"EntryPoint\",\"urlTemplate\":\"https:\/\/sakaimaquinariasltda.cl\/?s={search_term_string}\"},\"query-input\":{\"@type\":\"PropertyValueSpecification\",\"valueRequired\":true,\"valueName\":\"search_term_string\"}}],\"inLanguage\":\"es\"},{\"@type\":\"Organization\",\"@id\":\"https:\/\/sakaimaquinariasltda.cl\/#organization\",\"name\":\"Import. Export. Sakai Maquinarias Ltda\",\"url\":\"https:\/\/sakaimaquinariasltda.cl\/\",\"logo\":{\"@type\":\"ImageObject\",\"inLanguage\":\"es\",\"@id\":\"https:\/\/sakaimaquinariasltda.cl\/#\/schema\/logo\/image\/\",\"url\":\"https:\/\/sakaimaquinariasltda.cl\/wp-content\/uploads\/2023\/02\/cropped-Pollone-1-1.jpg\",\"contentUrl\":\"https:\/\/sakaimaquinariasltda.cl\/wp-content\/uploads\/2023\/02\/cropped-Pollone-1-1.jpg\",\"width\":880,\"height\":210,\"caption\":\"Import. Export. Sakai Maquinarias Ltda\"},\"image\":{\"@id\":\"https:\/\/sakaimaquinariasltda.cl\/#\/schema\/logo\/image\/\"}}]}<\/script>\n<!-- \/ Yoast SEO plugin. -->","yoast_head_json":{"title":"TRACTOR MITSUBISHI MT-24 CON TECHO - Import. Export. Sakai Maquinarias Ltda","robots":{"index":"index","follow":"follow","max-snippet":"max-snippet:-1","max-image-preview":"max-image-preview:large","max-video-preview":"max-video-preview:-1"},"canonical":"https:\/\/sakaimaquinariasltda.cl\/index.php\/producto\/tractor-mitsubishi-mt-24-con-techo\/","og_locale":"es_ES","og_type":"article","og_title":"TRACTOR MITSUBISHI MT-24 CON TECHO - Import. Export. Sakai Maquinarias Ltda","og_description":"Especificaciones T\u00e9cnicas:\u00a0       Motor:\u00a0Di\u00e9sel de 4 tiempos.  Potencia:\u00a024 CV (Caballos de Fuerza).  Cilindrada:\u00a0Aproximadamente 1200 cm\u00b3.  N\u00famero de cilindros:\u00a04.  Tracci\u00f3n:\u00a04\u00d74 (tracci\u00f3n en las cuatro ruedas).  Refrigeraci\u00f3n:\u00a0L\u00edquida.  Sistema Hidr\u00e1ulico:\u00a0De doble acci\u00f3n, compatible con diversos aperos.  Transmisi\u00f3n:\u00a0Caja de cambios mec\u00e1nica.      Caracter\u00edsticas y Usos:       Dise\u00f1o:\u00a0Compacto y robusto, dise\u00f1ado para una f\u00e1cil reparaci\u00f3n y mantenimiento.\u00a0         Peso:\u00a0Aproximadamente 1300 kg.\u00a0         Manejo:\u00a0Dise\u00f1ado para ser f\u00e1cil de operar, incluso en terrenos dif\u00edciles, gracias a su tracci\u00f3n 4\u00d74.\u00a0","og_url":"https:\/\/sakaimaquinariasltda.cl\/index.php\/producto\/tractor-mitsubishi-mt-24-con-techo\/","og_site_name":"Import. Export. Sakai Maquinarias Ltda","article_modified_time":"2025-09-27T15:32:19+00:00","og_image":[{"width":1200,"height":1600,"url":"https:\/\/sakaimaquinariasltda.cl\/wp-content\/uploads\/2025\/09\/WhatsApp-Image-2025-09-27-at-9.55.37-AM.jpeg","type":"image\/jpeg"}],"twitter_card":"summary_large_image","twitter_misc":{"Tiempo de lectura":"1 minuto"},"schema":{"@context":"https:\/\/schema.org","@graph":[{"@type":"WebPage","@id":"https:\/\/sakaimaquinariasltda.cl\/index.php\/producto\/tractor-mitsubishi-mt-24-con-techo\/","url":"https:\/\/sakaimaquinariasltda.cl\/index.php\/producto\/tractor-mitsubishi-mt-24-con-techo\/","name":"TRACTOR MITSUBISHI MT-24 CON TECHO - Import. Export. Sakai Maquinarias Ltda","isPartOf":{"@id":"https:\/\/sakaimaquinariasltda.cl\/#website"},"primaryImageOfPage":{"@id":"https:\/\/sakaimaquinariasltda.cl\/index.php\/producto\/tractor-mitsubishi-mt-24-con-techo\/#primaryimage"},"image":{"@id":"https:\/\/sakaimaquinariasltda.cl\/index.php\/producto\/tractor-mitsubishi-mt-24-con-techo\/#primaryimage"},"thumbnailUrl":"https:\/\/sakaimaquinariasltda.cl\/wp-content\/uploads\/2025\/09\/WhatsApp-Image-2025-09-27-at-9.55.37-AM.jpeg","datePublished":"2025-09-27T15:32:18+00:00","dateModified":"2025-09-27T15:32:19+00:00","breadcrumb":{"@id":"https:\/\/sakaimaquinariasltda.cl\/index.php\/producto\/tractor-mitsubishi-mt-24-con-techo\/#breadcrumb"},"inLanguage":"es","potentialAction":[{"@type":"ReadAction","target":["https:\/\/sakaimaquinariasltda.cl\/index.php\/producto\/tractor-mitsubishi-mt-24-con-techo\/"]}]},{"@type":"ImageObject","inLanguage":"es","@id":"https:\/\/sakaimaquinariasltda.cl\/index.php\/producto\/tractor-mitsubishi-mt-24-con-techo\/#primaryimage","url":"https:\/\/sakaimaquinariasltda.cl\/wp-content\/uploads\/2025\/09\/WhatsApp-Image-2025-09-27-at-9.55.37-AM.jpeg","contentUrl":"https:\/\/sakaimaquinariasltda.cl\/wp-content\/uploads\/2025\/09\/WhatsApp-Image-2025-09-27-at-9.55.37-AM.jpeg","width":1200,"height":1600},{"@type":"BreadcrumbList","@id":"https:\/\/sakaimaquinariasltda.cl\/index.php\/producto\/tractor-mitsubishi-mt-24-con-techo\/#breadcrumb","itemListElement":[{"@type":"ListItem","position":1,"name":"Portada","item":"https:\/\/sakaimaquinariasltda.cl\/"},{"@type":"ListItem","position":2,"name":"Tienda","item":"https:\/\/sakaimaquinariasltda.cl\/index.php\/tienda\/"},{"@type":"ListItem","position":3,"name":"TRACTOR MITSUBISHI MT-24 CON TECHO"}]},{"@type":"WebSite","@id":"https:\/\/sakaimaquinariasltda.cl\/#website","url":"https:\/\/sakaimaquinariasltda.cl\/","name":"Import. Export. Sakai Maquinarias Ltda","description":"Empresa dedicada 100% a la importaci\u00f3n de tractores japoneses","publisher":{"@id":"https:\/\/sakaimaquinariasltda.cl\/#organization"},"alternateName":"sakai","potentialAction":[{"@type":"SearchAction","target":{"@type":"EntryPoint","urlTemplate":"https:\/\/sakaimaquinariasltda.cl\/?s={search_term_string}"},"query-input":{"@type":"PropertyValueSpecification","valueRequired":true,"valueName":"search_term_string"}}],"inLanguage":"es"},{"@type":"Organization","@id":"https:\/\/sakaimaquinariasltda.cl\/#organization","name":"Import. Export. Sakai Maquinarias Ltda","url":"https:\/\/sakaimaquinariasltda.cl\/","logo":{"@type":"ImageObject","inLanguage":"es","@id":"https:\/\/sakaimaquinariasltda.cl\/#\/schema\/logo\/image\/","url":"https:\/\/sakaimaquinariasltda.cl\/wp-content\/uploads\/2023\/02\/cropped-Pollone-1-1.jpg","contentUrl":"https:\/\/sakaimaquinariasltda.cl\/wp-content\/uploads\/2023\/02\/cropped-Pollone-1-1.jpg","width":880,"height":210,"caption":"Import. Export. Sakai Maquinarias Ltda"},"image":{"@id":"https:\/\/sakaimaquinariasltda.cl\/#\/schema\/logo\/image\/"}}]}},"_links":{"self":[{"href":"https:\/\/sakaimaquinariasltda.cl\/index.php\/wp-json\/wp\/v2\/product\/2021","targetHints":{"allow":["GET"]}}],"collection":[{"href":"https:\/\/sakaimaquinariasltda.cl\/index.php\/wp-json\/wp\/v2\/product"}],"about":[{"href":"https:\/\/sakaimaquinariasltda.cl\/index.php\/wp-json\/wp\/v2\/types\/product"}],"wp:featuredmedia":[{"embeddable":true,"href":"https:\/\/sakaimaquinariasltda.cl\/index.php\/wp-json\/wp\/v2\/media\/1907"}],"wp:attachment":[{"href":"https:\/\/sakaimaquinariasltda.cl\/index.php\/wp-json\/wp\/v2\/media?parent=2021"}],"wp:term":[{"taxonomy":"product_brand","embeddable":true,"href":"https:\/\/sakaimaquinariasltda.cl\/index.php\/wp-json\/wp\/v2\/product_brand?post=2021"},{"taxonomy":"product_cat","embeddable":true,"href":"https:\/\/sakaimaquinariasltda.cl\/index.php\/wp-json\/wp\/v2\/product_cat?post=2021"},{"taxonomy":"product_tag","embeddable":true,"href":"https:\/\/sakaimaquinariasltda.cl\/index.php\/wp-json\/wp\/v2\/product_tag?post=2021"}],"curies":[{"name":"wp","href":"https:\/\/api.w.org\/{rel}","templated":true}]}}