{"id":2019,"date":"2025-09-27T15:24:46","date_gmt":"2025-09-27T15:24:46","guid":{"rendered":"https:\/\/sakaimaquinariasltda.cl\/?post_type=product&#038;p=2019"},"modified":"2026-03-25T14:37:23","modified_gmt":"2026-03-25T14:37:23","slug":"tractor-mitsubishi-mt-26","status":"publish","type":"product","link":"https:\/\/sakaimaquinariasltda.cl\/index.php\/producto\/tractor-mitsubishi-mt-26\/","title":{"rendered":"-VENDIDO- TRACTOR MITSUBISHI MT-26"},"content":{"rendered":"<p>HACEMOS ENVIOS A TODO CHILE;PER\u00da, BOLIVIA Y PARAGUAY.<br \/>\nCONTACTENOS AL:<\/p>\n<p>+569 6213 4782<\/p>\n<p>+569 3228 6609<\/p>\n<p>+569 9385 9507<\/p>\n<p>Y EN NUESTRAS REDES SOCIALES:<\/p>\n<p>FACEBOOK- INSTAGRAM \u2013 TIKTOK<\/p>\n<p>COMO: SAKAI MAQUINARIAS LTDA<\/p>\n<p>Correo electr\u00f3nico: sakaimaquinarias@gmail.com<\/p>\n","protected":false},"excerpt":{"rendered":"<div class=\"WaaZC\">\n<div class=\"RJPOee EIJn2\">\n<div class=\"rPeykc uP58nb\" data-hveid=\"CAwQAQ\" data-ved=\"2ahUKEwiN59Lln_mPAxXcIbkGHRPNBfkQo_EKegQIDBAB\"><span data-huuid=\"1666391068167583302\"><span role=\"heading\" aria-level=\"2\">Caracter\u00edsticas principales:<\/span><span class=\"pjBG2e\" data-cid=\"cc036868-894d-4627-843e-1dc7526a46f9\"><span class=\"UV3uM\">\u00a0<\/span><\/span><\/span><\/div>\n<\/div>\n<\/div>\n<div class=\"WaaZC\">\n<div class=\"RJPOee EIJn2\">\n<ul data-hveid=\"CB4QAQ\" data-ved=\"2ahUKEwiN59Lln_mPAxXcIbkGHRPNBfkQm_YKegQIHhAB\">\n<li><span data-huuid=\"1666391068167585717\"><strong>Potencia:<\/strong>\u00a0<\/span><span data-huuid=\"1666391068167582426\">26 HP.<\/span><\/li>\n<li><span data-huuid=\"1666391068167584036\"><strong>Motor:<\/strong>\u00a0<\/span><span data-huuid=\"1666391068167584841\">Di\u00e9sel, 4 cilindros, con refrigeraci\u00f3n l\u00edquida.<\/span><\/li>\n<li><span data-huuid=\"1666391068167582355\"><strong>Tracci\u00f3n:<\/strong>\u00a0<\/span><span data-huuid=\"1666391068167583160\">4&#215;4.<\/span><\/li>\n<li><span data-huuid=\"1666391068167584770\"><strong>Transmisi\u00f3n:<\/strong>\u00a0<\/span><span data-huuid=\"1666391068167585575\">Mec\u00e1nica, con posibilidad de 16 marchas de avance y 16 de retroceso.<\/span><\/li>\n<li><span data-huuid=\"1666391068167583089\"><strong>Uso:<\/strong>\u00a0<\/span><span data-huuid=\"1666391068167583894\">Ideal para agricultores y trabajos cotidianos en cultivos.<\/span><\/li>\n<\/ul>\n<\/div>\n<\/div>\n","protected":false},"featured_media":1919,"template":"","meta":[],"product_brand":[],"product_cat":[16],"product_tag":[],"class_list":{"0":"post-2019","1":"product","2":"type-product","3":"status-publish","4":"has-post-thumbnail","6":"product_cat-tractores","8":"first","9":"instock","10":"shipping-taxable","11":"product-type-simple"},"yoast_head":"<!-- This site is optimized with the Yoast SEO plugin v25.1 - https:\/\/yoast.com\/wordpress\/plugins\/seo\/ -->\n<title>-VENDIDO- TRACTOR MITSUBISHI MT-26 - Import. Export. Sakai Maquinarias Ltda<\/title>\n<meta name=\"robots\" content=\"index, follow, max-snippet:-1, max-image-preview:large, max-video-preview:-1\" \/>\n<link rel=\"canonical\" href=\"https:\/\/sakaimaquinariasltda.cl\/index.php\/producto\/tractor-mitsubishi-mt-26\/\" \/>\n<meta property=\"og:locale\" content=\"es_ES\" \/>\n<meta property=\"og:type\" content=\"article\" \/>\n<meta property=\"og:title\" content=\"-VENDIDO- TRACTOR MITSUBISHI MT-26 - Import. Export. Sakai Maquinarias Ltda\" \/>\n<meta property=\"og:description\" content=\"Caracter\u00edsticas principales:\u00a0       Potencia:\u00a026 HP.  Motor:\u00a0Di\u00e9sel, 4 cilindros, con refrigeraci\u00f3n l\u00edquida.  Tracci\u00f3n:\u00a04x4.  Transmisi\u00f3n:\u00a0Mec\u00e1nica, con posibilidad de 16 marchas de avance y 16 de retroceso.  Uso:\u00a0Ideal para agricultores y trabajos cotidianos en cultivos.\" \/>\n<meta property=\"og:url\" content=\"https:\/\/sakaimaquinariasltda.cl\/index.php\/producto\/tractor-mitsubishi-mt-26\/\" \/>\n<meta property=\"og:site_name\" content=\"Import. Export. Sakai Maquinarias Ltda\" \/>\n<meta property=\"article:modified_time\" content=\"2026-03-25T14:37:23+00:00\" \/>\n<meta property=\"og:image\" content=\"https:\/\/sakaimaquinariasltda.cl\/wp-content\/uploads\/2025\/09\/WhatsApp-Image-2025-09-27-at-9.52.15-AM-3.jpeg\" \/>\n\t<meta property=\"og:image:width\" content=\"1200\" \/>\n\t<meta property=\"og:image:height\" content=\"1600\" \/>\n\t<meta property=\"og:image:type\" content=\"image\/jpeg\" \/>\n<meta name=\"twitter:card\" content=\"summary_large_image\" \/>\n<meta name=\"twitter:label1\" content=\"Tiempo de lectura\" \/>\n\t<meta name=\"twitter:data1\" content=\"1 minuto\" \/>\n<script type=\"application\/ld+json\" class=\"yoast-schema-graph\">{\"@context\":\"https:\/\/schema.org\",\"@graph\":[{\"@type\":\"WebPage\",\"@id\":\"https:\/\/sakaimaquinariasltda.cl\/index.php\/producto\/tractor-mitsubishi-mt-26\/\",\"url\":\"https:\/\/sakaimaquinariasltda.cl\/index.php\/producto\/tractor-mitsubishi-mt-26\/\",\"name\":\"-VENDIDO- TRACTOR MITSUBISHI MT-26 - Import. Export. Sakai Maquinarias Ltda\",\"isPartOf\":{\"@id\":\"https:\/\/sakaimaquinariasltda.cl\/#website\"},\"primaryImageOfPage\":{\"@id\":\"https:\/\/sakaimaquinariasltda.cl\/index.php\/producto\/tractor-mitsubishi-mt-26\/#primaryimage\"},\"image\":{\"@id\":\"https:\/\/sakaimaquinariasltda.cl\/index.php\/producto\/tractor-mitsubishi-mt-26\/#primaryimage\"},\"thumbnailUrl\":\"https:\/\/sakaimaquinariasltda.cl\/wp-content\/uploads\/2025\/09\/WhatsApp-Image-2025-09-27-at-9.52.15-AM-3.jpeg\",\"datePublished\":\"2025-09-27T15:24:46+00:00\",\"dateModified\":\"2026-03-25T14:37:23+00:00\",\"breadcrumb\":{\"@id\":\"https:\/\/sakaimaquinariasltda.cl\/index.php\/producto\/tractor-mitsubishi-mt-26\/#breadcrumb\"},\"inLanguage\":\"es\",\"potentialAction\":[{\"@type\":\"ReadAction\",\"target\":[\"https:\/\/sakaimaquinariasltda.cl\/index.php\/producto\/tractor-mitsubishi-mt-26\/\"]}]},{\"@type\":\"ImageObject\",\"inLanguage\":\"es\",\"@id\":\"https:\/\/sakaimaquinariasltda.cl\/index.php\/producto\/tractor-mitsubishi-mt-26\/#primaryimage\",\"url\":\"https:\/\/sakaimaquinariasltda.cl\/wp-content\/uploads\/2025\/09\/WhatsApp-Image-2025-09-27-at-9.52.15-AM-3.jpeg\",\"contentUrl\":\"https:\/\/sakaimaquinariasltda.cl\/wp-content\/uploads\/2025\/09\/WhatsApp-Image-2025-09-27-at-9.52.15-AM-3.jpeg\",\"width\":1200,\"height\":1600},{\"@type\":\"BreadcrumbList\",\"@id\":\"https:\/\/sakaimaquinariasltda.cl\/index.php\/producto\/tractor-mitsubishi-mt-26\/#breadcrumb\",\"itemListElement\":[{\"@type\":\"ListItem\",\"position\":1,\"name\":\"Portada\",\"item\":\"https:\/\/sakaimaquinariasltda.cl\/\"},{\"@type\":\"ListItem\",\"position\":2,\"name\":\"Tienda\",\"item\":\"https:\/\/sakaimaquinariasltda.cl\/index.php\/tienda\/\"},{\"@type\":\"ListItem\",\"position\":3,\"name\":\"-VENDIDO- TRACTOR MITSUBISHI MT-26\"}]},{\"@type\":\"WebSite\",\"@id\":\"https:\/\/sakaimaquinariasltda.cl\/#website\",\"url\":\"https:\/\/sakaimaquinariasltda.cl\/\",\"name\":\"Import. Export. Sakai Maquinarias Ltda\",\"description\":\"Empresa dedicada 100% a la importaci\u00f3n de tractores japoneses\",\"publisher\":{\"@id\":\"https:\/\/sakaimaquinariasltda.cl\/#organization\"},\"alternateName\":\"sakai\",\"potentialAction\":[{\"@type\":\"SearchAction\",\"target\":{\"@type\":\"EntryPoint\",\"urlTemplate\":\"https:\/\/sakaimaquinariasltda.cl\/?s={search_term_string}\"},\"query-input\":{\"@type\":\"PropertyValueSpecification\",\"valueRequired\":true,\"valueName\":\"search_term_string\"}}],\"inLanguage\":\"es\"},{\"@type\":\"Organization\",\"@id\":\"https:\/\/sakaimaquinariasltda.cl\/#organization\",\"name\":\"Import. Export. Sakai Maquinarias Ltda\",\"url\":\"https:\/\/sakaimaquinariasltda.cl\/\",\"logo\":{\"@type\":\"ImageObject\",\"inLanguage\":\"es\",\"@id\":\"https:\/\/sakaimaquinariasltda.cl\/#\/schema\/logo\/image\/\",\"url\":\"https:\/\/sakaimaquinariasltda.cl\/wp-content\/uploads\/2023\/02\/cropped-Pollone-1-1.jpg\",\"contentUrl\":\"https:\/\/sakaimaquinariasltda.cl\/wp-content\/uploads\/2023\/02\/cropped-Pollone-1-1.jpg\",\"width\":880,\"height\":210,\"caption\":\"Import. Export. Sakai Maquinarias Ltda\"},\"image\":{\"@id\":\"https:\/\/sakaimaquinariasltda.cl\/#\/schema\/logo\/image\/\"}}]}<\/script>\n<!-- \/ Yoast SEO plugin. -->","yoast_head_json":{"title":"-VENDIDO- TRACTOR MITSUBISHI MT-26 - Import. Export. Sakai Maquinarias Ltda","robots":{"index":"index","follow":"follow","max-snippet":"max-snippet:-1","max-image-preview":"max-image-preview:large","max-video-preview":"max-video-preview:-1"},"canonical":"https:\/\/sakaimaquinariasltda.cl\/index.php\/producto\/tractor-mitsubishi-mt-26\/","og_locale":"es_ES","og_type":"article","og_title":"-VENDIDO- TRACTOR MITSUBISHI MT-26 - Import. Export. Sakai Maquinarias Ltda","og_description":"Caracter\u00edsticas principales:\u00a0       Potencia:\u00a026 HP.  Motor:\u00a0Di\u00e9sel, 4 cilindros, con refrigeraci\u00f3n l\u00edquida.  Tracci\u00f3n:\u00a04x4.  Transmisi\u00f3n:\u00a0Mec\u00e1nica, con posibilidad de 16 marchas de avance y 16 de retroceso.  Uso:\u00a0Ideal para agricultores y trabajos cotidianos en cultivos.","og_url":"https:\/\/sakaimaquinariasltda.cl\/index.php\/producto\/tractor-mitsubishi-mt-26\/","og_site_name":"Import. Export. Sakai Maquinarias Ltda","article_modified_time":"2026-03-25T14:37:23+00:00","og_image":[{"width":1200,"height":1600,"url":"https:\/\/sakaimaquinariasltda.cl\/wp-content\/uploads\/2025\/09\/WhatsApp-Image-2025-09-27-at-9.52.15-AM-3.jpeg","type":"image\/jpeg"}],"twitter_card":"summary_large_image","twitter_misc":{"Tiempo de lectura":"1 minuto"},"schema":{"@context":"https:\/\/schema.org","@graph":[{"@type":"WebPage","@id":"https:\/\/sakaimaquinariasltda.cl\/index.php\/producto\/tractor-mitsubishi-mt-26\/","url":"https:\/\/sakaimaquinariasltda.cl\/index.php\/producto\/tractor-mitsubishi-mt-26\/","name":"-VENDIDO- TRACTOR MITSUBISHI MT-26 - Import. Export. Sakai Maquinarias Ltda","isPartOf":{"@id":"https:\/\/sakaimaquinariasltda.cl\/#website"},"primaryImageOfPage":{"@id":"https:\/\/sakaimaquinariasltda.cl\/index.php\/producto\/tractor-mitsubishi-mt-26\/#primaryimage"},"image":{"@id":"https:\/\/sakaimaquinariasltda.cl\/index.php\/producto\/tractor-mitsubishi-mt-26\/#primaryimage"},"thumbnailUrl":"https:\/\/sakaimaquinariasltda.cl\/wp-content\/uploads\/2025\/09\/WhatsApp-Image-2025-09-27-at-9.52.15-AM-3.jpeg","datePublished":"2025-09-27T15:24:46+00:00","dateModified":"2026-03-25T14:37:23+00:00","breadcrumb":{"@id":"https:\/\/sakaimaquinariasltda.cl\/index.php\/producto\/tractor-mitsubishi-mt-26\/#breadcrumb"},"inLanguage":"es","potentialAction":[{"@type":"ReadAction","target":["https:\/\/sakaimaquinariasltda.cl\/index.php\/producto\/tractor-mitsubishi-mt-26\/"]}]},{"@type":"ImageObject","inLanguage":"es","@id":"https:\/\/sakaimaquinariasltda.cl\/index.php\/producto\/tractor-mitsubishi-mt-26\/#primaryimage","url":"https:\/\/sakaimaquinariasltda.cl\/wp-content\/uploads\/2025\/09\/WhatsApp-Image-2025-09-27-at-9.52.15-AM-3.jpeg","contentUrl":"https:\/\/sakaimaquinariasltda.cl\/wp-content\/uploads\/2025\/09\/WhatsApp-Image-2025-09-27-at-9.52.15-AM-3.jpeg","width":1200,"height":1600},{"@type":"BreadcrumbList","@id":"https:\/\/sakaimaquinariasltda.cl\/index.php\/producto\/tractor-mitsubishi-mt-26\/#breadcrumb","itemListElement":[{"@type":"ListItem","position":1,"name":"Portada","item":"https:\/\/sakaimaquinariasltda.cl\/"},{"@type":"ListItem","position":2,"name":"Tienda","item":"https:\/\/sakaimaquinariasltda.cl\/index.php\/tienda\/"},{"@type":"ListItem","position":3,"name":"-VENDIDO- TRACTOR MITSUBISHI MT-26"}]},{"@type":"WebSite","@id":"https:\/\/sakaimaquinariasltda.cl\/#website","url":"https:\/\/sakaimaquinariasltda.cl\/","name":"Import. Export. Sakai Maquinarias Ltda","description":"Empresa dedicada 100% a la importaci\u00f3n de tractores japoneses","publisher":{"@id":"https:\/\/sakaimaquinariasltda.cl\/#organization"},"alternateName":"sakai","potentialAction":[{"@type":"SearchAction","target":{"@type":"EntryPoint","urlTemplate":"https:\/\/sakaimaquinariasltda.cl\/?s={search_term_string}"},"query-input":{"@type":"PropertyValueSpecification","valueRequired":true,"valueName":"search_term_string"}}],"inLanguage":"es"},{"@type":"Organization","@id":"https:\/\/sakaimaquinariasltda.cl\/#organization","name":"Import. Export. Sakai Maquinarias Ltda","url":"https:\/\/sakaimaquinariasltda.cl\/","logo":{"@type":"ImageObject","inLanguage":"es","@id":"https:\/\/sakaimaquinariasltda.cl\/#\/schema\/logo\/image\/","url":"https:\/\/sakaimaquinariasltda.cl\/wp-content\/uploads\/2023\/02\/cropped-Pollone-1-1.jpg","contentUrl":"https:\/\/sakaimaquinariasltda.cl\/wp-content\/uploads\/2023\/02\/cropped-Pollone-1-1.jpg","width":880,"height":210,"caption":"Import. Export. Sakai Maquinarias Ltda"},"image":{"@id":"https:\/\/sakaimaquinariasltda.cl\/#\/schema\/logo\/image\/"}}]}},"_links":{"self":[{"href":"https:\/\/sakaimaquinariasltda.cl\/index.php\/wp-json\/wp\/v2\/product\/2019","targetHints":{"allow":["GET"]}}],"collection":[{"href":"https:\/\/sakaimaquinariasltda.cl\/index.php\/wp-json\/wp\/v2\/product"}],"about":[{"href":"https:\/\/sakaimaquinariasltda.cl\/index.php\/wp-json\/wp\/v2\/types\/product"}],"wp:featuredmedia":[{"embeddable":true,"href":"https:\/\/sakaimaquinariasltda.cl\/index.php\/wp-json\/wp\/v2\/media\/1919"}],"wp:attachment":[{"href":"https:\/\/sakaimaquinariasltda.cl\/index.php\/wp-json\/wp\/v2\/media?parent=2019"}],"wp:term":[{"taxonomy":"product_brand","embeddable":true,"href":"https:\/\/sakaimaquinariasltda.cl\/index.php\/wp-json\/wp\/v2\/product_brand?post=2019"},{"taxonomy":"product_cat","embeddable":true,"href":"https:\/\/sakaimaquinariasltda.cl\/index.php\/wp-json\/wp\/v2\/product_cat?post=2019"},{"taxonomy":"product_tag","embeddable":true,"href":"https:\/\/sakaimaquinariasltda.cl\/index.php\/wp-json\/wp\/v2\/product_tag?post=2019"}],"curies":[{"name":"wp","href":"https:\/\/api.w.org\/{rel}","templated":true}]}}