{"id":2018,"date":"2025-09-27T15:13:08","date_gmt":"2025-09-27T15:13:08","guid":{"rendered":"https:\/\/sakaimaquinariasltda.cl\/?post_type=product&#038;p=2018"},"modified":"2026-03-25T14:37:16","modified_gmt":"2026-03-25T14:37:16","slug":"tractor-kubota-gl-25","status":"publish","type":"product","link":"https:\/\/sakaimaquinariasltda.cl\/index.php\/producto\/tractor-kubota-gl-25\/","title":{"rendered":"-VENDIDO- TRACTOR KUBOTA GL-25"},"content":{"rendered":"<p>HACEMOS ENVIOS A TODO CHILE;PER\u00da, BOLIVIA Y PARAGUAY.<br \/>\nCONTACTENOS AL:<\/p>\n<p>+569 6213 4782<\/p>\n<p>+569 3228 6609<\/p>\n<p>+569 9385 9507<\/p>\n<p>Y EN NUESTRAS REDES SOCIALES:<\/p>\n<p>FACEBOOK- INSTAGRAM \u2013 TIKTOK<\/p>\n<p>COMO: SAKAI MAQUINARIAS LTDA<\/p>\n<p>Correo electr\u00f3nico: sakaimaquinarias@gmail.com<\/p>\n","protected":false},"excerpt":{"rendered":"<div class=\"AdPoic\" role=\"heading\" aria-level=\"3\" data-processed=\"true\" data-complete=\"true\">Motor y potencia<button class=\"rBl3me\" tabindex=\"0\" data-amic=\"true\" data-icl-uuid=\"ad794f04-331a-4ed5-897e-c9403f7e4dd1\" aria-label=\"Ver v\u00ednculos relacionados\" data-ved=\"2ahUKEwiKtrj1nPmPAxUYE7kGHThWAH8Qye0OegQIBBAA\"><\/button><\/div>\n<ul class=\"U6u95\" data-processed=\"true\" data-complete=\"true\">\n<li data-hveid=\"CAUQAA\" data-complete=\"true\" data-sae=\"\"><span class=\"T286Pc\" data-complete=\"true\"><b class=\"Yjhzub\" data-complete=\"true\">Motor<\/b>:\u00a0Kubota D1463, di\u00e9sel, de 3 cilindros y refrigerado por l\u00edquido.<\/span><\/li>\n<li data-hveid=\"CAUQAQ\" data-complete=\"true\" data-sae=\"\"><span class=\"T286Pc\" data-complete=\"true\"><b class=\"Yjhzub\" data-complete=\"true\">Potencia<\/b>: 25 caballos de fuerza (HP), o 18,4 kW.<\/span><\/li>\n<li data-hveid=\"CAUQAg\" data-sae=\"\" data-complete=\"true\"><span class=\"T286Pc\" data-complete=\"true\"><b class=\"Yjhzub\" data-complete=\"true\">Cilindrada<\/b>: 1.5 litros o 1463 cc.<\/span><\/li>\n<li data-hveid=\"CAUQAw\" data-complete=\"true\" data-processed=\"true\" data-sae=\"\"><span class=\"T286Pc\" data-complete=\"true\"><b class=\"Yjhzub\" data-complete=\"true\">RPM nominales<\/b>: 2600 rpm.<\/span><\/li>\n<li data-hveid=\"CAUQBA\" data-complete=\"true\" data-processed=\"true\" data-sae=\"\"><span class=\"T286Pc\" data-complete=\"true\"><b class=\"Yjhzub\" data-complete=\"true\">Capacidad del dep\u00f3sito de combustible<\/b>: 7,1 galones o 26,9 litros.<\/span><span class=\"notranslate\" data-wiz-uids=\"vpkLyb_1c,vpkLyb_1d\" data-complete=\"true\"><span class=\"vKEkVd\" data-animation-atomic=\"\" data-sae=\"\">\u00a0<button class=\"rBl3me\" tabindex=\"0\" data-amic=\"true\" data-icl-uuid=\"3be4b45c-7319-4897-8b25-bb2441d5b028\" aria-label=\"Ver v\u00ednculos relacionados\" data-ved=\"2ahUKEwiKtrj1nPmPAxUYE7kGHThWAH8Qye0OegQIBRAF\"><\/button><\/span><\/span><\/li>\n<\/ul>\n<div class=\"Fsg96\" data-complete=\"true\" data-processed=\"true\"><\/div>\n<div class=\"AdPoic\" role=\"heading\" aria-level=\"3\" data-processed=\"true\" data-complete=\"true\">Transmisi\u00f3n y direcci\u00f3n<button class=\"rBl3me\" tabindex=\"0\" data-amic=\"true\" data-icl-uuid=\"08ca614b-78d3-498a-92d2-8eb75cd63382\" aria-label=\"Ver v\u00ednculos relacionados\" data-ved=\"2ahUKEwiKtrj1nPmPAxUYE7kGHThWAH8Qye0OegQIBhAA\"><\/button><\/div>\n<ul class=\"U6u95\" data-complete=\"true\" data-processed=\"true\">\n<li data-hveid=\"CAcQAA\" data-complete=\"true\" data-sae=\"\"><span class=\"T286Pc\" data-complete=\"true\"><b class=\"Yjhzub\" data-complete=\"true\">Transmisi\u00f3n<\/b>: De engranajes, con 16 marchas hacia adelante y 16 hacia atr\u00e1s.<\/span><\/li>\n<li data-hveid=\"CAcQAQ\" data-complete=\"true\" data-sae=\"\"><span class=\"T286Pc\" data-complete=\"true\"><b class=\"Yjhzub\" data-complete=\"true\">Detalles de la transmisi\u00f3n<\/b>: Incluye cuatro marchas (1-4) en rangos bajo\/alto, m\u00e1s un rango de marcha ultralenta\/campo, con inversor.<\/span><\/li>\n<li data-hveid=\"CAcQAg\" data-complete=\"true\" data-sae=\"\"><span class=\"T286Pc\" data-complete=\"true\"><b class=\"Yjhzub\" data-complete=\"true\">Direcci\u00f3n<\/b>: Asistida.<\/span><\/li>\n<li data-hveid=\"CAcQAw\" data-complete=\"true\" data-sae=\"\"><span class=\"T286Pc\" data-complete=\"true\"><b class=\"Yjhzub\" data-complete=\"true\">Tracci\u00f3n<\/b>: 4&#215;4 (tracci\u00f3n en las cuatro ruedas).<\/span><span class=\"notranslate\" data-wiz-uids=\"vpkLyb_1y,vpkLyb_1z\" data-complete=\"true\"><span class=\"vKEkVd\" data-animation-atomic=\"\" data-sae=\"\">\u00a0<button class=\"rBl3me\" tabindex=\"0\" data-amic=\"true\" data-icl-uuid=\"e3bf3ddc-389d-4944-b185-dbcf84920ffd\" aria-label=\"Ver v\u00ednculos relacionados\" data-ved=\"2ahUKEwiKtrj1nPmPAxUYE7kGHThWAH8Qye0OegQIBxAE\"><\/button><\/span><\/span><\/li>\n<\/ul>\n<div class=\"Fsg96\" data-complete=\"true\" data-processed=\"true\"><\/div>\n<div class=\"AdPoic\" role=\"heading\" aria-level=\"3\" data-processed=\"true\" data-complete=\"true\">Dimensiones y peso<button class=\"rBl3me\" tabindex=\"0\" data-amic=\"true\" data-icl-uuid=\"41646aea-1929-4ec3-b36b-5cdd7a8d5920\" aria-label=\"Ver v\u00ednculos relacionados\" data-ved=\"2ahUKEwiKtrj1nPmPAxUYE7kGHThWAH8Qye0OegQICBAA\"><\/button><\/div>\n<ul class=\"U6u95\" data-processed=\"true\" data-complete=\"true\">\n<li data-hveid=\"CAkQAA\" data-complete=\"true\" data-sae=\"\"><span class=\"T286Pc\" data-complete=\"true\"><b class=\"Yjhzub\" data-complete=\"true\">Peso<\/b>: Aproximadamente 1129 kg (2491 lbs).<\/span><\/li>\n<li data-hveid=\"CAkQAQ\" data-complete=\"true\" data-sae=\"\"><span class=\"T286Pc\" data-complete=\"true\"><b class=\"Yjhzub\" data-complete=\"true\">Longitud<\/b>: 305 cm (120.1 pulgadas).<\/span><\/li>\n<li data-hveid=\"CAkQAg\" data-complete=\"true\" data-sae=\"\"><span class=\"T286Pc\" data-complete=\"true\"><b class=\"Yjhzub\" data-complete=\"true\">Anchura<\/b>: 135 cm (53.2 pulgadas).<\/span><\/li>\n<li data-hveid=\"CAkQAw\" data-sae=\"\" data-complete=\"true\"><span class=\"T286Pc\" data-complete=\"true\"><b class=\"Yjhzub\" data-complete=\"true\">Altura<\/b>: 145 cm (57.3 pulgadas).<\/span><\/li>\n<\/ul>\n","protected":false},"featured_media":1925,"template":"","meta":[],"product_brand":[],"product_cat":[16],"product_tag":[],"class_list":{"0":"post-2018","1":"product","2":"type-product","3":"status-publish","4":"has-post-thumbnail","6":"product_cat-tractores","8":"first","9":"instock","10":"shipping-taxable","11":"product-type-simple"},"yoast_head":"<!-- This site is optimized with the Yoast SEO plugin v25.1 - https:\/\/yoast.com\/wordpress\/plugins\/seo\/ -->\n<title>-VENDIDO- TRACTOR KUBOTA GL-25 - Import. Export. Sakai Maquinarias Ltda<\/title>\n<meta name=\"robots\" content=\"index, follow, max-snippet:-1, max-image-preview:large, max-video-preview:-1\" \/>\n<link rel=\"canonical\" href=\"https:\/\/sakaimaquinariasltda.cl\/index.php\/producto\/tractor-kubota-gl-25\/\" \/>\n<meta property=\"og:locale\" content=\"es_ES\" \/>\n<meta property=\"og:type\" content=\"article\" \/>\n<meta property=\"og:title\" content=\"-VENDIDO- TRACTOR KUBOTA GL-25 - Import. Export. Sakai Maquinarias Ltda\" \/>\n<meta property=\"og:description\" content=\"Motor y potencia   Motor:\u00a0Kubota D1463, di\u00e9sel, de 3 cilindros y refrigerado por l\u00edquido.  Potencia: 25 caballos de fuerza (HP), o 18,4 kW.  Cilindrada: 1.5 litros o 1463 cc.  RPM nominales: 2600 rpm.  Capacidad del dep\u00f3sito de combustible: 7,1 galones o 26,9 litros.\u00a0   Transmisi\u00f3n y direcci\u00f3n   Transmisi\u00f3n: De engranajes, con 16 marchas hacia adelante y 16 hacia atr\u00e1s.  Detalles de la transmisi\u00f3n: Incluye cuatro marchas (1-4) en rangos bajo\/alto, m\u00e1s un rango de marcha ultralenta\/campo, con inversor.  Direcci\u00f3n: Asistida.  Tracci\u00f3n: 4x4 (tracci\u00f3n en las cuatro ruedas).\u00a0   Dimensiones y peso   Peso: Aproximadamente 1129 kg (2491 lbs).  Longitud: 305 cm (120.1 pulgadas).  Anchura: 135 cm (53.2 pulgadas).  Altura: 145 cm (57.3 pulgadas).\" \/>\n<meta property=\"og:url\" content=\"https:\/\/sakaimaquinariasltda.cl\/index.php\/producto\/tractor-kubota-gl-25\/\" \/>\n<meta property=\"og:site_name\" content=\"Import. Export. Sakai Maquinarias Ltda\" \/>\n<meta property=\"article:modified_time\" content=\"2026-03-25T14:37:16+00:00\" \/>\n<meta property=\"og:image\" content=\"https:\/\/sakaimaquinariasltda.cl\/wp-content\/uploads\/2025\/09\/WhatsApp-Image-2025-09-27-at-9.52.14-AM-1.jpeg\" \/>\n\t<meta property=\"og:image:width\" content=\"1200\" \/>\n\t<meta property=\"og:image:height\" content=\"1600\" \/>\n\t<meta property=\"og:image:type\" content=\"image\/jpeg\" \/>\n<meta name=\"twitter:card\" content=\"summary_large_image\" \/>\n<meta name=\"twitter:label1\" content=\"Tiempo de lectura\" \/>\n\t<meta name=\"twitter:data1\" content=\"1 minuto\" \/>\n<script type=\"application\/ld+json\" class=\"yoast-schema-graph\">{\"@context\":\"https:\/\/schema.org\",\"@graph\":[{\"@type\":\"WebPage\",\"@id\":\"https:\/\/sakaimaquinariasltda.cl\/index.php\/producto\/tractor-kubota-gl-25\/\",\"url\":\"https:\/\/sakaimaquinariasltda.cl\/index.php\/producto\/tractor-kubota-gl-25\/\",\"name\":\"-VENDIDO- TRACTOR KUBOTA GL-25 - Import. Export. Sakai Maquinarias Ltda\",\"isPartOf\":{\"@id\":\"https:\/\/sakaimaquinariasltda.cl\/#website\"},\"primaryImageOfPage\":{\"@id\":\"https:\/\/sakaimaquinariasltda.cl\/index.php\/producto\/tractor-kubota-gl-25\/#primaryimage\"},\"image\":{\"@id\":\"https:\/\/sakaimaquinariasltda.cl\/index.php\/producto\/tractor-kubota-gl-25\/#primaryimage\"},\"thumbnailUrl\":\"https:\/\/sakaimaquinariasltda.cl\/wp-content\/uploads\/2025\/09\/WhatsApp-Image-2025-09-27-at-9.52.14-AM-1.jpeg\",\"datePublished\":\"2025-09-27T15:13:08+00:00\",\"dateModified\":\"2026-03-25T14:37:16+00:00\",\"breadcrumb\":{\"@id\":\"https:\/\/sakaimaquinariasltda.cl\/index.php\/producto\/tractor-kubota-gl-25\/#breadcrumb\"},\"inLanguage\":\"es\",\"potentialAction\":[{\"@type\":\"ReadAction\",\"target\":[\"https:\/\/sakaimaquinariasltda.cl\/index.php\/producto\/tractor-kubota-gl-25\/\"]}]},{\"@type\":\"ImageObject\",\"inLanguage\":\"es\",\"@id\":\"https:\/\/sakaimaquinariasltda.cl\/index.php\/producto\/tractor-kubota-gl-25\/#primaryimage\",\"url\":\"https:\/\/sakaimaquinariasltda.cl\/wp-content\/uploads\/2025\/09\/WhatsApp-Image-2025-09-27-at-9.52.14-AM-1.jpeg\",\"contentUrl\":\"https:\/\/sakaimaquinariasltda.cl\/wp-content\/uploads\/2025\/09\/WhatsApp-Image-2025-09-27-at-9.52.14-AM-1.jpeg\",\"width\":1200,\"height\":1600},{\"@type\":\"BreadcrumbList\",\"@id\":\"https:\/\/sakaimaquinariasltda.cl\/index.php\/producto\/tractor-kubota-gl-25\/#breadcrumb\",\"itemListElement\":[{\"@type\":\"ListItem\",\"position\":1,\"name\":\"Portada\",\"item\":\"https:\/\/sakaimaquinariasltda.cl\/\"},{\"@type\":\"ListItem\",\"position\":2,\"name\":\"Tienda\",\"item\":\"https:\/\/sakaimaquinariasltda.cl\/index.php\/tienda\/\"},{\"@type\":\"ListItem\",\"position\":3,\"name\":\"-VENDIDO- TRACTOR KUBOTA GL-25\"}]},{\"@type\":\"WebSite\",\"@id\":\"https:\/\/sakaimaquinariasltda.cl\/#website\",\"url\":\"https:\/\/sakaimaquinariasltda.cl\/\",\"name\":\"Import. Export. Sakai Maquinarias Ltda\",\"description\":\"Empresa dedicada 100% a la importaci\u00f3n de tractores japoneses\",\"publisher\":{\"@id\":\"https:\/\/sakaimaquinariasltda.cl\/#organization\"},\"alternateName\":\"sakai\",\"potentialAction\":[{\"@type\":\"SearchAction\",\"target\":{\"@type\":\"EntryPoint\",\"urlTemplate\":\"https:\/\/sakaimaquinariasltda.cl\/?s={search_term_string}\"},\"query-input\":{\"@type\":\"PropertyValueSpecification\",\"valueRequired\":true,\"valueName\":\"search_term_string\"}}],\"inLanguage\":\"es\"},{\"@type\":\"Organization\",\"@id\":\"https:\/\/sakaimaquinariasltda.cl\/#organization\",\"name\":\"Import. Export. Sakai Maquinarias Ltda\",\"url\":\"https:\/\/sakaimaquinariasltda.cl\/\",\"logo\":{\"@type\":\"ImageObject\",\"inLanguage\":\"es\",\"@id\":\"https:\/\/sakaimaquinariasltda.cl\/#\/schema\/logo\/image\/\",\"url\":\"https:\/\/sakaimaquinariasltda.cl\/wp-content\/uploads\/2023\/02\/cropped-Pollone-1-1.jpg\",\"contentUrl\":\"https:\/\/sakaimaquinariasltda.cl\/wp-content\/uploads\/2023\/02\/cropped-Pollone-1-1.jpg\",\"width\":880,\"height\":210,\"caption\":\"Import. Export. Sakai Maquinarias Ltda\"},\"image\":{\"@id\":\"https:\/\/sakaimaquinariasltda.cl\/#\/schema\/logo\/image\/\"}}]}<\/script>\n<!-- \/ Yoast SEO plugin. -->","yoast_head_json":{"title":"-VENDIDO- TRACTOR KUBOTA GL-25 - Import. Export. Sakai Maquinarias Ltda","robots":{"index":"index","follow":"follow","max-snippet":"max-snippet:-1","max-image-preview":"max-image-preview:large","max-video-preview":"max-video-preview:-1"},"canonical":"https:\/\/sakaimaquinariasltda.cl\/index.php\/producto\/tractor-kubota-gl-25\/","og_locale":"es_ES","og_type":"article","og_title":"-VENDIDO- TRACTOR KUBOTA GL-25 - Import. Export. Sakai Maquinarias Ltda","og_description":"Motor y potencia   Motor:\u00a0Kubota D1463, di\u00e9sel, de 3 cilindros y refrigerado por l\u00edquido.  Potencia: 25 caballos de fuerza (HP), o 18,4 kW.  Cilindrada: 1.5 litros o 1463 cc.  RPM nominales: 2600 rpm.  Capacidad del dep\u00f3sito de combustible: 7,1 galones o 26,9 litros.\u00a0   Transmisi\u00f3n y direcci\u00f3n   Transmisi\u00f3n: De engranajes, con 16 marchas hacia adelante y 16 hacia atr\u00e1s.  Detalles de la transmisi\u00f3n: Incluye cuatro marchas (1-4) en rangos bajo\/alto, m\u00e1s un rango de marcha ultralenta\/campo, con inversor.  Direcci\u00f3n: Asistida.  Tracci\u00f3n: 4x4 (tracci\u00f3n en las cuatro ruedas).\u00a0   Dimensiones y peso   Peso: Aproximadamente 1129 kg (2491 lbs).  Longitud: 305 cm (120.1 pulgadas).  Anchura: 135 cm (53.2 pulgadas).  Altura: 145 cm (57.3 pulgadas).","og_url":"https:\/\/sakaimaquinariasltda.cl\/index.php\/producto\/tractor-kubota-gl-25\/","og_site_name":"Import. Export. Sakai Maquinarias Ltda","article_modified_time":"2026-03-25T14:37:16+00:00","og_image":[{"width":1200,"height":1600,"url":"https:\/\/sakaimaquinariasltda.cl\/wp-content\/uploads\/2025\/09\/WhatsApp-Image-2025-09-27-at-9.52.14-AM-1.jpeg","type":"image\/jpeg"}],"twitter_card":"summary_large_image","twitter_misc":{"Tiempo de lectura":"1 minuto"},"schema":{"@context":"https:\/\/schema.org","@graph":[{"@type":"WebPage","@id":"https:\/\/sakaimaquinariasltda.cl\/index.php\/producto\/tractor-kubota-gl-25\/","url":"https:\/\/sakaimaquinariasltda.cl\/index.php\/producto\/tractor-kubota-gl-25\/","name":"-VENDIDO- TRACTOR KUBOTA GL-25 - Import. Export. Sakai Maquinarias Ltda","isPartOf":{"@id":"https:\/\/sakaimaquinariasltda.cl\/#website"},"primaryImageOfPage":{"@id":"https:\/\/sakaimaquinariasltda.cl\/index.php\/producto\/tractor-kubota-gl-25\/#primaryimage"},"image":{"@id":"https:\/\/sakaimaquinariasltda.cl\/index.php\/producto\/tractor-kubota-gl-25\/#primaryimage"},"thumbnailUrl":"https:\/\/sakaimaquinariasltda.cl\/wp-content\/uploads\/2025\/09\/WhatsApp-Image-2025-09-27-at-9.52.14-AM-1.jpeg","datePublished":"2025-09-27T15:13:08+00:00","dateModified":"2026-03-25T14:37:16+00:00","breadcrumb":{"@id":"https:\/\/sakaimaquinariasltda.cl\/index.php\/producto\/tractor-kubota-gl-25\/#breadcrumb"},"inLanguage":"es","potentialAction":[{"@type":"ReadAction","target":["https:\/\/sakaimaquinariasltda.cl\/index.php\/producto\/tractor-kubota-gl-25\/"]}]},{"@type":"ImageObject","inLanguage":"es","@id":"https:\/\/sakaimaquinariasltda.cl\/index.php\/producto\/tractor-kubota-gl-25\/#primaryimage","url":"https:\/\/sakaimaquinariasltda.cl\/wp-content\/uploads\/2025\/09\/WhatsApp-Image-2025-09-27-at-9.52.14-AM-1.jpeg","contentUrl":"https:\/\/sakaimaquinariasltda.cl\/wp-content\/uploads\/2025\/09\/WhatsApp-Image-2025-09-27-at-9.52.14-AM-1.jpeg","width":1200,"height":1600},{"@type":"BreadcrumbList","@id":"https:\/\/sakaimaquinariasltda.cl\/index.php\/producto\/tractor-kubota-gl-25\/#breadcrumb","itemListElement":[{"@type":"ListItem","position":1,"name":"Portada","item":"https:\/\/sakaimaquinariasltda.cl\/"},{"@type":"ListItem","position":2,"name":"Tienda","item":"https:\/\/sakaimaquinariasltda.cl\/index.php\/tienda\/"},{"@type":"ListItem","position":3,"name":"-VENDIDO- TRACTOR KUBOTA GL-25"}]},{"@type":"WebSite","@id":"https:\/\/sakaimaquinariasltda.cl\/#website","url":"https:\/\/sakaimaquinariasltda.cl\/","name":"Import. Export. Sakai Maquinarias Ltda","description":"Empresa dedicada 100% a la importaci\u00f3n de tractores japoneses","publisher":{"@id":"https:\/\/sakaimaquinariasltda.cl\/#organization"},"alternateName":"sakai","potentialAction":[{"@type":"SearchAction","target":{"@type":"EntryPoint","urlTemplate":"https:\/\/sakaimaquinariasltda.cl\/?s={search_term_string}"},"query-input":{"@type":"PropertyValueSpecification","valueRequired":true,"valueName":"search_term_string"}}],"inLanguage":"es"},{"@type":"Organization","@id":"https:\/\/sakaimaquinariasltda.cl\/#organization","name":"Import. Export. Sakai Maquinarias Ltda","url":"https:\/\/sakaimaquinariasltda.cl\/","logo":{"@type":"ImageObject","inLanguage":"es","@id":"https:\/\/sakaimaquinariasltda.cl\/#\/schema\/logo\/image\/","url":"https:\/\/sakaimaquinariasltda.cl\/wp-content\/uploads\/2023\/02\/cropped-Pollone-1-1.jpg","contentUrl":"https:\/\/sakaimaquinariasltda.cl\/wp-content\/uploads\/2023\/02\/cropped-Pollone-1-1.jpg","width":880,"height":210,"caption":"Import. Export. Sakai Maquinarias Ltda"},"image":{"@id":"https:\/\/sakaimaquinariasltda.cl\/#\/schema\/logo\/image\/"}}]}},"_links":{"self":[{"href":"https:\/\/sakaimaquinariasltda.cl\/index.php\/wp-json\/wp\/v2\/product\/2018","targetHints":{"allow":["GET"]}}],"collection":[{"href":"https:\/\/sakaimaquinariasltda.cl\/index.php\/wp-json\/wp\/v2\/product"}],"about":[{"href":"https:\/\/sakaimaquinariasltda.cl\/index.php\/wp-json\/wp\/v2\/types\/product"}],"wp:featuredmedia":[{"embeddable":true,"href":"https:\/\/sakaimaquinariasltda.cl\/index.php\/wp-json\/wp\/v2\/media\/1925"}],"wp:attachment":[{"href":"https:\/\/sakaimaquinariasltda.cl\/index.php\/wp-json\/wp\/v2\/media?parent=2018"}],"wp:term":[{"taxonomy":"product_brand","embeddable":true,"href":"https:\/\/sakaimaquinariasltda.cl\/index.php\/wp-json\/wp\/v2\/product_brand?post=2018"},{"taxonomy":"product_cat","embeddable":true,"href":"https:\/\/sakaimaquinariasltda.cl\/index.php\/wp-json\/wp\/v2\/product_cat?post=2018"},{"taxonomy":"product_tag","embeddable":true,"href":"https:\/\/sakaimaquinariasltda.cl\/index.php\/wp-json\/wp\/v2\/product_tag?post=2018"}],"curies":[{"name":"wp","href":"https:\/\/api.w.org\/{rel}","templated":true}]}}