{"id":2017,"date":"2025-09-27T15:05:16","date_gmt":"2025-09-27T15:05:16","guid":{"rendered":"https:\/\/sakaimaquinariasltda.cl\/?post_type=product&#038;p=2017"},"modified":"2025-09-27T15:05:16","modified_gmt":"2025-09-27T15:05:16","slug":"tractor-iseki-landhope-217","status":"publish","type":"product","link":"https:\/\/sakaimaquinariasltda.cl\/index.php\/producto\/tractor-iseki-landhope-217\/","title":{"rendered":"TRACTOR ISEKI LANDHOPE-217"},"content":{"rendered":"<p>HACEMOS ENVIOS A TODO CHILE;PER\u00da, BOLIVIA Y PARAGUAY.<br \/>\nCONTACTENOS AL:<\/p>\n<p>+569 6213 4782<\/p>\n<p>+569 3228 6609<\/p>\n<p>+569 9385 9507<\/p>\n<p>Y EN NUESTRAS REDES SOCIALES:<\/p>\n<p>FACEBOOK- INSTAGRAM \u2013 TIKTOK<\/p>\n<p>COMO: SAKAI MAQUINARIAS LTDA<\/p>\n<p>Correo electr\u00f3nico: sakaimaquinarias@gmail.com<\/p>\n","protected":false},"excerpt":{"rendered":"<div class=\"AdPoic\" role=\"heading\" aria-level=\"3\" data-complete=\"true\" data-processed=\"true\">Motor<button class=\"rBl3me\" tabindex=\"0\" data-amic=\"true\" data-icl-uuid=\"a474412b-24b8-4ffc-b2f8-0ed44d46c5cf\" aria-label=\"Ver v\u00ednculos relacionados\" data-ved=\"2ahUKEwjLt6OQmvmPAxXnDrkGHTNnAGoQye0OegQIBBAA\"><\/button><\/div>\n<ul class=\"U6u95\" data-complete=\"true\" data-processed=\"true\">\n<li data-hveid=\"CAUQAA\" data-complete=\"true\" data-sae=\"\"><span class=\"T286Pc\" data-complete=\"true\"><b class=\"Yjhzub\" data-complete=\"true\">Modelo<\/b>: Motor di\u00e9sel de 3 cilindros Iseki E3CE.<\/span><\/li>\n<li data-hveid=\"CAUQAQ\" data-complete=\"true\" data-sae=\"\"><span class=\"T286Pc\" data-complete=\"true\"><b class=\"Yjhzub\" data-complete=\"true\">Tipo<\/b>: 4 tiempos, vertical, refrigerado por agua.<\/span><\/li>\n<li data-hveid=\"CAUQAg\" data-complete=\"true\" data-sae=\"\"><span class=\"T286Pc\" data-complete=\"true\"><b class=\"Yjhzub\" data-complete=\"true\">Potencia<\/b>: Aproximadamente 21,7 CV (2500 rpm).<\/span><span class=\"notranslate\" data-wiz-uids=\"FaEGme_10,FaEGme_11\" data-complete=\"true\"><span class=\"vKEkVd\" data-animation-atomic=\"\" data-sae=\"\">\u00a0<button class=\"rBl3me\" tabindex=\"0\" data-amic=\"true\" data-icl-uuid=\"f2a5fa50-67e3-4843-bed9-34289afee208\" aria-label=\"Ver v\u00ednculos relacionados\" data-ved=\"2ahUKEwjLt6OQmvmPAxXnDrkGHTNnAGoQye0OegQIBRAD\"><\/button><\/span><\/span><\/li>\n<\/ul>\n<div class=\"Fsg96\" data-complete=\"true\" data-processed=\"true\"><\/div>\n<div class=\"AdPoic\" role=\"heading\" aria-level=\"3\" data-processed=\"true\" data-complete=\"true\">Transmisi\u00f3n<button class=\"rBl3me\" tabindex=\"0\" data-amic=\"true\" data-icl-uuid=\"c91b0918-b50f-42a3-9ff7-9ee0a2b5322f\" aria-label=\"Ver v\u00ednculos relacionados\" data-ved=\"2ahUKEwjLt6OQmvmPAxXnDrkGHTNnAGoQye0OegQIBhAA\"><\/button><\/div>\n<ul class=\"U6u95\" data-complete=\"true\" data-processed=\"true\">\n<li data-hveid=\"CAcQAA\" data-complete=\"true\" data-sae=\"\"><span class=\"T286Pc\" data-complete=\"true\"><b class=\"Yjhzub\" data-complete=\"true\">Tipo<\/b>: No sincronizada.<\/span><\/li>\n<li data-hveid=\"CAcQAQ\" data-complete=\"true\" data-sae=\"\"><span class=\"T286Pc\" data-complete=\"true\"><b class=\"Yjhzub\" data-complete=\"true\">Tracci\u00f3n<\/b>: Tracci\u00f3n en las 4 ruedas (4WD).<\/span><\/li>\n<li data-hveid=\"CAcQAg\" data-complete=\"true\" data-sae=\"\"><span class=\"T286Pc\" data-complete=\"true\"><b class=\"Yjhzub\" data-complete=\"true\">Bloqueo del diferencial<\/b>: Activado con pedal sobre el eje trasero.<\/span><span class=\"notranslate\" data-wiz-uids=\"FaEGme_1h,FaEGme_1i\" data-complete=\"true\"><span class=\"vKEkVd\" data-animation-atomic=\"\" data-sae=\"\">\u00a0<button class=\"rBl3me\" tabindex=\"0\" data-amic=\"true\" data-icl-uuid=\"4c44c703-e7b8-4fd7-baa8-df10f08ca62d\" aria-label=\"Ver v\u00ednculos relacionados\" data-ved=\"2ahUKEwjLt6OQmvmPAxXnDrkGHTNnAGoQye0OegQIBxAD\"><\/button><\/span><\/span><\/li>\n<\/ul>\n<div class=\"Fsg96\" data-complete=\"true\" data-processed=\"true\"><\/div>\n<div class=\"AdPoic\" role=\"heading\" aria-level=\"3\" data-complete=\"true\" data-processed=\"true\">Dimensiones y peso<button class=\"rBl3me\" tabindex=\"0\" data-amic=\"true\" data-icl-uuid=\"eef222b5-8a32-46d6-8a72-36759ef4c94e\" aria-label=\"Ver v\u00ednculos relacionados\" data-ved=\"2ahUKEwjLt6OQmvmPAxXnDrkGHTNnAGoQye0OegQICBAA\"><\/button><\/div>\n<ul class=\"U6u95\" data-complete=\"true\" data-processed=\"true\">\n<li data-hveid=\"CAkQAA\" data-complete=\"true\" data-sae=\"\"><span class=\"T286Pc\" data-complete=\"true\"><b class=\"Yjhzub\" data-complete=\"true\">Longitud total<\/b>: 2480 mm.<\/span><\/li>\n<li data-hveid=\"CAkQAQ\" data-complete=\"true\" data-sae=\"\"><span class=\"T286Pc\" data-complete=\"true\"><b class=\"Yjhzub\" data-complete=\"true\">Anchura total<\/b>: 1165 mm.<\/span><\/li>\n<li data-hveid=\"CAkQAg\" data-complete=\"true\" data-sae=\"\"><span class=\"T286Pc\" data-complete=\"true\"><b class=\"Yjhzub\" data-complete=\"true\">Altura total<\/b>: 1450 mm (con arco de seguridad ROPS).<\/span><\/li>\n<li data-hveid=\"CAkQAw\" data-complete=\"true\" data-sae=\"\"><span class=\"T286Pc\" data-complete=\"true\"><b class=\"Yjhzub\" data-complete=\"true\">Distancia entre ruedas<\/b>: 620 mm.<\/span><\/li>\n<li data-hveid=\"CAkQBA\" data-complete=\"true\" data-sae=\"\"><span class=\"T286Pc\" data-complete=\"true\"><b class=\"Yjhzub\" data-complete=\"true\">Peso<\/b>: 1450 kg (con arco de seguridad ROPS).<\/span><span class=\"notranslate\" data-wiz-uids=\"FaEGme_26,FaEGme_27\" data-complete=\"true\"><span class=\"vKEkVd\" data-animation-atomic=\"\" data-sae=\"\">\u00a0<button class=\"rBl3me\" tabindex=\"0\" data-amic=\"true\" data-icl-uuid=\"9dfa7293-3a66-4106-ba5b-562004108d82\" aria-label=\"Ver v\u00ednculos relacionados\" data-ved=\"2ahUKEwjLt6OQmvmPAxXnDrkGHTNnAGoQye0OegQICRAF\"><\/button><\/span><\/span><\/li>\n<\/ul>\n<div class=\"Fsg96\" data-complete=\"true\" data-processed=\"true\"><\/div>\n<div class=\"AdPoic\" role=\"heading\" aria-level=\"3\" data-complete=\"true\" data-processed=\"true\">Sistema hidr\u00e1ulico y toma de fuerza (PTO)<button class=\"rBl3me\" tabindex=\"0\" data-amic=\"true\" data-icl-uuid=\"58995a28-6bba-4486-9fc1-1eeb1717c7cd\" aria-label=\"Ver v\u00ednculos relacionados\" data-ved=\"2ahUKEwjLt6OQmvmPAxXnDrkGHTNnAGoQye0OegQIChAA\"><\/button><\/div>\n<ul class=\"U6u95\" data-complete=\"true\" data-processed=\"true\">\n<li data-hveid=\"CAsQAA\" data-complete=\"true\" data-sae=\"\"><span class=\"T286Pc\" data-complete=\"true\"><b class=\"Yjhzub\" data-complete=\"true\">Toma de fuerza (PTO)<\/b>: Trasera y ventral de serie.<\/span><\/li>\n<li data-hveid=\"CAsQAQ\" data-complete=\"true\" data-sae=\"\"><span class=\"T286Pc\" data-complete=\"true\"><b class=\"Yjhzub\" data-complete=\"true\">Velocidad de la PTO trasera<\/b>: 540 RPM.<\/span><\/li>\n<li data-hveid=\"CAsQAg\" data-complete=\"true\" data-sae=\"\"><span class=\"T286Pc\" data-complete=\"true\"><b class=\"Yjhzub\" data-complete=\"true\">Enganche de tres puntos<\/b>: Incluido.<\/span><span class=\"notranslate\" data-wiz-uids=\"FaEGme_2n,FaEGme_2o\" data-complete=\"true\"><span class=\"vKEkVd\" data-animation-atomic=\"\" data-sae=\"\">\u00a0<\/span><\/span><\/li>\n<\/ul>\n","protected":false},"featured_media":1931,"template":"","meta":[],"product_brand":[],"product_cat":[16],"product_tag":[],"class_list":{"0":"post-2017","1":"product","2":"type-product","3":"status-publish","4":"has-post-thumbnail","6":"product_cat-tractores","8":"first","9":"instock","10":"shipping-taxable","11":"product-type-simple"},"yoast_head":"<!-- This site is optimized with the Yoast SEO plugin v25.1 - https:\/\/yoast.com\/wordpress\/plugins\/seo\/ -->\n<title>TRACTOR ISEKI LANDHOPE-217 - Import. Export. Sakai Maquinarias Ltda<\/title>\n<meta name=\"robots\" content=\"index, follow, max-snippet:-1, max-image-preview:large, max-video-preview:-1\" \/>\n<link rel=\"canonical\" href=\"https:\/\/sakaimaquinariasltda.cl\/index.php\/producto\/tractor-iseki-landhope-217\/\" \/>\n<meta property=\"og:locale\" content=\"es_ES\" \/>\n<meta property=\"og:type\" content=\"article\" \/>\n<meta property=\"og:title\" content=\"TRACTOR ISEKI LANDHOPE-217 - Import. Export. Sakai Maquinarias Ltda\" \/>\n<meta property=\"og:description\" content=\"Motor   Modelo: Motor di\u00e9sel de 3 cilindros Iseki E3CE.  Tipo: 4 tiempos, vertical, refrigerado por agua.  Potencia: Aproximadamente 21,7 CV (2500 rpm).\u00a0   Transmisi\u00f3n   Tipo: No sincronizada.  Tracci\u00f3n: Tracci\u00f3n en las 4 ruedas (4WD).  Bloqueo del diferencial: Activado con pedal sobre el eje trasero.\u00a0   Dimensiones y peso   Longitud total: 2480 mm.  Anchura total: 1165 mm.  Altura total: 1450 mm (con arco de seguridad ROPS).  Distancia entre ruedas: 620 mm.  Peso: 1450 kg (con arco de seguridad ROPS).\u00a0   Sistema hidr\u00e1ulico y toma de fuerza (PTO)   Toma de fuerza (PTO): Trasera y ventral de serie.  Velocidad de la PTO trasera: 540 RPM.  Enganche de tres puntos: Incluido.\u00a0\" \/>\n<meta property=\"og:url\" content=\"https:\/\/sakaimaquinariasltda.cl\/index.php\/producto\/tractor-iseki-landhope-217\/\" \/>\n<meta property=\"og:site_name\" content=\"Import. Export. Sakai Maquinarias Ltda\" \/>\n<meta property=\"og:image\" content=\"https:\/\/sakaimaquinariasltda.cl\/wp-content\/uploads\/2025\/09\/WhatsApp-Image-2025-09-27-at-9.52.11-AM-2.jpeg\" \/>\n\t<meta property=\"og:image:width\" content=\"1600\" \/>\n\t<meta property=\"og:image:height\" content=\"1200\" \/>\n\t<meta property=\"og:image:type\" content=\"image\/jpeg\" \/>\n<meta name=\"twitter:card\" content=\"summary_large_image\" \/>\n<meta name=\"twitter:label1\" content=\"Tiempo de lectura\" \/>\n\t<meta name=\"twitter:data1\" content=\"1 minuto\" \/>\n<script type=\"application\/ld+json\" class=\"yoast-schema-graph\">{\"@context\":\"https:\/\/schema.org\",\"@graph\":[{\"@type\":\"WebPage\",\"@id\":\"https:\/\/sakaimaquinariasltda.cl\/index.php\/producto\/tractor-iseki-landhope-217\/\",\"url\":\"https:\/\/sakaimaquinariasltda.cl\/index.php\/producto\/tractor-iseki-landhope-217\/\",\"name\":\"TRACTOR ISEKI LANDHOPE-217 - Import. Export. Sakai Maquinarias Ltda\",\"isPartOf\":{\"@id\":\"https:\/\/sakaimaquinariasltda.cl\/#website\"},\"primaryImageOfPage\":{\"@id\":\"https:\/\/sakaimaquinariasltda.cl\/index.php\/producto\/tractor-iseki-landhope-217\/#primaryimage\"},\"image\":{\"@id\":\"https:\/\/sakaimaquinariasltda.cl\/index.php\/producto\/tractor-iseki-landhope-217\/#primaryimage\"},\"thumbnailUrl\":\"https:\/\/sakaimaquinariasltda.cl\/wp-content\/uploads\/2025\/09\/WhatsApp-Image-2025-09-27-at-9.52.11-AM-2.jpeg\",\"datePublished\":\"2025-09-27T15:05:16+00:00\",\"breadcrumb\":{\"@id\":\"https:\/\/sakaimaquinariasltda.cl\/index.php\/producto\/tractor-iseki-landhope-217\/#breadcrumb\"},\"inLanguage\":\"es\",\"potentialAction\":[{\"@type\":\"ReadAction\",\"target\":[\"https:\/\/sakaimaquinariasltda.cl\/index.php\/producto\/tractor-iseki-landhope-217\/\"]}]},{\"@type\":\"ImageObject\",\"inLanguage\":\"es\",\"@id\":\"https:\/\/sakaimaquinariasltda.cl\/index.php\/producto\/tractor-iseki-landhope-217\/#primaryimage\",\"url\":\"https:\/\/sakaimaquinariasltda.cl\/wp-content\/uploads\/2025\/09\/WhatsApp-Image-2025-09-27-at-9.52.11-AM-2.jpeg\",\"contentUrl\":\"https:\/\/sakaimaquinariasltda.cl\/wp-content\/uploads\/2025\/09\/WhatsApp-Image-2025-09-27-at-9.52.11-AM-2.jpeg\",\"width\":1600,\"height\":1200},{\"@type\":\"BreadcrumbList\",\"@id\":\"https:\/\/sakaimaquinariasltda.cl\/index.php\/producto\/tractor-iseki-landhope-217\/#breadcrumb\",\"itemListElement\":[{\"@type\":\"ListItem\",\"position\":1,\"name\":\"Portada\",\"item\":\"https:\/\/sakaimaquinariasltda.cl\/\"},{\"@type\":\"ListItem\",\"position\":2,\"name\":\"Tienda\",\"item\":\"https:\/\/sakaimaquinariasltda.cl\/index.php\/tienda\/\"},{\"@type\":\"ListItem\",\"position\":3,\"name\":\"TRACTOR ISEKI LANDHOPE-217\"}]},{\"@type\":\"WebSite\",\"@id\":\"https:\/\/sakaimaquinariasltda.cl\/#website\",\"url\":\"https:\/\/sakaimaquinariasltda.cl\/\",\"name\":\"Import. Export. Sakai Maquinarias Ltda\",\"description\":\"Empresa dedicada 100% a la importaci\u00f3n de tractores japoneses\",\"publisher\":{\"@id\":\"https:\/\/sakaimaquinariasltda.cl\/#organization\"},\"alternateName\":\"sakai\",\"potentialAction\":[{\"@type\":\"SearchAction\",\"target\":{\"@type\":\"EntryPoint\",\"urlTemplate\":\"https:\/\/sakaimaquinariasltda.cl\/?s={search_term_string}\"},\"query-input\":{\"@type\":\"PropertyValueSpecification\",\"valueRequired\":true,\"valueName\":\"search_term_string\"}}],\"inLanguage\":\"es\"},{\"@type\":\"Organization\",\"@id\":\"https:\/\/sakaimaquinariasltda.cl\/#organization\",\"name\":\"Import. Export. Sakai Maquinarias Ltda\",\"url\":\"https:\/\/sakaimaquinariasltda.cl\/\",\"logo\":{\"@type\":\"ImageObject\",\"inLanguage\":\"es\",\"@id\":\"https:\/\/sakaimaquinariasltda.cl\/#\/schema\/logo\/image\/\",\"url\":\"https:\/\/sakaimaquinariasltda.cl\/wp-content\/uploads\/2023\/02\/cropped-Pollone-1-1.jpg\",\"contentUrl\":\"https:\/\/sakaimaquinariasltda.cl\/wp-content\/uploads\/2023\/02\/cropped-Pollone-1-1.jpg\",\"width\":880,\"height\":210,\"caption\":\"Import. Export. Sakai Maquinarias Ltda\"},\"image\":{\"@id\":\"https:\/\/sakaimaquinariasltda.cl\/#\/schema\/logo\/image\/\"}}]}<\/script>\n<!-- \/ Yoast SEO plugin. -->","yoast_head_json":{"title":"TRACTOR ISEKI LANDHOPE-217 - Import. Export. Sakai Maquinarias Ltda","robots":{"index":"index","follow":"follow","max-snippet":"max-snippet:-1","max-image-preview":"max-image-preview:large","max-video-preview":"max-video-preview:-1"},"canonical":"https:\/\/sakaimaquinariasltda.cl\/index.php\/producto\/tractor-iseki-landhope-217\/","og_locale":"es_ES","og_type":"article","og_title":"TRACTOR ISEKI LANDHOPE-217 - Import. Export. Sakai Maquinarias Ltda","og_description":"Motor   Modelo: Motor di\u00e9sel de 3 cilindros Iseki E3CE.  Tipo: 4 tiempos, vertical, refrigerado por agua.  Potencia: Aproximadamente 21,7 CV (2500 rpm).\u00a0   Transmisi\u00f3n   Tipo: No sincronizada.  Tracci\u00f3n: Tracci\u00f3n en las 4 ruedas (4WD).  Bloqueo del diferencial: Activado con pedal sobre el eje trasero.\u00a0   Dimensiones y peso   Longitud total: 2480 mm.  Anchura total: 1165 mm.  Altura total: 1450 mm (con arco de seguridad ROPS).  Distancia entre ruedas: 620 mm.  Peso: 1450 kg (con arco de seguridad ROPS).\u00a0   Sistema hidr\u00e1ulico y toma de fuerza (PTO)   Toma de fuerza (PTO): Trasera y ventral de serie.  Velocidad de la PTO trasera: 540 RPM.  Enganche de tres puntos: Incluido.\u00a0","og_url":"https:\/\/sakaimaquinariasltda.cl\/index.php\/producto\/tractor-iseki-landhope-217\/","og_site_name":"Import. Export. Sakai Maquinarias Ltda","og_image":[{"width":1600,"height":1200,"url":"https:\/\/sakaimaquinariasltda.cl\/wp-content\/uploads\/2025\/09\/WhatsApp-Image-2025-09-27-at-9.52.11-AM-2.jpeg","type":"image\/jpeg"}],"twitter_card":"summary_large_image","twitter_misc":{"Tiempo de lectura":"1 minuto"},"schema":{"@context":"https:\/\/schema.org","@graph":[{"@type":"WebPage","@id":"https:\/\/sakaimaquinariasltda.cl\/index.php\/producto\/tractor-iseki-landhope-217\/","url":"https:\/\/sakaimaquinariasltda.cl\/index.php\/producto\/tractor-iseki-landhope-217\/","name":"TRACTOR ISEKI LANDHOPE-217 - Import. Export. Sakai Maquinarias Ltda","isPartOf":{"@id":"https:\/\/sakaimaquinariasltda.cl\/#website"},"primaryImageOfPage":{"@id":"https:\/\/sakaimaquinariasltda.cl\/index.php\/producto\/tractor-iseki-landhope-217\/#primaryimage"},"image":{"@id":"https:\/\/sakaimaquinariasltda.cl\/index.php\/producto\/tractor-iseki-landhope-217\/#primaryimage"},"thumbnailUrl":"https:\/\/sakaimaquinariasltda.cl\/wp-content\/uploads\/2025\/09\/WhatsApp-Image-2025-09-27-at-9.52.11-AM-2.jpeg","datePublished":"2025-09-27T15:05:16+00:00","breadcrumb":{"@id":"https:\/\/sakaimaquinariasltda.cl\/index.php\/producto\/tractor-iseki-landhope-217\/#breadcrumb"},"inLanguage":"es","potentialAction":[{"@type":"ReadAction","target":["https:\/\/sakaimaquinariasltda.cl\/index.php\/producto\/tractor-iseki-landhope-217\/"]}]},{"@type":"ImageObject","inLanguage":"es","@id":"https:\/\/sakaimaquinariasltda.cl\/index.php\/producto\/tractor-iseki-landhope-217\/#primaryimage","url":"https:\/\/sakaimaquinariasltda.cl\/wp-content\/uploads\/2025\/09\/WhatsApp-Image-2025-09-27-at-9.52.11-AM-2.jpeg","contentUrl":"https:\/\/sakaimaquinariasltda.cl\/wp-content\/uploads\/2025\/09\/WhatsApp-Image-2025-09-27-at-9.52.11-AM-2.jpeg","width":1600,"height":1200},{"@type":"BreadcrumbList","@id":"https:\/\/sakaimaquinariasltda.cl\/index.php\/producto\/tractor-iseki-landhope-217\/#breadcrumb","itemListElement":[{"@type":"ListItem","position":1,"name":"Portada","item":"https:\/\/sakaimaquinariasltda.cl\/"},{"@type":"ListItem","position":2,"name":"Tienda","item":"https:\/\/sakaimaquinariasltda.cl\/index.php\/tienda\/"},{"@type":"ListItem","position":3,"name":"TRACTOR ISEKI LANDHOPE-217"}]},{"@type":"WebSite","@id":"https:\/\/sakaimaquinariasltda.cl\/#website","url":"https:\/\/sakaimaquinariasltda.cl\/","name":"Import. Export. Sakai Maquinarias Ltda","description":"Empresa dedicada 100% a la importaci\u00f3n de tractores japoneses","publisher":{"@id":"https:\/\/sakaimaquinariasltda.cl\/#organization"},"alternateName":"sakai","potentialAction":[{"@type":"SearchAction","target":{"@type":"EntryPoint","urlTemplate":"https:\/\/sakaimaquinariasltda.cl\/?s={search_term_string}"},"query-input":{"@type":"PropertyValueSpecification","valueRequired":true,"valueName":"search_term_string"}}],"inLanguage":"es"},{"@type":"Organization","@id":"https:\/\/sakaimaquinariasltda.cl\/#organization","name":"Import. Export. Sakai Maquinarias Ltda","url":"https:\/\/sakaimaquinariasltda.cl\/","logo":{"@type":"ImageObject","inLanguage":"es","@id":"https:\/\/sakaimaquinariasltda.cl\/#\/schema\/logo\/image\/","url":"https:\/\/sakaimaquinariasltda.cl\/wp-content\/uploads\/2023\/02\/cropped-Pollone-1-1.jpg","contentUrl":"https:\/\/sakaimaquinariasltda.cl\/wp-content\/uploads\/2023\/02\/cropped-Pollone-1-1.jpg","width":880,"height":210,"caption":"Import. Export. Sakai Maquinarias Ltda"},"image":{"@id":"https:\/\/sakaimaquinariasltda.cl\/#\/schema\/logo\/image\/"}}]}},"_links":{"self":[{"href":"https:\/\/sakaimaquinariasltda.cl\/index.php\/wp-json\/wp\/v2\/product\/2017","targetHints":{"allow":["GET"]}}],"collection":[{"href":"https:\/\/sakaimaquinariasltda.cl\/index.php\/wp-json\/wp\/v2\/product"}],"about":[{"href":"https:\/\/sakaimaquinariasltda.cl\/index.php\/wp-json\/wp\/v2\/types\/product"}],"wp:featuredmedia":[{"embeddable":true,"href":"https:\/\/sakaimaquinariasltda.cl\/index.php\/wp-json\/wp\/v2\/media\/1931"}],"wp:attachment":[{"href":"https:\/\/sakaimaquinariasltda.cl\/index.php\/wp-json\/wp\/v2\/media?parent=2017"}],"wp:term":[{"taxonomy":"product_brand","embeddable":true,"href":"https:\/\/sakaimaquinariasltda.cl\/index.php\/wp-json\/wp\/v2\/product_brand?post=2017"},{"taxonomy":"product_cat","embeddable":true,"href":"https:\/\/sakaimaquinariasltda.cl\/index.php\/wp-json\/wp\/v2\/product_cat?post=2017"},{"taxonomy":"product_tag","embeddable":true,"href":"https:\/\/sakaimaquinariasltda.cl\/index.php\/wp-json\/wp\/v2\/product_tag?post=2017"}],"curies":[{"name":"wp","href":"https:\/\/api.w.org\/{rel}","templated":true}]}}