{"id":2016,"date":"2025-09-27T14:56:41","date_gmt":"2025-09-27T14:56:41","guid":{"rendered":"https:\/\/sakaimaquinariasltda.cl\/?post_type=product&#038;p=2016"},"modified":"2025-09-27T14:56:41","modified_gmt":"2025-09-27T14:56:41","slug":"tractor-yanmar-f-220","status":"publish","type":"product","link":"https:\/\/sakaimaquinariasltda.cl\/index.php\/producto\/tractor-yanmar-f-220\/","title":{"rendered":"TRACTOR YANMAR F-220"},"content":{"rendered":"<p>HACEMOS ENVIOS A TODO CHILE;PER\u00da, BOLIVIA Y PARAGUAY.<br \/>\nCONTACTENOS AL:<\/p>\n<p>+569 6213 4782<\/p>\n<p>+569 3228 6609<\/p>\n<p>+569 9385 9507<\/p>\n<p>Y EN NUESTRAS REDES SOCIALES:<\/p>\n<p>FACEBOOK- INSTAGRAM \u2013 TIKTOK<\/p>\n<p>COMO: SAKAI MAQUINARIAS LTDA<\/p>\n<p>Correo electr\u00f3nico: sakaimaquinarias@gmail.com<\/p>\n","protected":false},"excerpt":{"rendered":"<div class=\"WaaZC\">\n<div class=\"RJPOee EIJn2\">\n<div class=\"rPeykc uP58nb\" data-hveid=\"CAsQAQ\" data-ved=\"2ahUKEwji5ZTTmfmPAxWNIrkGHRnIBjwQo_EKegQICxAB\"><span data-huuid=\"18185001412856777164\"><span role=\"heading\" aria-level=\"2\"><span dir=\"auto\">Especificaciones t\u00e9cnicas clave:<\/span><\/span><span class=\"pjBG2e\" data-cid=\"6ddc0418-b0cd-4b5f-af6a-45f94e9b2c24\"><span class=\"UV3uM\">\u00a0<\/span><\/span><\/span><\/div>\n<\/div>\n<\/div>\n<div class=\"WaaZC\">\n<div class=\"RJPOee EIJn2\">\n<ul data-hveid=\"CCAQAQ\" data-ved=\"2ahUKEwji5ZTTmfmPAxWNIrkGHRnIBjwQm_YKegQIIBAB\">\n<li><span data-huuid=\"18185001412856777293\"><strong><span dir=\"auto\">Potencia:<\/span><\/strong>\u00a0<\/span><span data-huuid=\"18185001412856777336\"><span dir=\"auto\">Aproximadamente 22 CV.<\/span><\/span><\/li>\n<li><span data-huuid=\"18185001412856777422\"><strong><span dir=\"auto\">Motor:<\/span><\/strong>\u00a0<\/span><span data-huuid=\"18185001412856777465\"><span dir=\"auto\">Di\u00e9sel, 3 cilindros, refrigeraci\u00f3n l\u00edquida.<\/span><\/span><\/li>\n<li><span data-huuid=\"18185001412856777551\"><strong><span dir=\"auto\">Cilindrada:<\/span><\/strong>\u00a0<\/span><span data-huuid=\"18185001412856777594\"><span dir=\"auto\">Alrededor de 1200-1206 cc.<\/span><\/span><\/li>\n<li><span data-huuid=\"18185001412856777680\"><strong><span dir=\"auto\">Tracci\u00f3n:<\/span><\/strong>\u00a0<\/span><span data-huuid=\"18185001412856777723\"><span dir=\"auto\">4 ruedas (4&#215;4).<\/span><\/span><\/li>\n<li><span data-huuid=\"18185001412856777809\"><strong><span dir=\"auto\">R\u00e9gimen nominal:<\/span><\/strong>\u00a0<\/span><span data-huuid=\"18185001412856777852\"><span dir=\"auto\">2500 rpm.<\/span><\/span><\/li>\n<\/ul>\n<\/div>\n<\/div>\n<div class=\"WaaZC\">\n<div class=\"RJPOee EIJn2\">\n<div class=\"rPeykc uP58nb\" data-hveid=\"CCUQAQ\" data-ved=\"2ahUKEwji5ZTTmfmPAxWNIrkGHRnIBjwQo_EKegQIJRAB\"><span data-huuid=\"8276619197059583389\"><span role=\"heading\" aria-level=\"2\"><span dir=\"auto\">Caracter\u00edsticas adicionales:<\/span><\/span><\/span><\/div>\n<\/div>\n<\/div>\n<div class=\"WaaZC\">\n<div class=\"RJPOee EIJn2\">\n<ul data-hveid=\"CDUQAQ\" data-ved=\"2ahUKEwji5ZTTmfmPAxWNIrkGHRnIBjwQm_YKegQINRAB\">\n<li>\n<div class=\"zMgcWd dSKvsb\" data-il=\"\">\n<div data-crb-p=\"\">\n<div class=\"xFTqob\">\n<div class=\"Gur8Ad\"><span data-huuid=\"8276619197059583066\"><strong><span dir=\"auto\">Transmisi\u00f3n:<\/span><\/strong>\u00a0<\/span><\/div>\n<div class=\"vM0jzc\"><span data-huuid=\"8276619197059581593\"><span dir=\"auto\">Se ofrece en versiones mec\u00e1nicas con varias opciones de engranajes.\u00a0<\/span><\/span><span data-huuid=\"8276619197059580120\"><span dir=\"auto\">Algunas variantes del F220 son PowerShift con 9 velocidades hacia adelante.<\/span><span class=\"pjBG2e\" data-cid=\"b03e5d36-d270-41ec-9c1c-8bb07c0d35ff\"><span class=\"UV3uM\">\u00a0<\/span><\/span><\/span><\/p>\n<div class=\"NPrrbc\" data-cid=\"b03e5d36-d270-41ec-9c1c-8bb07c0d35ff\" data-uuids=\"8276619197059583066,8276619197059581593,8276619197059580120\">\n<div class=\"BMebGe btku5b LwdV0e FR7ZSc qVhvac OJeuxf\" tabindex=\"0\" role=\"button\" aria-label=\"Ver v\u00ednculos relacionados\" data-hveid=\"CC8QAQ\" data-ved=\"2ahUKEwji5ZTTmfmPAxWNIrkGHRnIBjwQ3fYKegQILxAB\">\n<div class=\"niO4u\">\n<div class=\"kHtcsd\"><\/div>\n<\/div>\n<\/div>\n<\/div>\n<\/div>\n<\/div>\n<\/div>\n<\/div>\n<\/li>\n<li>\n<div class=\"zMgcWd dSKvsb\" data-il=\"\">\n<div data-crb-p=\"\">\n<div class=\"xFTqob\">\n<div class=\"Gur8Ad\"><span data-huuid=\"8276619197059581270\"><strong><span dir=\"auto\">Equipamiento:<\/span><\/strong>\u00a0<\/span><\/div>\n<div class=\"vM0jzc\"><span data-huuid=\"8276619197059583893\"><span dir=\"auto\">Disponible con herramientas de molido mec\u00e1nico y cuchara hidr\u00e1ulica a pedido, ideal para trabajos de transferencia y excavaci\u00f3n.<\/span><span class=\"pjBG2e\" data-cid=\"60a492f1-a537-4d86-977d-c2dcc1b39c83\"><span class=\"UV3uM\">\u00a0<\/span><\/span><\/span><\/p>\n<div class=\"NPrrbc\" data-cid=\"60a492f1-a537-4d86-977d-c2dcc1b39c83\" data-uuids=\"8276619197059581270,8276619197059583893\">\n<div class=\"BMebGe btku5b LwdV0e FR7ZSc qVhvac OJeuxf\" tabindex=\"0\" role=\"button\" aria-label=\"Ver v\u00ednculos relacionados\" data-hveid=\"CDEQAQ\" data-ved=\"2ahUKEwji5ZTTmfmPAxWNIrkGHRnIBjwQ3fYKegQIMRAB\">\n<div class=\"niO4u\">\n<div class=\"kHtcsd\"><\/div>\n<\/div>\n<\/div>\n<\/div>\n<\/div>\n<\/div>\n<\/div>\n<\/div>\n<\/li>\n<li>\n<div class=\"zMgcWd dSKvsb\" data-il=\"\">\n<div data-crb-p=\"\">\n<div class=\"xFTqob\">\n<div class=\"Gur8Ad\"><span data-huuid=\"8276619197059580947\"><strong><span dir=\"auto\">Uso:<\/span><\/strong>\u00a0<\/span><\/div>\n<div class=\"vM0jzc\"><span data-huuid=\"8276619197059583570\"><span dir=\"auto\">Es una herramienta \u00fatil para trabajos en fincas peque\u00f1as, cultivos y jardiner\u00eda.<\/span><span class=\"pjBG2e\" data-cid=\"b8673f62-e102-46ff-abf0-d7848cc07499\"><span class=\"UV3uM\">\u00a0<\/span><\/span><\/span><\/div>\n<\/div>\n<\/div>\n<\/div>\n<\/li>\n<\/ul>\n<\/div>\n<\/div>\n","protected":false},"featured_media":1937,"template":"","meta":[],"product_brand":[],"product_cat":[16],"product_tag":[],"class_list":{"0":"post-2016","1":"product","2":"type-product","3":"status-publish","4":"has-post-thumbnail","6":"product_cat-tractores","8":"first","9":"instock","10":"shipping-taxable","11":"product-type-simple"},"yoast_head":"<!-- This site is optimized with the Yoast SEO plugin v25.1 - https:\/\/yoast.com\/wordpress\/plugins\/seo\/ -->\n<title>TRACTOR YANMAR F-220 - Import. Export. Sakai Maquinarias Ltda<\/title>\n<meta name=\"robots\" content=\"index, follow, max-snippet:-1, max-image-preview:large, max-video-preview:-1\" \/>\n<link rel=\"canonical\" href=\"https:\/\/sakaimaquinariasltda.cl\/index.php\/producto\/tractor-yanmar-f-220\/\" \/>\n<meta property=\"og:locale\" content=\"es_ES\" \/>\n<meta property=\"og:type\" content=\"article\" \/>\n<meta property=\"og:title\" content=\"TRACTOR YANMAR F-220 - Import. Export. Sakai Maquinarias Ltda\" \/>\n<meta property=\"og:description\" content=\"Especificaciones t\u00e9cnicas clave:\u00a0       Potencia:\u00a0Aproximadamente 22 CV.  Motor:\u00a0Di\u00e9sel, 3 cilindros, refrigeraci\u00f3n l\u00edquida.  Cilindrada:\u00a0Alrededor de 1200-1206 cc.  Tracci\u00f3n:\u00a04 ruedas (4x4).  R\u00e9gimen nominal:\u00a02500 rpm.      Caracter\u00edsticas adicionales:           Transmisi\u00f3n:\u00a0 Se ofrece en versiones mec\u00e1nicas con varias opciones de engranajes.\u00a0Algunas variantes del F220 son PowerShift con 9 velocidades hacia adelante.\u00a0                 Equipamiento:\u00a0 Disponible con herramientas de molido mec\u00e1nico y cuchara hidr\u00e1ulica a pedido, ideal para trabajos de transferencia y excavaci\u00f3n.\u00a0                 Uso:\u00a0 Es una herramienta \u00fatil para trabajos en fincas peque\u00f1as, cultivos y jardiner\u00eda.\u00a0\" \/>\n<meta property=\"og:url\" content=\"https:\/\/sakaimaquinariasltda.cl\/index.php\/producto\/tractor-yanmar-f-220\/\" \/>\n<meta property=\"og:site_name\" content=\"Import. Export. Sakai Maquinarias Ltda\" \/>\n<meta property=\"og:image\" content=\"https:\/\/sakaimaquinariasltda.cl\/wp-content\/uploads\/2025\/09\/WhatsApp-Image-2025-09-27-at-9.52.09-AM-2.jpeg\" \/>\n\t<meta property=\"og:image:width\" content=\"1200\" \/>\n\t<meta property=\"og:image:height\" content=\"1600\" \/>\n\t<meta property=\"og:image:type\" content=\"image\/jpeg\" \/>\n<meta name=\"twitter:card\" content=\"summary_large_image\" \/>\n<meta name=\"twitter:label1\" content=\"Tiempo de lectura\" \/>\n\t<meta name=\"twitter:data1\" content=\"1 minuto\" \/>\n<script type=\"application\/ld+json\" class=\"yoast-schema-graph\">{\"@context\":\"https:\/\/schema.org\",\"@graph\":[{\"@type\":\"WebPage\",\"@id\":\"https:\/\/sakaimaquinariasltda.cl\/index.php\/producto\/tractor-yanmar-f-220\/\",\"url\":\"https:\/\/sakaimaquinariasltda.cl\/index.php\/producto\/tractor-yanmar-f-220\/\",\"name\":\"TRACTOR YANMAR F-220 - Import. Export. Sakai Maquinarias Ltda\",\"isPartOf\":{\"@id\":\"https:\/\/sakaimaquinariasltda.cl\/#website\"},\"primaryImageOfPage\":{\"@id\":\"https:\/\/sakaimaquinariasltda.cl\/index.php\/producto\/tractor-yanmar-f-220\/#primaryimage\"},\"image\":{\"@id\":\"https:\/\/sakaimaquinariasltda.cl\/index.php\/producto\/tractor-yanmar-f-220\/#primaryimage\"},\"thumbnailUrl\":\"https:\/\/sakaimaquinariasltda.cl\/wp-content\/uploads\/2025\/09\/WhatsApp-Image-2025-09-27-at-9.52.09-AM-2.jpeg\",\"datePublished\":\"2025-09-27T14:56:41+00:00\",\"breadcrumb\":{\"@id\":\"https:\/\/sakaimaquinariasltda.cl\/index.php\/producto\/tractor-yanmar-f-220\/#breadcrumb\"},\"inLanguage\":\"es\",\"potentialAction\":[{\"@type\":\"ReadAction\",\"target\":[\"https:\/\/sakaimaquinariasltda.cl\/index.php\/producto\/tractor-yanmar-f-220\/\"]}]},{\"@type\":\"ImageObject\",\"inLanguage\":\"es\",\"@id\":\"https:\/\/sakaimaquinariasltda.cl\/index.php\/producto\/tractor-yanmar-f-220\/#primaryimage\",\"url\":\"https:\/\/sakaimaquinariasltda.cl\/wp-content\/uploads\/2025\/09\/WhatsApp-Image-2025-09-27-at-9.52.09-AM-2.jpeg\",\"contentUrl\":\"https:\/\/sakaimaquinariasltda.cl\/wp-content\/uploads\/2025\/09\/WhatsApp-Image-2025-09-27-at-9.52.09-AM-2.jpeg\",\"width\":1200,\"height\":1600},{\"@type\":\"BreadcrumbList\",\"@id\":\"https:\/\/sakaimaquinariasltda.cl\/index.php\/producto\/tractor-yanmar-f-220\/#breadcrumb\",\"itemListElement\":[{\"@type\":\"ListItem\",\"position\":1,\"name\":\"Portada\",\"item\":\"https:\/\/sakaimaquinariasltda.cl\/\"},{\"@type\":\"ListItem\",\"position\":2,\"name\":\"Tienda\",\"item\":\"https:\/\/sakaimaquinariasltda.cl\/index.php\/tienda\/\"},{\"@type\":\"ListItem\",\"position\":3,\"name\":\"TRACTOR YANMAR F-220\"}]},{\"@type\":\"WebSite\",\"@id\":\"https:\/\/sakaimaquinariasltda.cl\/#website\",\"url\":\"https:\/\/sakaimaquinariasltda.cl\/\",\"name\":\"Import. Export. Sakai Maquinarias Ltda\",\"description\":\"Empresa dedicada 100% a la importaci\u00f3n de tractores japoneses\",\"publisher\":{\"@id\":\"https:\/\/sakaimaquinariasltda.cl\/#organization\"},\"alternateName\":\"sakai\",\"potentialAction\":[{\"@type\":\"SearchAction\",\"target\":{\"@type\":\"EntryPoint\",\"urlTemplate\":\"https:\/\/sakaimaquinariasltda.cl\/?s={search_term_string}\"},\"query-input\":{\"@type\":\"PropertyValueSpecification\",\"valueRequired\":true,\"valueName\":\"search_term_string\"}}],\"inLanguage\":\"es\"},{\"@type\":\"Organization\",\"@id\":\"https:\/\/sakaimaquinariasltda.cl\/#organization\",\"name\":\"Import. Export. Sakai Maquinarias Ltda\",\"url\":\"https:\/\/sakaimaquinariasltda.cl\/\",\"logo\":{\"@type\":\"ImageObject\",\"inLanguage\":\"es\",\"@id\":\"https:\/\/sakaimaquinariasltda.cl\/#\/schema\/logo\/image\/\",\"url\":\"https:\/\/sakaimaquinariasltda.cl\/wp-content\/uploads\/2023\/02\/cropped-Pollone-1-1.jpg\",\"contentUrl\":\"https:\/\/sakaimaquinariasltda.cl\/wp-content\/uploads\/2023\/02\/cropped-Pollone-1-1.jpg\",\"width\":880,\"height\":210,\"caption\":\"Import. Export. Sakai Maquinarias Ltda\"},\"image\":{\"@id\":\"https:\/\/sakaimaquinariasltda.cl\/#\/schema\/logo\/image\/\"}}]}<\/script>\n<!-- \/ Yoast SEO plugin. -->","yoast_head_json":{"title":"TRACTOR YANMAR F-220 - Import. Export. Sakai Maquinarias Ltda","robots":{"index":"index","follow":"follow","max-snippet":"max-snippet:-1","max-image-preview":"max-image-preview:large","max-video-preview":"max-video-preview:-1"},"canonical":"https:\/\/sakaimaquinariasltda.cl\/index.php\/producto\/tractor-yanmar-f-220\/","og_locale":"es_ES","og_type":"article","og_title":"TRACTOR YANMAR F-220 - Import. Export. Sakai Maquinarias Ltda","og_description":"Especificaciones t\u00e9cnicas clave:\u00a0       Potencia:\u00a0Aproximadamente 22 CV.  Motor:\u00a0Di\u00e9sel, 3 cilindros, refrigeraci\u00f3n l\u00edquida.  Cilindrada:\u00a0Alrededor de 1200-1206 cc.  Tracci\u00f3n:\u00a04 ruedas (4x4).  R\u00e9gimen nominal:\u00a02500 rpm.      Caracter\u00edsticas adicionales:           Transmisi\u00f3n:\u00a0 Se ofrece en versiones mec\u00e1nicas con varias opciones de engranajes.\u00a0Algunas variantes del F220 son PowerShift con 9 velocidades hacia adelante.\u00a0                 Equipamiento:\u00a0 Disponible con herramientas de molido mec\u00e1nico y cuchara hidr\u00e1ulica a pedido, ideal para trabajos de transferencia y excavaci\u00f3n.\u00a0                 Uso:\u00a0 Es una herramienta \u00fatil para trabajos en fincas peque\u00f1as, cultivos y jardiner\u00eda.\u00a0","og_url":"https:\/\/sakaimaquinariasltda.cl\/index.php\/producto\/tractor-yanmar-f-220\/","og_site_name":"Import. Export. Sakai Maquinarias Ltda","og_image":[{"width":1200,"height":1600,"url":"https:\/\/sakaimaquinariasltda.cl\/wp-content\/uploads\/2025\/09\/WhatsApp-Image-2025-09-27-at-9.52.09-AM-2.jpeg","type":"image\/jpeg"}],"twitter_card":"summary_large_image","twitter_misc":{"Tiempo de lectura":"1 minuto"},"schema":{"@context":"https:\/\/schema.org","@graph":[{"@type":"WebPage","@id":"https:\/\/sakaimaquinariasltda.cl\/index.php\/producto\/tractor-yanmar-f-220\/","url":"https:\/\/sakaimaquinariasltda.cl\/index.php\/producto\/tractor-yanmar-f-220\/","name":"TRACTOR YANMAR F-220 - Import. Export. Sakai Maquinarias Ltda","isPartOf":{"@id":"https:\/\/sakaimaquinariasltda.cl\/#website"},"primaryImageOfPage":{"@id":"https:\/\/sakaimaquinariasltda.cl\/index.php\/producto\/tractor-yanmar-f-220\/#primaryimage"},"image":{"@id":"https:\/\/sakaimaquinariasltda.cl\/index.php\/producto\/tractor-yanmar-f-220\/#primaryimage"},"thumbnailUrl":"https:\/\/sakaimaquinariasltda.cl\/wp-content\/uploads\/2025\/09\/WhatsApp-Image-2025-09-27-at-9.52.09-AM-2.jpeg","datePublished":"2025-09-27T14:56:41+00:00","breadcrumb":{"@id":"https:\/\/sakaimaquinariasltda.cl\/index.php\/producto\/tractor-yanmar-f-220\/#breadcrumb"},"inLanguage":"es","potentialAction":[{"@type":"ReadAction","target":["https:\/\/sakaimaquinariasltda.cl\/index.php\/producto\/tractor-yanmar-f-220\/"]}]},{"@type":"ImageObject","inLanguage":"es","@id":"https:\/\/sakaimaquinariasltda.cl\/index.php\/producto\/tractor-yanmar-f-220\/#primaryimage","url":"https:\/\/sakaimaquinariasltda.cl\/wp-content\/uploads\/2025\/09\/WhatsApp-Image-2025-09-27-at-9.52.09-AM-2.jpeg","contentUrl":"https:\/\/sakaimaquinariasltda.cl\/wp-content\/uploads\/2025\/09\/WhatsApp-Image-2025-09-27-at-9.52.09-AM-2.jpeg","width":1200,"height":1600},{"@type":"BreadcrumbList","@id":"https:\/\/sakaimaquinariasltda.cl\/index.php\/producto\/tractor-yanmar-f-220\/#breadcrumb","itemListElement":[{"@type":"ListItem","position":1,"name":"Portada","item":"https:\/\/sakaimaquinariasltda.cl\/"},{"@type":"ListItem","position":2,"name":"Tienda","item":"https:\/\/sakaimaquinariasltda.cl\/index.php\/tienda\/"},{"@type":"ListItem","position":3,"name":"TRACTOR YANMAR F-220"}]},{"@type":"WebSite","@id":"https:\/\/sakaimaquinariasltda.cl\/#website","url":"https:\/\/sakaimaquinariasltda.cl\/","name":"Import. Export. Sakai Maquinarias Ltda","description":"Empresa dedicada 100% a la importaci\u00f3n de tractores japoneses","publisher":{"@id":"https:\/\/sakaimaquinariasltda.cl\/#organization"},"alternateName":"sakai","potentialAction":[{"@type":"SearchAction","target":{"@type":"EntryPoint","urlTemplate":"https:\/\/sakaimaquinariasltda.cl\/?s={search_term_string}"},"query-input":{"@type":"PropertyValueSpecification","valueRequired":true,"valueName":"search_term_string"}}],"inLanguage":"es"},{"@type":"Organization","@id":"https:\/\/sakaimaquinariasltda.cl\/#organization","name":"Import. Export. Sakai Maquinarias Ltda","url":"https:\/\/sakaimaquinariasltda.cl\/","logo":{"@type":"ImageObject","inLanguage":"es","@id":"https:\/\/sakaimaquinariasltda.cl\/#\/schema\/logo\/image\/","url":"https:\/\/sakaimaquinariasltda.cl\/wp-content\/uploads\/2023\/02\/cropped-Pollone-1-1.jpg","contentUrl":"https:\/\/sakaimaquinariasltda.cl\/wp-content\/uploads\/2023\/02\/cropped-Pollone-1-1.jpg","width":880,"height":210,"caption":"Import. Export. Sakai Maquinarias Ltda"},"image":{"@id":"https:\/\/sakaimaquinariasltda.cl\/#\/schema\/logo\/image\/"}}]}},"_links":{"self":[{"href":"https:\/\/sakaimaquinariasltda.cl\/index.php\/wp-json\/wp\/v2\/product\/2016","targetHints":{"allow":["GET"]}}],"collection":[{"href":"https:\/\/sakaimaquinariasltda.cl\/index.php\/wp-json\/wp\/v2\/product"}],"about":[{"href":"https:\/\/sakaimaquinariasltda.cl\/index.php\/wp-json\/wp\/v2\/types\/product"}],"wp:featuredmedia":[{"embeddable":true,"href":"https:\/\/sakaimaquinariasltda.cl\/index.php\/wp-json\/wp\/v2\/media\/1937"}],"wp:attachment":[{"href":"https:\/\/sakaimaquinariasltda.cl\/index.php\/wp-json\/wp\/v2\/media?parent=2016"}],"wp:term":[{"taxonomy":"product_brand","embeddable":true,"href":"https:\/\/sakaimaquinariasltda.cl\/index.php\/wp-json\/wp\/v2\/product_brand?post=2016"},{"taxonomy":"product_cat","embeddable":true,"href":"https:\/\/sakaimaquinariasltda.cl\/index.php\/wp-json\/wp\/v2\/product_cat?post=2016"},{"taxonomy":"product_tag","embeddable":true,"href":"https:\/\/sakaimaquinariasltda.cl\/index.php\/wp-json\/wp\/v2\/product_tag?post=2016"}],"curies":[{"name":"wp","href":"https:\/\/api.w.org\/{rel}","templated":true}]}}