{"id":2011,"date":"2025-09-27T14:32:14","date_gmt":"2025-09-27T14:32:14","guid":{"rendered":"https:\/\/sakaimaquinariasltda.cl\/?post_type=product&#038;p=2011"},"modified":"2025-09-27T14:32:14","modified_gmt":"2025-09-27T14:32:14","slug":"tractor-shibaura-d-258","status":"publish","type":"product","link":"https:\/\/sakaimaquinariasltda.cl\/index.php\/producto\/tractor-shibaura-d-258\/","title":{"rendered":"TRACTOR SHIBAURA D-258"},"content":{"rendered":"<p>HACEMOS ENVIOS A TODO CHILE;PER\u00da, BOLIVIA Y PARAGUAY.<br \/>\nCONTACTENOS AL:<\/p>\n<p>+569 6213 4782<\/p>\n<p>+569 3228 6609<\/p>\n<p>+569 9385 9507<\/p>\n<p>Y EN NUESTRAS REDES SOCIALES:<\/p>\n<p>FACEBOOK- INSTAGRAM \u2013 TIKTOK<\/p>\n<p>COMO: SAKAI MAQUINARIAS LTDA<\/p>\n<p>Correo electr\u00f3nico: sakaimaquinarias@gmail.com<\/p>\n","protected":false},"excerpt":{"rendered":"<ul class=\"U6u95\" data-processed=\"true\" data-complete=\"true\">\n<li data-hveid=\"CAUQAA\" data-complete=\"true\" data-sae=\"\"><span class=\"T286Pc\" data-complete=\"true\"><b class=\"Yjhzub\" data-complete=\"true\">Tipo<\/b>: Tractor compacto.<\/span><\/li>\n<li data-hveid=\"CAUQAQ\" data-complete=\"true\" data-sae=\"\"><span class=\"T286Pc\" data-complete=\"true\"><b class=\"Yjhzub\" data-complete=\"true\">Modelo<\/b>: D258, con una versi\u00f3n D258F que incluye tracci\u00f3n a las 4 ruedas (4WD).<\/span><\/li>\n<li data-hveid=\"CAUQAg\" data-complete=\"true\" data-sae=\"\"><span class=\"T286Pc\" data-complete=\"true\"><b class=\"Yjhzub\" data-complete=\"true\">Potencia<\/b>: 25 caballos de fuerza (19 kW).<\/span><\/li>\n<li data-hveid=\"CAUQAw\" data-complete=\"true\" data-sae=\"\"><span class=\"T286Pc\" data-complete=\"true\"><b class=\"Yjhzub\" data-complete=\"true\">Tracci\u00f3n<\/b>: 4&#215;4 (4WD).<\/span><\/li>\n<li data-hveid=\"CAUQBA\" data-sae=\"\" data-complete=\"true\"><span class=\"T286Pc\" data-complete=\"true\"><b class=\"Yjhzub\" data-complete=\"true\">Transmisi\u00f3n<\/b>:<\/span>\n<ul class=\"U6u95\" data-complete=\"true\">\n<li data-hveid=\"CAUQBQ\" data-complete=\"true\" data-sae=\"\"><span class=\"T286Pc\" data-complete=\"true\"><b class=\"Yjhzub\" data-complete=\"true\">Marchas adelante<\/b>: 24 (configuraci\u00f3n 4x3x2), seg\u00fan Keletagro.com.<\/span><\/li>\n<li data-hveid=\"CAUQBg\" data-complete=\"true\" data-sae=\"\"><span class=\"T286Pc\" data-complete=\"true\"><b class=\"Yjhzub\" data-complete=\"true\">Marchas atr\u00e1s<\/b>: 24 (configuraci\u00f3n 4x3x2), seg\u00fan Keletagro.com.<\/span><\/li>\n<li data-hveid=\"CAUQBw\" data-sae=\"\" data-complete=\"true\"><span class=\"T286Pc\" data-complete=\"true\"><b class=\"Yjhzub\" data-complete=\"true\">Doble sentido de marcha<\/b>: S\u00ed.<\/span><span class=\"notranslate\" data-wiz-uids=\"z34rQ_1f,z34rQ_1g\" data-complete=\"true\"><span class=\"vKEkVd\" data-animation-atomic=\"\" data-sae=\"\">\u00a0<button class=\"rBl3me\" tabindex=\"0\" data-amic=\"true\" data-icl-uuid=\"3a69defe-8ffe-4a1d-91ee-93bd336d7f2d\" aria-label=\"Ver v\u00ednculos relacionados\" data-ved=\"2ahUKEwiEkYD6k_mPAxVxK7kGHYzwAvAQye0OegQIBRAI\"><\/button><\/span><\/span><\/li>\n<\/ul>\n<\/li>\n<\/ul>\n<div class=\"AdPoic\" role=\"heading\" aria-level=\"3\" data-processed=\"true\" data-complete=\"true\">Motor<button class=\"rBl3me\" tabindex=\"0\" data-amic=\"true\" data-icl-uuid=\"0d3d3446-b822-48a4-9a09-371cc05b1f4a\" aria-label=\"Ver v\u00ednculos relacionados\" data-ved=\"2ahUKEwiEkYD6k_mPAxVxK7kGHYzwAvAQye0OegQIBhAA\"><\/button><\/div>\n<ul class=\"U6u95\" data-processed=\"true\" data-complete=\"true\">\n<li data-hveid=\"CAcQAA\" data-complete=\"true\" data-sae=\"\"><span class=\"T286Pc\" data-complete=\"true\"><b class=\"Yjhzub\" data-complete=\"true\">Cilindros<\/b>: 3 cilindros.<\/span><\/li>\n<li data-hveid=\"CAcQAQ\" data-complete=\"true\" data-sae=\"\"><span class=\"T286Pc\" data-complete=\"true\"><b class=\"Yjhzub\" data-complete=\"true\">Combustible<\/b>: Di\u00e9sel.<\/span><\/li>\n<li data-hveid=\"CAcQAg\" data-complete=\"true\" data-sae=\"\"><span class=\"T286Pc\" data-complete=\"true\"><b class=\"Yjhzub\" data-complete=\"true\">Refrigeraci\u00f3n<\/b>: L\u00edquida.<\/span><\/li>\n<li data-hveid=\"CAcQAw\" data-complete=\"true\" data-sae=\"\"><span class=\"T286Pc\" data-complete=\"true\"><b class=\"Yjhzub\" data-complete=\"true\">Cilindrada total<\/b>: 1496 ccm, seg\u00fan Keletagro.com.<\/span><\/li>\n<li data-hveid=\"CAcQBA\" data-sae=\"\" data-complete=\"true\"><span class=\"T286Pc\" data-complete=\"true\"><b class=\"Yjhzub\" data-complete=\"true\">RPM nominales<\/b>: 2500 rpm, seg\u00fan Keletagro.com<\/span><\/li>\n<li data-hveid=\"CAcQBA\" data-sae=\"\" data-complete=\"true\"><strong>PESO<\/strong>: 1025 KG<\/li>\n<\/ul>\n","protected":false},"featured_media":1965,"template":"","meta":[],"product_brand":[],"product_cat":[16],"product_tag":[],"class_list":{"0":"post-2011","1":"product","2":"type-product","3":"status-publish","4":"has-post-thumbnail","6":"product_cat-tractores","8":"first","9":"instock","10":"shipping-taxable","11":"product-type-simple"},"yoast_head":"<!-- This site is optimized with the Yoast SEO plugin v25.1 - https:\/\/yoast.com\/wordpress\/plugins\/seo\/ -->\n<title>TRACTOR SHIBAURA D-258 - Import. Export. Sakai Maquinarias Ltda<\/title>\n<meta name=\"robots\" content=\"index, follow, max-snippet:-1, max-image-preview:large, max-video-preview:-1\" \/>\n<link rel=\"canonical\" href=\"https:\/\/sakaimaquinariasltda.cl\/index.php\/producto\/tractor-shibaura-d-258\/\" \/>\n<meta property=\"og:locale\" content=\"es_ES\" \/>\n<meta property=\"og:type\" content=\"article\" \/>\n<meta property=\"og:title\" content=\"TRACTOR SHIBAURA D-258 - Import. Export. Sakai Maquinarias Ltda\" \/>\n<meta property=\"og:description\" content=\"Tipo: Tractor compacto.  Modelo: D258, con una versi\u00f3n D258F que incluye tracci\u00f3n a las 4 ruedas (4WD).  Potencia: 25 caballos de fuerza (19 kW).  Tracci\u00f3n: 4x4 (4WD).  Transmisi\u00f3n:   Marchas adelante: 24 (configuraci\u00f3n 4x3x2), seg\u00fan Keletagro.com.  Marchas atr\u00e1s: 24 (configuraci\u00f3n 4x3x2), seg\u00fan Keletagro.com.  Doble sentido de marcha: S\u00ed.\u00a0    Motor   Cilindros: 3 cilindros.  Combustible: Di\u00e9sel.  Refrigeraci\u00f3n: L\u00edquida.  Cilindrada total: 1496 ccm, seg\u00fan Keletagro.com.  RPM nominales: 2500 rpm, seg\u00fan Keletagro.com  PESO: 1025 KG\" \/>\n<meta property=\"og:url\" content=\"https:\/\/sakaimaquinariasltda.cl\/index.php\/producto\/tractor-shibaura-d-258\/\" \/>\n<meta property=\"og:site_name\" content=\"Import. Export. Sakai Maquinarias Ltda\" \/>\n<meta property=\"og:image\" content=\"https:\/\/sakaimaquinariasltda.cl\/wp-content\/uploads\/2025\/09\/WhatsApp-Image-2025-09-27-at-9.51.59-AM-1.jpeg\" \/>\n\t<meta property=\"og:image:width\" content=\"1200\" \/>\n\t<meta property=\"og:image:height\" content=\"1600\" \/>\n\t<meta property=\"og:image:type\" content=\"image\/jpeg\" \/>\n<meta name=\"twitter:card\" content=\"summary_large_image\" \/>\n<meta name=\"twitter:label1\" content=\"Tiempo de lectura\" \/>\n\t<meta name=\"twitter:data1\" content=\"1 minuto\" \/>\n<script type=\"application\/ld+json\" class=\"yoast-schema-graph\">{\"@context\":\"https:\/\/schema.org\",\"@graph\":[{\"@type\":\"WebPage\",\"@id\":\"https:\/\/sakaimaquinariasltda.cl\/index.php\/producto\/tractor-shibaura-d-258\/\",\"url\":\"https:\/\/sakaimaquinariasltda.cl\/index.php\/producto\/tractor-shibaura-d-258\/\",\"name\":\"TRACTOR SHIBAURA D-258 - Import. Export. Sakai Maquinarias Ltda\",\"isPartOf\":{\"@id\":\"https:\/\/sakaimaquinariasltda.cl\/#website\"},\"primaryImageOfPage\":{\"@id\":\"https:\/\/sakaimaquinariasltda.cl\/index.php\/producto\/tractor-shibaura-d-258\/#primaryimage\"},\"image\":{\"@id\":\"https:\/\/sakaimaquinariasltda.cl\/index.php\/producto\/tractor-shibaura-d-258\/#primaryimage\"},\"thumbnailUrl\":\"https:\/\/sakaimaquinariasltda.cl\/wp-content\/uploads\/2025\/09\/WhatsApp-Image-2025-09-27-at-9.51.59-AM-1.jpeg\",\"datePublished\":\"2025-09-27T14:32:14+00:00\",\"breadcrumb\":{\"@id\":\"https:\/\/sakaimaquinariasltda.cl\/index.php\/producto\/tractor-shibaura-d-258\/#breadcrumb\"},\"inLanguage\":\"es\",\"potentialAction\":[{\"@type\":\"ReadAction\",\"target\":[\"https:\/\/sakaimaquinariasltda.cl\/index.php\/producto\/tractor-shibaura-d-258\/\"]}]},{\"@type\":\"ImageObject\",\"inLanguage\":\"es\",\"@id\":\"https:\/\/sakaimaquinariasltda.cl\/index.php\/producto\/tractor-shibaura-d-258\/#primaryimage\",\"url\":\"https:\/\/sakaimaquinariasltda.cl\/wp-content\/uploads\/2025\/09\/WhatsApp-Image-2025-09-27-at-9.51.59-AM-1.jpeg\",\"contentUrl\":\"https:\/\/sakaimaquinariasltda.cl\/wp-content\/uploads\/2025\/09\/WhatsApp-Image-2025-09-27-at-9.51.59-AM-1.jpeg\",\"width\":1200,\"height\":1600},{\"@type\":\"BreadcrumbList\",\"@id\":\"https:\/\/sakaimaquinariasltda.cl\/index.php\/producto\/tractor-shibaura-d-258\/#breadcrumb\",\"itemListElement\":[{\"@type\":\"ListItem\",\"position\":1,\"name\":\"Portada\",\"item\":\"https:\/\/sakaimaquinariasltda.cl\/\"},{\"@type\":\"ListItem\",\"position\":2,\"name\":\"Tienda\",\"item\":\"https:\/\/sakaimaquinariasltda.cl\/index.php\/tienda\/\"},{\"@type\":\"ListItem\",\"position\":3,\"name\":\"TRACTOR SHIBAURA D-258\"}]},{\"@type\":\"WebSite\",\"@id\":\"https:\/\/sakaimaquinariasltda.cl\/#website\",\"url\":\"https:\/\/sakaimaquinariasltda.cl\/\",\"name\":\"Import. Export. Sakai Maquinarias Ltda\",\"description\":\"Empresa dedicada 100% a la importaci\u00f3n de tractores japoneses\",\"publisher\":{\"@id\":\"https:\/\/sakaimaquinariasltda.cl\/#organization\"},\"alternateName\":\"sakai\",\"potentialAction\":[{\"@type\":\"SearchAction\",\"target\":{\"@type\":\"EntryPoint\",\"urlTemplate\":\"https:\/\/sakaimaquinariasltda.cl\/?s={search_term_string}\"},\"query-input\":{\"@type\":\"PropertyValueSpecification\",\"valueRequired\":true,\"valueName\":\"search_term_string\"}}],\"inLanguage\":\"es\"},{\"@type\":\"Organization\",\"@id\":\"https:\/\/sakaimaquinariasltda.cl\/#organization\",\"name\":\"Import. Export. Sakai Maquinarias Ltda\",\"url\":\"https:\/\/sakaimaquinariasltda.cl\/\",\"logo\":{\"@type\":\"ImageObject\",\"inLanguage\":\"es\",\"@id\":\"https:\/\/sakaimaquinariasltda.cl\/#\/schema\/logo\/image\/\",\"url\":\"https:\/\/sakaimaquinariasltda.cl\/wp-content\/uploads\/2023\/02\/cropped-Pollone-1-1.jpg\",\"contentUrl\":\"https:\/\/sakaimaquinariasltda.cl\/wp-content\/uploads\/2023\/02\/cropped-Pollone-1-1.jpg\",\"width\":880,\"height\":210,\"caption\":\"Import. Export. Sakai Maquinarias Ltda\"},\"image\":{\"@id\":\"https:\/\/sakaimaquinariasltda.cl\/#\/schema\/logo\/image\/\"}}]}<\/script>\n<!-- \/ Yoast SEO plugin. -->","yoast_head_json":{"title":"TRACTOR SHIBAURA D-258 - Import. Export. Sakai Maquinarias Ltda","robots":{"index":"index","follow":"follow","max-snippet":"max-snippet:-1","max-image-preview":"max-image-preview:large","max-video-preview":"max-video-preview:-1"},"canonical":"https:\/\/sakaimaquinariasltda.cl\/index.php\/producto\/tractor-shibaura-d-258\/","og_locale":"es_ES","og_type":"article","og_title":"TRACTOR SHIBAURA D-258 - Import. Export. Sakai Maquinarias Ltda","og_description":"Tipo: Tractor compacto.  Modelo: D258, con una versi\u00f3n D258F que incluye tracci\u00f3n a las 4 ruedas (4WD).  Potencia: 25 caballos de fuerza (19 kW).  Tracci\u00f3n: 4x4 (4WD).  Transmisi\u00f3n:   Marchas adelante: 24 (configuraci\u00f3n 4x3x2), seg\u00fan Keletagro.com.  Marchas atr\u00e1s: 24 (configuraci\u00f3n 4x3x2), seg\u00fan Keletagro.com.  Doble sentido de marcha: S\u00ed.\u00a0    Motor   Cilindros: 3 cilindros.  Combustible: Di\u00e9sel.  Refrigeraci\u00f3n: L\u00edquida.  Cilindrada total: 1496 ccm, seg\u00fan Keletagro.com.  RPM nominales: 2500 rpm, seg\u00fan Keletagro.com  PESO: 1025 KG","og_url":"https:\/\/sakaimaquinariasltda.cl\/index.php\/producto\/tractor-shibaura-d-258\/","og_site_name":"Import. Export. Sakai Maquinarias Ltda","og_image":[{"width":1200,"height":1600,"url":"https:\/\/sakaimaquinariasltda.cl\/wp-content\/uploads\/2025\/09\/WhatsApp-Image-2025-09-27-at-9.51.59-AM-1.jpeg","type":"image\/jpeg"}],"twitter_card":"summary_large_image","twitter_misc":{"Tiempo de lectura":"1 minuto"},"schema":{"@context":"https:\/\/schema.org","@graph":[{"@type":"WebPage","@id":"https:\/\/sakaimaquinariasltda.cl\/index.php\/producto\/tractor-shibaura-d-258\/","url":"https:\/\/sakaimaquinariasltda.cl\/index.php\/producto\/tractor-shibaura-d-258\/","name":"TRACTOR SHIBAURA D-258 - Import. Export. Sakai Maquinarias Ltda","isPartOf":{"@id":"https:\/\/sakaimaquinariasltda.cl\/#website"},"primaryImageOfPage":{"@id":"https:\/\/sakaimaquinariasltda.cl\/index.php\/producto\/tractor-shibaura-d-258\/#primaryimage"},"image":{"@id":"https:\/\/sakaimaquinariasltda.cl\/index.php\/producto\/tractor-shibaura-d-258\/#primaryimage"},"thumbnailUrl":"https:\/\/sakaimaquinariasltda.cl\/wp-content\/uploads\/2025\/09\/WhatsApp-Image-2025-09-27-at-9.51.59-AM-1.jpeg","datePublished":"2025-09-27T14:32:14+00:00","breadcrumb":{"@id":"https:\/\/sakaimaquinariasltda.cl\/index.php\/producto\/tractor-shibaura-d-258\/#breadcrumb"},"inLanguage":"es","potentialAction":[{"@type":"ReadAction","target":["https:\/\/sakaimaquinariasltda.cl\/index.php\/producto\/tractor-shibaura-d-258\/"]}]},{"@type":"ImageObject","inLanguage":"es","@id":"https:\/\/sakaimaquinariasltda.cl\/index.php\/producto\/tractor-shibaura-d-258\/#primaryimage","url":"https:\/\/sakaimaquinariasltda.cl\/wp-content\/uploads\/2025\/09\/WhatsApp-Image-2025-09-27-at-9.51.59-AM-1.jpeg","contentUrl":"https:\/\/sakaimaquinariasltda.cl\/wp-content\/uploads\/2025\/09\/WhatsApp-Image-2025-09-27-at-9.51.59-AM-1.jpeg","width":1200,"height":1600},{"@type":"BreadcrumbList","@id":"https:\/\/sakaimaquinariasltda.cl\/index.php\/producto\/tractor-shibaura-d-258\/#breadcrumb","itemListElement":[{"@type":"ListItem","position":1,"name":"Portada","item":"https:\/\/sakaimaquinariasltda.cl\/"},{"@type":"ListItem","position":2,"name":"Tienda","item":"https:\/\/sakaimaquinariasltda.cl\/index.php\/tienda\/"},{"@type":"ListItem","position":3,"name":"TRACTOR SHIBAURA D-258"}]},{"@type":"WebSite","@id":"https:\/\/sakaimaquinariasltda.cl\/#website","url":"https:\/\/sakaimaquinariasltda.cl\/","name":"Import. Export. Sakai Maquinarias Ltda","description":"Empresa dedicada 100% a la importaci\u00f3n de tractores japoneses","publisher":{"@id":"https:\/\/sakaimaquinariasltda.cl\/#organization"},"alternateName":"sakai","potentialAction":[{"@type":"SearchAction","target":{"@type":"EntryPoint","urlTemplate":"https:\/\/sakaimaquinariasltda.cl\/?s={search_term_string}"},"query-input":{"@type":"PropertyValueSpecification","valueRequired":true,"valueName":"search_term_string"}}],"inLanguage":"es"},{"@type":"Organization","@id":"https:\/\/sakaimaquinariasltda.cl\/#organization","name":"Import. Export. Sakai Maquinarias Ltda","url":"https:\/\/sakaimaquinariasltda.cl\/","logo":{"@type":"ImageObject","inLanguage":"es","@id":"https:\/\/sakaimaquinariasltda.cl\/#\/schema\/logo\/image\/","url":"https:\/\/sakaimaquinariasltda.cl\/wp-content\/uploads\/2023\/02\/cropped-Pollone-1-1.jpg","contentUrl":"https:\/\/sakaimaquinariasltda.cl\/wp-content\/uploads\/2023\/02\/cropped-Pollone-1-1.jpg","width":880,"height":210,"caption":"Import. Export. Sakai Maquinarias Ltda"},"image":{"@id":"https:\/\/sakaimaquinariasltda.cl\/#\/schema\/logo\/image\/"}}]}},"_links":{"self":[{"href":"https:\/\/sakaimaquinariasltda.cl\/index.php\/wp-json\/wp\/v2\/product\/2011","targetHints":{"allow":["GET"]}}],"collection":[{"href":"https:\/\/sakaimaquinariasltda.cl\/index.php\/wp-json\/wp\/v2\/product"}],"about":[{"href":"https:\/\/sakaimaquinariasltda.cl\/index.php\/wp-json\/wp\/v2\/types\/product"}],"wp:featuredmedia":[{"embeddable":true,"href":"https:\/\/sakaimaquinariasltda.cl\/index.php\/wp-json\/wp\/v2\/media\/1965"}],"wp:attachment":[{"href":"https:\/\/sakaimaquinariasltda.cl\/index.php\/wp-json\/wp\/v2\/media?parent=2011"}],"wp:term":[{"taxonomy":"product_brand","embeddable":true,"href":"https:\/\/sakaimaquinariasltda.cl\/index.php\/wp-json\/wp\/v2\/product_brand?post=2011"},{"taxonomy":"product_cat","embeddable":true,"href":"https:\/\/sakaimaquinariasltda.cl\/index.php\/wp-json\/wp\/v2\/product_cat?post=2011"},{"taxonomy":"product_tag","embeddable":true,"href":"https:\/\/sakaimaquinariasltda.cl\/index.php\/wp-json\/wp\/v2\/product_tag?post=2011"}],"curies":[{"name":"wp","href":"https:\/\/api.w.org\/{rel}","templated":true}]}}