{"id":1799,"date":"2025-09-26T22:25:26","date_gmt":"2025-09-26T22:25:26","guid":{"rendered":"https:\/\/sakaimaquinariasltda.cl\/?post_type=product&#038;p=1799"},"modified":"2026-03-25T14:39:59","modified_gmt":"2026-03-25T14:39:59","slug":"tractor-hinomoto-n-209","status":"publish","type":"product","link":"https:\/\/sakaimaquinariasltda.cl\/index.php\/producto\/tractor-hinomoto-n-209\/","title":{"rendered":"-VENDIDO- TRACTOR HINOMOTO N-209"},"content":{"rendered":"<p>HACEMOS ENVIOS A TODO CHILE;PER\u00da, BOLIVIA Y PARAGUAY.<br \/>\nCONTACTENOS AL:<\/p>\n<p>+569 6213 4782<\/p>\n<p>+569 3228 6609<\/p>\n<p>+569 9385 9507<\/p>\n<p>Y EN NUESTRAS REDES SOCIALES:<\/p>\n<p>FACEBOOK- INSTAGRAM \u2013 TIKTOK<\/p>\n<p>COMO: SAKAI MAQUINARIAS LTDA<\/p>\n<p>Correo electr\u00f3nico: sakaimaquinarias@gmail.com<\/p>\n","protected":false},"excerpt":{"rendered":"<table>\n<tbody>\n<tr>\n<th colspan=\"2\"><\/th>\n<\/tr>\n<tr>\n<td><span dir=\"auto\">Horario de atenci\u00f3n<\/span><\/td>\n<td><span dir=\"auto\">756<\/span><\/td>\n<\/tr>\n<tr>\n<td><span dir=\"auto\">N\u00famero de cilindros<\/span><\/td>\n<td><span dir=\"auto\">3 cilindro(s)<\/span><\/td>\n<\/tr>\n<tr>\n<td><span dir=\"auto\">Refrigerado por agua<\/span><\/td>\n<td><span dir=\"auto\">S\u00ed<\/span><\/td>\n<\/tr>\n<tr>\n<td><span dir=\"auto\">Combustible<\/span><\/td>\n<td><span dir=\"auto\">Diesel<\/span><\/td>\n<\/tr>\n<tr>\n<td><span dir=\"auto\">Actuaci\u00f3n:<\/span><\/td>\n<td><span dir=\"auto\">21 caballos de fuerza<\/span><\/td>\n<\/tr>\n<tr>\n<td><span dir=\"auto\">RPM nominales<\/span><\/td>\n<td><span dir=\"auto\">2500 rpm<\/span><\/td>\n<\/tr>\n<tr>\n<td><span dir=\"auto\">Rotaciones reguladas<\/span><\/td>\n<td><span dir=\"auto\">2700 rpm<\/span><\/td>\n<\/tr>\n<tr>\n<td><span dir=\"auto\">Desplazamiento total<\/span><\/td>\n<td><span dir=\"auto\">1432 cc<\/span><\/td>\n<\/tr>\n<tr>\n<th colspan=\"2\"><\/th>\n<\/tr>\n<tr>\n<td><span dir=\"auto\">Tracci\u00f3n en las 4 ruedas<\/span><\/td>\n<td><span dir=\"auto\">S\u00ed<\/span><\/td>\n<\/tr>\n<tr>\n<td><span dir=\"auto\">Transmisi\u00f3n hacia adelante<\/span><\/td>\n<td><span dir=\"auto\">12 (4&#215;3) marcha<\/span><\/td>\n<\/tr>\n<tr>\n<td><span dir=\"auto\">Transmisi\u00f3n trasera<\/span><\/td>\n<td><span dir=\"auto\">12 (4&#215;3) marcha<\/span><\/td>\n<\/tr>\n<tr>\n<td><span dir=\"auto\">Transmisi\u00f3n reversible<\/span><\/td>\n<td><span dir=\"auto\">S\u00ed<\/span><\/td>\n<\/tr>\n<tr>\n<td><span dir=\"auto\">Bloqueo del diferencial<\/span><\/td>\n<td><span dir=\"auto\">S\u00ed<\/span><\/td>\n<\/tr>\n<tr>\n<td><span dir=\"auto\">Frenos laterales independientes<\/span><\/td>\n<td><span dir=\"auto\">S\u00ed<\/span><\/td>\n<\/tr>\n<\/tbody>\n<\/table>\n<table>\n<tbody>\n<tr>\n<td><span dir=\"auto\">A\u00f1o de fabricaci\u00f3n\u00a0 \u00a0 \u00a0 \u00a0 \u00a0 \u00a0 \u00a0 \u00a0 \u00a0 \u00a0 \u00a0 \u00a0\u00a0<\/span><\/td>\n<td><span dir=\"auto\">1989<\/span><\/td>\n<\/tr>\n<\/tbody>\n<\/table>\n","protected":false},"featured_media":1714,"template":"","meta":[],"product_brand":[],"product_cat":[16],"product_tag":[],"class_list":{"0":"post-1799","1":"product","2":"type-product","3":"status-publish","4":"has-post-thumbnail","6":"product_cat-tractores","8":"first","9":"instock","10":"shipping-taxable","11":"product-type-simple"},"yoast_head":"<!-- This site is optimized with the Yoast SEO plugin v25.1 - https:\/\/yoast.com\/wordpress\/plugins\/seo\/ -->\n<title>-VENDIDO- TRACTOR HINOMOTO N-209 - Import. Export. Sakai Maquinarias Ltda<\/title>\n<meta name=\"robots\" content=\"index, follow, max-snippet:-1, max-image-preview:large, max-video-preview:-1\" \/>\n<link rel=\"canonical\" href=\"https:\/\/sakaimaquinariasltda.cl\/index.php\/producto\/tractor-hinomoto-n-209\/\" \/>\n<meta property=\"og:locale\" content=\"es_ES\" \/>\n<meta property=\"og:type\" content=\"article\" \/>\n<meta property=\"og:title\" content=\"-VENDIDO- TRACTOR HINOMOTO N-209 - Import. Export. Sakai Maquinarias Ltda\" \/>\n<meta property=\"og:description\" content=\"Horario de atenci\u00f3n 756   N\u00famero de cilindros 3 cilindro(s)   Refrigerado por agua S\u00ed   Combustible Diesel   Actuaci\u00f3n: 21 caballos de fuerza   RPM nominales 2500 rpm   Rotaciones reguladas 2700 rpm   Desplazamiento total 1432 cc      Tracci\u00f3n en las 4 ruedas S\u00ed   Transmisi\u00f3n hacia adelante 12 (4x3) marcha   Transmisi\u00f3n trasera 12 (4x3) marcha   Transmisi\u00f3n reversible S\u00ed   Bloqueo del diferencial S\u00ed   Frenos laterales independientes S\u00ed       A\u00f1o de fabricaci\u00f3n\u00a0 \u00a0 \u00a0 \u00a0 \u00a0 \u00a0 \u00a0 \u00a0 \u00a0 \u00a0 \u00a0 \u00a0\u00a0 1989\" \/>\n<meta property=\"og:url\" content=\"https:\/\/sakaimaquinariasltda.cl\/index.php\/producto\/tractor-hinomoto-n-209\/\" \/>\n<meta property=\"og:site_name\" content=\"Import. Export. Sakai Maquinarias Ltda\" \/>\n<meta property=\"article:modified_time\" content=\"2026-03-25T14:39:59+00:00\" \/>\n<meta property=\"og:image\" content=\"https:\/\/sakaimaquinariasltda.cl\/wp-content\/uploads\/2025\/09\/WhatsApp-Image-2025-09-26-at-5.07.02-PM-2.jpeg\" \/>\n\t<meta property=\"og:image:width\" content=\"1200\" \/>\n\t<meta property=\"og:image:height\" content=\"1600\" \/>\n\t<meta property=\"og:image:type\" content=\"image\/jpeg\" \/>\n<meta name=\"twitter:card\" content=\"summary_large_image\" \/>\n<meta name=\"twitter:label1\" content=\"Tiempo de lectura\" \/>\n\t<meta name=\"twitter:data1\" content=\"1 minuto\" \/>\n<script type=\"application\/ld+json\" class=\"yoast-schema-graph\">{\"@context\":\"https:\/\/schema.org\",\"@graph\":[{\"@type\":\"WebPage\",\"@id\":\"https:\/\/sakaimaquinariasltda.cl\/index.php\/producto\/tractor-hinomoto-n-209\/\",\"url\":\"https:\/\/sakaimaquinariasltda.cl\/index.php\/producto\/tractor-hinomoto-n-209\/\",\"name\":\"-VENDIDO- TRACTOR HINOMOTO N-209 - Import. Export. Sakai Maquinarias Ltda\",\"isPartOf\":{\"@id\":\"https:\/\/sakaimaquinariasltda.cl\/#website\"},\"primaryImageOfPage\":{\"@id\":\"https:\/\/sakaimaquinariasltda.cl\/index.php\/producto\/tractor-hinomoto-n-209\/#primaryimage\"},\"image\":{\"@id\":\"https:\/\/sakaimaquinariasltda.cl\/index.php\/producto\/tractor-hinomoto-n-209\/#primaryimage\"},\"thumbnailUrl\":\"https:\/\/sakaimaquinariasltda.cl\/wp-content\/uploads\/2025\/09\/WhatsApp-Image-2025-09-26-at-5.07.02-PM-2.jpeg\",\"datePublished\":\"2025-09-26T22:25:26+00:00\",\"dateModified\":\"2026-03-25T14:39:59+00:00\",\"breadcrumb\":{\"@id\":\"https:\/\/sakaimaquinariasltda.cl\/index.php\/producto\/tractor-hinomoto-n-209\/#breadcrumb\"},\"inLanguage\":\"es\",\"potentialAction\":[{\"@type\":\"ReadAction\",\"target\":[\"https:\/\/sakaimaquinariasltda.cl\/index.php\/producto\/tractor-hinomoto-n-209\/\"]}]},{\"@type\":\"ImageObject\",\"inLanguage\":\"es\",\"@id\":\"https:\/\/sakaimaquinariasltda.cl\/index.php\/producto\/tractor-hinomoto-n-209\/#primaryimage\",\"url\":\"https:\/\/sakaimaquinariasltda.cl\/wp-content\/uploads\/2025\/09\/WhatsApp-Image-2025-09-26-at-5.07.02-PM-2.jpeg\",\"contentUrl\":\"https:\/\/sakaimaquinariasltda.cl\/wp-content\/uploads\/2025\/09\/WhatsApp-Image-2025-09-26-at-5.07.02-PM-2.jpeg\",\"width\":1200,\"height\":1600},{\"@type\":\"BreadcrumbList\",\"@id\":\"https:\/\/sakaimaquinariasltda.cl\/index.php\/producto\/tractor-hinomoto-n-209\/#breadcrumb\",\"itemListElement\":[{\"@type\":\"ListItem\",\"position\":1,\"name\":\"Portada\",\"item\":\"https:\/\/sakaimaquinariasltda.cl\/\"},{\"@type\":\"ListItem\",\"position\":2,\"name\":\"Tienda\",\"item\":\"https:\/\/sakaimaquinariasltda.cl\/index.php\/tienda\/\"},{\"@type\":\"ListItem\",\"position\":3,\"name\":\"-VENDIDO- TRACTOR HINOMOTO N-209\"}]},{\"@type\":\"WebSite\",\"@id\":\"https:\/\/sakaimaquinariasltda.cl\/#website\",\"url\":\"https:\/\/sakaimaquinariasltda.cl\/\",\"name\":\"Import. Export. Sakai Maquinarias Ltda\",\"description\":\"Empresa dedicada 100% a la importaci\u00f3n de tractores japoneses\",\"publisher\":{\"@id\":\"https:\/\/sakaimaquinariasltda.cl\/#organization\"},\"alternateName\":\"sakai\",\"potentialAction\":[{\"@type\":\"SearchAction\",\"target\":{\"@type\":\"EntryPoint\",\"urlTemplate\":\"https:\/\/sakaimaquinariasltda.cl\/?s={search_term_string}\"},\"query-input\":{\"@type\":\"PropertyValueSpecification\",\"valueRequired\":true,\"valueName\":\"search_term_string\"}}],\"inLanguage\":\"es\"},{\"@type\":\"Organization\",\"@id\":\"https:\/\/sakaimaquinariasltda.cl\/#organization\",\"name\":\"Import. Export. Sakai Maquinarias Ltda\",\"url\":\"https:\/\/sakaimaquinariasltda.cl\/\",\"logo\":{\"@type\":\"ImageObject\",\"inLanguage\":\"es\",\"@id\":\"https:\/\/sakaimaquinariasltda.cl\/#\/schema\/logo\/image\/\",\"url\":\"https:\/\/sakaimaquinariasltda.cl\/wp-content\/uploads\/2023\/02\/cropped-Pollone-1-1.jpg\",\"contentUrl\":\"https:\/\/sakaimaquinariasltda.cl\/wp-content\/uploads\/2023\/02\/cropped-Pollone-1-1.jpg\",\"width\":880,\"height\":210,\"caption\":\"Import. Export. Sakai Maquinarias Ltda\"},\"image\":{\"@id\":\"https:\/\/sakaimaquinariasltda.cl\/#\/schema\/logo\/image\/\"}}]}<\/script>\n<!-- \/ Yoast SEO plugin. -->","yoast_head_json":{"title":"-VENDIDO- TRACTOR HINOMOTO N-209 - Import. Export. Sakai Maquinarias Ltda","robots":{"index":"index","follow":"follow","max-snippet":"max-snippet:-1","max-image-preview":"max-image-preview:large","max-video-preview":"max-video-preview:-1"},"canonical":"https:\/\/sakaimaquinariasltda.cl\/index.php\/producto\/tractor-hinomoto-n-209\/","og_locale":"es_ES","og_type":"article","og_title":"-VENDIDO- TRACTOR HINOMOTO N-209 - Import. Export. Sakai Maquinarias Ltda","og_description":"Horario de atenci\u00f3n 756   N\u00famero de cilindros 3 cilindro(s)   Refrigerado por agua S\u00ed   Combustible Diesel   Actuaci\u00f3n: 21 caballos de fuerza   RPM nominales 2500 rpm   Rotaciones reguladas 2700 rpm   Desplazamiento total 1432 cc      Tracci\u00f3n en las 4 ruedas S\u00ed   Transmisi\u00f3n hacia adelante 12 (4x3) marcha   Transmisi\u00f3n trasera 12 (4x3) marcha   Transmisi\u00f3n reversible S\u00ed   Bloqueo del diferencial S\u00ed   Frenos laterales independientes S\u00ed       A\u00f1o de fabricaci\u00f3n\u00a0 \u00a0 \u00a0 \u00a0 \u00a0 \u00a0 \u00a0 \u00a0 \u00a0 \u00a0 \u00a0 \u00a0\u00a0 1989","og_url":"https:\/\/sakaimaquinariasltda.cl\/index.php\/producto\/tractor-hinomoto-n-209\/","og_site_name":"Import. Export. Sakai Maquinarias Ltda","article_modified_time":"2026-03-25T14:39:59+00:00","og_image":[{"width":1200,"height":1600,"url":"https:\/\/sakaimaquinariasltda.cl\/wp-content\/uploads\/2025\/09\/WhatsApp-Image-2025-09-26-at-5.07.02-PM-2.jpeg","type":"image\/jpeg"}],"twitter_card":"summary_large_image","twitter_misc":{"Tiempo de lectura":"1 minuto"},"schema":{"@context":"https:\/\/schema.org","@graph":[{"@type":"WebPage","@id":"https:\/\/sakaimaquinariasltda.cl\/index.php\/producto\/tractor-hinomoto-n-209\/","url":"https:\/\/sakaimaquinariasltda.cl\/index.php\/producto\/tractor-hinomoto-n-209\/","name":"-VENDIDO- TRACTOR HINOMOTO N-209 - Import. Export. Sakai Maquinarias Ltda","isPartOf":{"@id":"https:\/\/sakaimaquinariasltda.cl\/#website"},"primaryImageOfPage":{"@id":"https:\/\/sakaimaquinariasltda.cl\/index.php\/producto\/tractor-hinomoto-n-209\/#primaryimage"},"image":{"@id":"https:\/\/sakaimaquinariasltda.cl\/index.php\/producto\/tractor-hinomoto-n-209\/#primaryimage"},"thumbnailUrl":"https:\/\/sakaimaquinariasltda.cl\/wp-content\/uploads\/2025\/09\/WhatsApp-Image-2025-09-26-at-5.07.02-PM-2.jpeg","datePublished":"2025-09-26T22:25:26+00:00","dateModified":"2026-03-25T14:39:59+00:00","breadcrumb":{"@id":"https:\/\/sakaimaquinariasltda.cl\/index.php\/producto\/tractor-hinomoto-n-209\/#breadcrumb"},"inLanguage":"es","potentialAction":[{"@type":"ReadAction","target":["https:\/\/sakaimaquinariasltda.cl\/index.php\/producto\/tractor-hinomoto-n-209\/"]}]},{"@type":"ImageObject","inLanguage":"es","@id":"https:\/\/sakaimaquinariasltda.cl\/index.php\/producto\/tractor-hinomoto-n-209\/#primaryimage","url":"https:\/\/sakaimaquinariasltda.cl\/wp-content\/uploads\/2025\/09\/WhatsApp-Image-2025-09-26-at-5.07.02-PM-2.jpeg","contentUrl":"https:\/\/sakaimaquinariasltda.cl\/wp-content\/uploads\/2025\/09\/WhatsApp-Image-2025-09-26-at-5.07.02-PM-2.jpeg","width":1200,"height":1600},{"@type":"BreadcrumbList","@id":"https:\/\/sakaimaquinariasltda.cl\/index.php\/producto\/tractor-hinomoto-n-209\/#breadcrumb","itemListElement":[{"@type":"ListItem","position":1,"name":"Portada","item":"https:\/\/sakaimaquinariasltda.cl\/"},{"@type":"ListItem","position":2,"name":"Tienda","item":"https:\/\/sakaimaquinariasltda.cl\/index.php\/tienda\/"},{"@type":"ListItem","position":3,"name":"-VENDIDO- TRACTOR HINOMOTO N-209"}]},{"@type":"WebSite","@id":"https:\/\/sakaimaquinariasltda.cl\/#website","url":"https:\/\/sakaimaquinariasltda.cl\/","name":"Import. Export. Sakai Maquinarias Ltda","description":"Empresa dedicada 100% a la importaci\u00f3n de tractores japoneses","publisher":{"@id":"https:\/\/sakaimaquinariasltda.cl\/#organization"},"alternateName":"sakai","potentialAction":[{"@type":"SearchAction","target":{"@type":"EntryPoint","urlTemplate":"https:\/\/sakaimaquinariasltda.cl\/?s={search_term_string}"},"query-input":{"@type":"PropertyValueSpecification","valueRequired":true,"valueName":"search_term_string"}}],"inLanguage":"es"},{"@type":"Organization","@id":"https:\/\/sakaimaquinariasltda.cl\/#organization","name":"Import. Export. Sakai Maquinarias Ltda","url":"https:\/\/sakaimaquinariasltda.cl\/","logo":{"@type":"ImageObject","inLanguage":"es","@id":"https:\/\/sakaimaquinariasltda.cl\/#\/schema\/logo\/image\/","url":"https:\/\/sakaimaquinariasltda.cl\/wp-content\/uploads\/2023\/02\/cropped-Pollone-1-1.jpg","contentUrl":"https:\/\/sakaimaquinariasltda.cl\/wp-content\/uploads\/2023\/02\/cropped-Pollone-1-1.jpg","width":880,"height":210,"caption":"Import. Export. Sakai Maquinarias Ltda"},"image":{"@id":"https:\/\/sakaimaquinariasltda.cl\/#\/schema\/logo\/image\/"}}]}},"_links":{"self":[{"href":"https:\/\/sakaimaquinariasltda.cl\/index.php\/wp-json\/wp\/v2\/product\/1799","targetHints":{"allow":["GET"]}}],"collection":[{"href":"https:\/\/sakaimaquinariasltda.cl\/index.php\/wp-json\/wp\/v2\/product"}],"about":[{"href":"https:\/\/sakaimaquinariasltda.cl\/index.php\/wp-json\/wp\/v2\/types\/product"}],"wp:featuredmedia":[{"embeddable":true,"href":"https:\/\/sakaimaquinariasltda.cl\/index.php\/wp-json\/wp\/v2\/media\/1714"}],"wp:attachment":[{"href":"https:\/\/sakaimaquinariasltda.cl\/index.php\/wp-json\/wp\/v2\/media?parent=1799"}],"wp:term":[{"taxonomy":"product_brand","embeddable":true,"href":"https:\/\/sakaimaquinariasltda.cl\/index.php\/wp-json\/wp\/v2\/product_brand?post=1799"},{"taxonomy":"product_cat","embeddable":true,"href":"https:\/\/sakaimaquinariasltda.cl\/index.php\/wp-json\/wp\/v2\/product_cat?post=1799"},{"taxonomy":"product_tag","embeddable":true,"href":"https:\/\/sakaimaquinariasltda.cl\/index.php\/wp-json\/wp\/v2\/product_tag?post=1799"}],"curies":[{"name":"wp","href":"https:\/\/api.w.org\/{rel}","templated":true}]}}