{"id":1796,"date":"2025-09-26T22:14:59","date_gmt":"2025-09-26T22:14:59","guid":{"rendered":"https:\/\/sakaimaquinariasltda.cl\/?post_type=product&#038;p=1796"},"modified":"2025-09-26T22:14:59","modified_gmt":"2025-09-26T22:14:59","slug":"tractor-mitsubishi-mt-2501d","status":"publish","type":"product","link":"https:\/\/sakaimaquinariasltda.cl\/index.php\/producto\/tractor-mitsubishi-mt-2501d\/","title":{"rendered":"TRACTOR MITSUBISHI MT-2501D"},"content":{"rendered":"","protected":false},"excerpt":{"rendered":"<ul data-hveid=\"CCoQAQ\" data-ved=\"2ahUKEwiXjpvWufePAxXJA7kGHb-oAaAQm_YKegQIKhAB\">\n<li><span data-huuid=\"16558417856604060320\"><strong>Potencia:<\/strong> <\/span><span data-huuid=\"16558417856604060625\">\u00a025 HP.<\/span><\/li>\n<li><span data-huuid=\"16558417856604061235\"><strong>Motor:<\/strong>\u00a0<\/span><span data-huuid=\"16558417856604061540\">Di\u00e9sel de cuatro cilindros con refrigeraci\u00f3n l\u00edquida.<\/span><\/li>\n<li><span data-huuid=\"16558417856604058054\"><strong>Tracci\u00f3n:<\/strong>\u00a0<\/span><span data-huuid=\"16558417856604058359\">4 ruedas motrices (4&#215;4).<\/span><\/li>\n<li><span data-huuid=\"16558417856604058969\"><strong>Transmisi\u00f3n:<\/strong>\u00a0<\/span><span data-huuid=\"16558417856604059274\">12 velocidades hacia adelante (3 con s\u00faper bajo, bajo, medio, alto) y 4 velocidades hacia atr\u00e1s.<\/span><\/li>\n<li><span data-huuid=\"16558417856604059884\"><strong>Cilindrada:<\/strong>\u00a0<\/span><span data-huuid=\"16558417856604060189\">1415 cc.<\/span><\/li>\n<li><span data-huuid=\"16558417856604060799\"><strong>Combustible:<\/strong>\u00a0<\/span><span data-huuid=\"16558417856604061104\">Di\u00e9sel.<\/span><\/li>\n<li><span data-huuid=\"16558417856604057618\"><strong>Transmisi\u00f3n de toma de fuerza (PTO):<\/strong>\u00a0<\/span><span data-huuid=\"16558417856604057923\">Cuatro velocidades.<\/span><\/li>\n<li><span data-huuid=\"16558417856604058533\"><strong>Neum\u00e1ticos delanteros:<\/strong>\u00a0<\/span><span data-huuid=\"16558417856604058838\">7.00-14.<\/span><\/li>\n<li><span data-huuid=\"16558417856604059448\"><strong>Opciones:<\/strong>\u00a0<\/span><span data-huuid=\"16558417856604059753\">Puede equiparse con cargador hidr\u00e1ulico, herramienta para molido mec\u00e1nico y est\u00e1 preparado para acoplar implementos como retroexcavadoras, excavadoras de postes o discos.<\/span><\/li>\n<\/ul>\n","protected":false},"featured_media":1736,"template":"","meta":[],"product_brand":[],"product_cat":[16],"product_tag":[],"class_list":{"0":"post-1796","1":"product","2":"type-product","3":"status-publish","4":"has-post-thumbnail","6":"product_cat-tractores","8":"first","9":"instock","10":"shipping-taxable","11":"product-type-simple"},"yoast_head":"<!-- This site is optimized with the Yoast SEO plugin v25.1 - https:\/\/yoast.com\/wordpress\/plugins\/seo\/ -->\n<title>TRACTOR MITSUBISHI MT-2501D - Import. Export. Sakai Maquinarias Ltda<\/title>\n<meta name=\"robots\" content=\"index, follow, max-snippet:-1, max-image-preview:large, max-video-preview:-1\" \/>\n<link rel=\"canonical\" href=\"https:\/\/sakaimaquinariasltda.cl\/index.php\/producto\/tractor-mitsubishi-mt-2501d\/\" \/>\n<meta property=\"og:locale\" content=\"es_ES\" \/>\n<meta property=\"og:type\" content=\"article\" \/>\n<meta property=\"og:title\" content=\"TRACTOR MITSUBISHI MT-2501D - Import. Export. Sakai Maquinarias Ltda\" \/>\n<meta property=\"og:description\" content=\"Potencia: \u00a025 HP.  Motor:\u00a0Di\u00e9sel de cuatro cilindros con refrigeraci\u00f3n l\u00edquida.  Tracci\u00f3n:\u00a04 ruedas motrices (4x4).  Transmisi\u00f3n:\u00a012 velocidades hacia adelante (3 con s\u00faper bajo, bajo, medio, alto) y 4 velocidades hacia atr\u00e1s.  Cilindrada:\u00a01415 cc.  Combustible:\u00a0Di\u00e9sel.  Transmisi\u00f3n de toma de fuerza (PTO):\u00a0Cuatro velocidades.  Neum\u00e1ticos delanteros:\u00a07.00-14.  Opciones:\u00a0Puede equiparse con cargador hidr\u00e1ulico, herramienta para molido mec\u00e1nico y est\u00e1 preparado para acoplar implementos como retroexcavadoras, excavadoras de postes o discos.\" \/>\n<meta property=\"og:url\" content=\"https:\/\/sakaimaquinariasltda.cl\/index.php\/producto\/tractor-mitsubishi-mt-2501d\/\" \/>\n<meta property=\"og:site_name\" content=\"Import. Export. Sakai Maquinarias Ltda\" \/>\n<meta property=\"og:image\" content=\"https:\/\/sakaimaquinariasltda.cl\/wp-content\/uploads\/2025\/09\/WhatsApp-Image-2025-09-26-at-5.06.54-PM.jpeg\" \/>\n\t<meta property=\"og:image:width\" content=\"1280\" \/>\n\t<meta property=\"og:image:height\" content=\"960\" \/>\n\t<meta property=\"og:image:type\" content=\"image\/jpeg\" \/>\n<meta name=\"twitter:card\" content=\"summary_large_image\" \/>\n<meta name=\"twitter:label1\" content=\"Tiempo de lectura\" \/>\n\t<meta name=\"twitter:data1\" content=\"1 minuto\" \/>\n<script type=\"application\/ld+json\" class=\"yoast-schema-graph\">{\"@context\":\"https:\/\/schema.org\",\"@graph\":[{\"@type\":\"WebPage\",\"@id\":\"https:\/\/sakaimaquinariasltda.cl\/index.php\/producto\/tractor-mitsubishi-mt-2501d\/\",\"url\":\"https:\/\/sakaimaquinariasltda.cl\/index.php\/producto\/tractor-mitsubishi-mt-2501d\/\",\"name\":\"TRACTOR MITSUBISHI MT-2501D - Import. Export. Sakai Maquinarias Ltda\",\"isPartOf\":{\"@id\":\"https:\/\/sakaimaquinariasltda.cl\/#website\"},\"primaryImageOfPage\":{\"@id\":\"https:\/\/sakaimaquinariasltda.cl\/index.php\/producto\/tractor-mitsubishi-mt-2501d\/#primaryimage\"},\"image\":{\"@id\":\"https:\/\/sakaimaquinariasltda.cl\/index.php\/producto\/tractor-mitsubishi-mt-2501d\/#primaryimage\"},\"thumbnailUrl\":\"https:\/\/sakaimaquinariasltda.cl\/wp-content\/uploads\/2025\/09\/WhatsApp-Image-2025-09-26-at-5.06.54-PM.jpeg\",\"datePublished\":\"2025-09-26T22:14:59+00:00\",\"breadcrumb\":{\"@id\":\"https:\/\/sakaimaquinariasltda.cl\/index.php\/producto\/tractor-mitsubishi-mt-2501d\/#breadcrumb\"},\"inLanguage\":\"es\",\"potentialAction\":[{\"@type\":\"ReadAction\",\"target\":[\"https:\/\/sakaimaquinariasltda.cl\/index.php\/producto\/tractor-mitsubishi-mt-2501d\/\"]}]},{\"@type\":\"ImageObject\",\"inLanguage\":\"es\",\"@id\":\"https:\/\/sakaimaquinariasltda.cl\/index.php\/producto\/tractor-mitsubishi-mt-2501d\/#primaryimage\",\"url\":\"https:\/\/sakaimaquinariasltda.cl\/wp-content\/uploads\/2025\/09\/WhatsApp-Image-2025-09-26-at-5.06.54-PM.jpeg\",\"contentUrl\":\"https:\/\/sakaimaquinariasltda.cl\/wp-content\/uploads\/2025\/09\/WhatsApp-Image-2025-09-26-at-5.06.54-PM.jpeg\",\"width\":1280,\"height\":960},{\"@type\":\"BreadcrumbList\",\"@id\":\"https:\/\/sakaimaquinariasltda.cl\/index.php\/producto\/tractor-mitsubishi-mt-2501d\/#breadcrumb\",\"itemListElement\":[{\"@type\":\"ListItem\",\"position\":1,\"name\":\"Portada\",\"item\":\"https:\/\/sakaimaquinariasltda.cl\/\"},{\"@type\":\"ListItem\",\"position\":2,\"name\":\"Tienda\",\"item\":\"https:\/\/sakaimaquinariasltda.cl\/index.php\/tienda\/\"},{\"@type\":\"ListItem\",\"position\":3,\"name\":\"TRACTOR MITSUBISHI MT-2501D\"}]},{\"@type\":\"WebSite\",\"@id\":\"https:\/\/sakaimaquinariasltda.cl\/#website\",\"url\":\"https:\/\/sakaimaquinariasltda.cl\/\",\"name\":\"Import. Export. Sakai Maquinarias Ltda\",\"description\":\"Empresa dedicada 100% a la importaci\u00f3n de tractores japoneses\",\"publisher\":{\"@id\":\"https:\/\/sakaimaquinariasltda.cl\/#organization\"},\"alternateName\":\"sakai\",\"potentialAction\":[{\"@type\":\"SearchAction\",\"target\":{\"@type\":\"EntryPoint\",\"urlTemplate\":\"https:\/\/sakaimaquinariasltda.cl\/?s={search_term_string}\"},\"query-input\":{\"@type\":\"PropertyValueSpecification\",\"valueRequired\":true,\"valueName\":\"search_term_string\"}}],\"inLanguage\":\"es\"},{\"@type\":\"Organization\",\"@id\":\"https:\/\/sakaimaquinariasltda.cl\/#organization\",\"name\":\"Import. Export. Sakai Maquinarias Ltda\",\"url\":\"https:\/\/sakaimaquinariasltda.cl\/\",\"logo\":{\"@type\":\"ImageObject\",\"inLanguage\":\"es\",\"@id\":\"https:\/\/sakaimaquinariasltda.cl\/#\/schema\/logo\/image\/\",\"url\":\"https:\/\/sakaimaquinariasltda.cl\/wp-content\/uploads\/2023\/02\/cropped-Pollone-1-1.jpg\",\"contentUrl\":\"https:\/\/sakaimaquinariasltda.cl\/wp-content\/uploads\/2023\/02\/cropped-Pollone-1-1.jpg\",\"width\":880,\"height\":210,\"caption\":\"Import. Export. Sakai Maquinarias Ltda\"},\"image\":{\"@id\":\"https:\/\/sakaimaquinariasltda.cl\/#\/schema\/logo\/image\/\"}}]}<\/script>\n<!-- \/ Yoast SEO plugin. -->","yoast_head_json":{"title":"TRACTOR MITSUBISHI MT-2501D - Import. Export. Sakai Maquinarias Ltda","robots":{"index":"index","follow":"follow","max-snippet":"max-snippet:-1","max-image-preview":"max-image-preview:large","max-video-preview":"max-video-preview:-1"},"canonical":"https:\/\/sakaimaquinariasltda.cl\/index.php\/producto\/tractor-mitsubishi-mt-2501d\/","og_locale":"es_ES","og_type":"article","og_title":"TRACTOR MITSUBISHI MT-2501D - Import. Export. Sakai Maquinarias Ltda","og_description":"Potencia: \u00a025 HP.  Motor:\u00a0Di\u00e9sel de cuatro cilindros con refrigeraci\u00f3n l\u00edquida.  Tracci\u00f3n:\u00a04 ruedas motrices (4x4).  Transmisi\u00f3n:\u00a012 velocidades hacia adelante (3 con s\u00faper bajo, bajo, medio, alto) y 4 velocidades hacia atr\u00e1s.  Cilindrada:\u00a01415 cc.  Combustible:\u00a0Di\u00e9sel.  Transmisi\u00f3n de toma de fuerza (PTO):\u00a0Cuatro velocidades.  Neum\u00e1ticos delanteros:\u00a07.00-14.  Opciones:\u00a0Puede equiparse con cargador hidr\u00e1ulico, herramienta para molido mec\u00e1nico y est\u00e1 preparado para acoplar implementos como retroexcavadoras, excavadoras de postes o discos.","og_url":"https:\/\/sakaimaquinariasltda.cl\/index.php\/producto\/tractor-mitsubishi-mt-2501d\/","og_site_name":"Import. Export. Sakai Maquinarias Ltda","og_image":[{"width":1280,"height":960,"url":"https:\/\/sakaimaquinariasltda.cl\/wp-content\/uploads\/2025\/09\/WhatsApp-Image-2025-09-26-at-5.06.54-PM.jpeg","type":"image\/jpeg"}],"twitter_card":"summary_large_image","twitter_misc":{"Tiempo de lectura":"1 minuto"},"schema":{"@context":"https:\/\/schema.org","@graph":[{"@type":"WebPage","@id":"https:\/\/sakaimaquinariasltda.cl\/index.php\/producto\/tractor-mitsubishi-mt-2501d\/","url":"https:\/\/sakaimaquinariasltda.cl\/index.php\/producto\/tractor-mitsubishi-mt-2501d\/","name":"TRACTOR MITSUBISHI MT-2501D - Import. Export. Sakai Maquinarias Ltda","isPartOf":{"@id":"https:\/\/sakaimaquinariasltda.cl\/#website"},"primaryImageOfPage":{"@id":"https:\/\/sakaimaquinariasltda.cl\/index.php\/producto\/tractor-mitsubishi-mt-2501d\/#primaryimage"},"image":{"@id":"https:\/\/sakaimaquinariasltda.cl\/index.php\/producto\/tractor-mitsubishi-mt-2501d\/#primaryimage"},"thumbnailUrl":"https:\/\/sakaimaquinariasltda.cl\/wp-content\/uploads\/2025\/09\/WhatsApp-Image-2025-09-26-at-5.06.54-PM.jpeg","datePublished":"2025-09-26T22:14:59+00:00","breadcrumb":{"@id":"https:\/\/sakaimaquinariasltda.cl\/index.php\/producto\/tractor-mitsubishi-mt-2501d\/#breadcrumb"},"inLanguage":"es","potentialAction":[{"@type":"ReadAction","target":["https:\/\/sakaimaquinariasltda.cl\/index.php\/producto\/tractor-mitsubishi-mt-2501d\/"]}]},{"@type":"ImageObject","inLanguage":"es","@id":"https:\/\/sakaimaquinariasltda.cl\/index.php\/producto\/tractor-mitsubishi-mt-2501d\/#primaryimage","url":"https:\/\/sakaimaquinariasltda.cl\/wp-content\/uploads\/2025\/09\/WhatsApp-Image-2025-09-26-at-5.06.54-PM.jpeg","contentUrl":"https:\/\/sakaimaquinariasltda.cl\/wp-content\/uploads\/2025\/09\/WhatsApp-Image-2025-09-26-at-5.06.54-PM.jpeg","width":1280,"height":960},{"@type":"BreadcrumbList","@id":"https:\/\/sakaimaquinariasltda.cl\/index.php\/producto\/tractor-mitsubishi-mt-2501d\/#breadcrumb","itemListElement":[{"@type":"ListItem","position":1,"name":"Portada","item":"https:\/\/sakaimaquinariasltda.cl\/"},{"@type":"ListItem","position":2,"name":"Tienda","item":"https:\/\/sakaimaquinariasltda.cl\/index.php\/tienda\/"},{"@type":"ListItem","position":3,"name":"TRACTOR MITSUBISHI MT-2501D"}]},{"@type":"WebSite","@id":"https:\/\/sakaimaquinariasltda.cl\/#website","url":"https:\/\/sakaimaquinariasltda.cl\/","name":"Import. Export. Sakai Maquinarias Ltda","description":"Empresa dedicada 100% a la importaci\u00f3n de tractores japoneses","publisher":{"@id":"https:\/\/sakaimaquinariasltda.cl\/#organization"},"alternateName":"sakai","potentialAction":[{"@type":"SearchAction","target":{"@type":"EntryPoint","urlTemplate":"https:\/\/sakaimaquinariasltda.cl\/?s={search_term_string}"},"query-input":{"@type":"PropertyValueSpecification","valueRequired":true,"valueName":"search_term_string"}}],"inLanguage":"es"},{"@type":"Organization","@id":"https:\/\/sakaimaquinariasltda.cl\/#organization","name":"Import. Export. Sakai Maquinarias Ltda","url":"https:\/\/sakaimaquinariasltda.cl\/","logo":{"@type":"ImageObject","inLanguage":"es","@id":"https:\/\/sakaimaquinariasltda.cl\/#\/schema\/logo\/image\/","url":"https:\/\/sakaimaquinariasltda.cl\/wp-content\/uploads\/2023\/02\/cropped-Pollone-1-1.jpg","contentUrl":"https:\/\/sakaimaquinariasltda.cl\/wp-content\/uploads\/2023\/02\/cropped-Pollone-1-1.jpg","width":880,"height":210,"caption":"Import. Export. Sakai Maquinarias Ltda"},"image":{"@id":"https:\/\/sakaimaquinariasltda.cl\/#\/schema\/logo\/image\/"}}]}},"_links":{"self":[{"href":"https:\/\/sakaimaquinariasltda.cl\/index.php\/wp-json\/wp\/v2\/product\/1796","targetHints":{"allow":["GET"]}}],"collection":[{"href":"https:\/\/sakaimaquinariasltda.cl\/index.php\/wp-json\/wp\/v2\/product"}],"about":[{"href":"https:\/\/sakaimaquinariasltda.cl\/index.php\/wp-json\/wp\/v2\/types\/product"}],"wp:featuredmedia":[{"embeddable":true,"href":"https:\/\/sakaimaquinariasltda.cl\/index.php\/wp-json\/wp\/v2\/media\/1736"}],"wp:attachment":[{"href":"https:\/\/sakaimaquinariasltda.cl\/index.php\/wp-json\/wp\/v2\/media?parent=1796"}],"wp:term":[{"taxonomy":"product_brand","embeddable":true,"href":"https:\/\/sakaimaquinariasltda.cl\/index.php\/wp-json\/wp\/v2\/product_brand?post=1796"},{"taxonomy":"product_cat","embeddable":true,"href":"https:\/\/sakaimaquinariasltda.cl\/index.php\/wp-json\/wp\/v2\/product_cat?post=1796"},{"taxonomy":"product_tag","embeddable":true,"href":"https:\/\/sakaimaquinariasltda.cl\/index.php\/wp-json\/wp\/v2\/product_tag?post=1796"}],"curies":[{"name":"wp","href":"https:\/\/api.w.org\/{rel}","templated":true}]}}